{"id":104,"date":"2016-12-12T18:20:41","date_gmt":"2016-12-12T17:20:41","guid":{"rendered":"http:\/\/deep-darkness.org\/wpdeepdarkness\/?page_id=104"},"modified":"2025-06-05T11:01:56","modified_gmt":"2025-06-05T09:01:56","slug":"maginotlinie","status":"publish","type":"page","link":"https:\/\/deep-darkness.org\/wpdeepdarkness\/maginotlinie\/","title":{"rendered":"Die Maginotlinie"},"content":{"rendered":"<p style=\"text-align: justify;\">Die Maginotlinie, benannt nach Andr\u00e9 Maginot (1877-1932), der bereits 1915 an den K\u00e4mpfen um Elsas Lothringen teilnahm, erstreckt sich von Basel bis Sedan \u00fcber eine Distanz von 314Km entlang der franz\u00f6sischen Grenze. 1932\/1933 begann der Ausbau dieses Festungsbollwerkes mit seinen Vorpostenketten, Gro\u00dfunterst\u00e4nden, Hauptverteidigungslinien, Artilleriewerken und Kasernen. 1939 galt es dann als einsatzbereit.<\/p>\n<figure id=\"attachment_105\" aria-describedby=\"caption-attachment-105\" style=\"width: 120px\" class=\"wp-caption alignright\"><img loading=\"lazy\" decoding=\"async\" class=\"wp-image-105 size-full\" src=\"http:\/\/deep-darkness.org\/wpdeepdarkness\/wp-content\/uploads\/2016\/12\/andremaginot.jpg\" width=\"120\" height=\"186\"><figcaption id=\"caption-attachment-105\" class=\"wp-caption-text\">Andre Maginot<\/figcaption><\/figure>\n<p style=\"text-align: justify;\">Ebenso wie die gegnerische deutsche Siegfriedlinie (der Westwall) galt die franz\u00f6sische Maginotlinie als uneinnehmbar. Ein milit\u00e4rischer Mythos von Un\u00fcberwindbarkeit entstand f\u00e4lschlicherweise in den K\u00f6pfen der Franzosen. Die defensiv ausgerichtete Maginotlinie ist nach heutigem Wissen als eines der nutzlosesten milit\u00e4rischen Bauwerke der damaligen Zeit anzusehen! Strategisch war die so hoch gepriesene Verteidigungslinie Frankreichs absolut unsinnig.<\/p>\n<p style=\"text-align: justify;\">W\u00e4hrend der Deutschen Westoffensive 1940 spielte die Maginotlinie eine eher untergeordnete Rolle. Mehrt\u00e4gige Gefechte wie um das Werk Simersdorf oder La Fert\u00e9 bildeten die Ausnahmen. So ergaben sich auf Befehl der franz\u00f6sischen Regierung die Besatzungen des Befestigungsg\u00fcrtels meist unangetastet und kampflos! Manche der Werksbesatzungen verweigerten die Kapitulation und ergaben sich erst Wochen nach dem offiziell ausgehandelten Waffenstillstand, immer noch ohne einen Schuss aus ihren Haubitzen und M\u00f6rsern abgefeuert zu haben!<\/p>\n<p style=\"text-align: justify;\">Nach der endg\u00fcltigen Kapitulation besetzte die Wehrmacht die Linie.<\/p>\n<p style=\"text-align: justify;\">Etliche Werke wurden noch lange nach Kriegsende von der franz\u00f6sischen Armee genutzt. Heute sind bzw. werden einige Artilleriewerke, wie z.B. Fermont, Schoenenbourg, Hackenberg, Four \u00e0 Chaux, Michelsberg, Galgenberg zu Museen umgebaut, um sie der breiten \u00d6ffentlichkeit zug\u00e4nglich zu machen.<\/p>\n","protected":false},"excerpt":{"rendered":"<p>Die Maginotlinie, benannt nach Andr\u00e9 Maginot (1877-1932), der bereits 1915 an den K\u00e4mpfen um Elsas Lothringen teilnahm, erstreckt sich von Basel bis Sedan \u00fcber eine Distanz von 314Km entlang der franz\u00f6sischen Grenze. 1932\/1933 begann der Ausbau dieses Festungsbollwerkes mit seinen Vorpostenketten, Gro\u00dfunterst\u00e4nden, Hauptverteidigungslinien, Artilleriewerken und Kasernen. 1939 galt es dann als einsatzbereit. Ebenso wie die [&hellip;]<\/p>\n","protected":false},"author":2,"featured_media":0,"parent":0,"menu_order":0,"comment_status":"closed","ping_status":"closed","template":"template-page-no-title.php","meta":{"ngg_post_thumbnail":0,"footnotes":""},"class_list":["post-104","page","type-page","status-publish","hentry"],"_links":{"self":[{"href":"https:\/\/deep-darkness.org\/wpdeepdarkness\/wp-json\/wp\/v2\/pages\/104","targetHints":{"allow":["GET"]}}],"collection":[{"href":"https:\/\/deep-darkness.org\/wpdeepdarkness\/wp-json\/wp\/v2\/pages"}],"about":[{"href":"https:\/\/deep-darkness.org\/wpdeepdarkness\/wp-json\/wp\/v2\/types\/page"}],"author":[{"embeddable":true,"href":"https:\/\/deep-darkness.org\/wpdeepdarkness\/wp-json\/wp\/v2\/users\/2"}],"replies":[{"embeddable":true,"href":"https:\/\/deep-darkness.org\/wpdeepdarkness\/wp-json\/wp\/v2\/comments?post=104"}],"version-history":[{"count":5,"href":"https:\/\/deep-darkness.org\/wpdeepdarkness\/wp-json\/wp\/v2\/pages\/104\/revisions"}],"predecessor-version":[{"id":1564,"href":"https:\/\/deep-darkness.org\/wpdeepdarkness\/wp-json\/wp\/v2\/pages\/104\/revisions\/1564"}],"wp:attachment":[{"href":"https:\/\/deep-darkness.org\/wpdeepdarkness\/wp-json\/wp\/v2\/media?parent=104"}],"curies":[{"name":"wp","href":"https:\/\/api.w.org\/{rel}","templated":true}]}}