{"id":1079,"date":"2018-02-09T17:04:12","date_gmt":"2018-02-09T16:04:12","guid":{"rendered":"http:\/\/deep-darkness.org\/wpdeepdarkness\/?page_id=1079"},"modified":"2025-06-06T11:15:34","modified_gmt":"2025-06-06T09:15:34","slug":"raf-hospital-moenchengladbach","status":"publish","type":"page","link":"https:\/\/deep-darkness.org\/wpdeepdarkness\/raf-hospital-moenchengladbach\/","title":{"rendered":"RAF Hospital M\u00f6nchengladbach"},"content":{"rendered":"<h1><span style=\"color: #ff9900;\">Royal Airforce Hospital<\/span><\/h1>\n<p>&nbsp;<\/p>\n<p style=\"text-align: justify;\">Das ehemalige Royal Airforce Hospital wurde am 16. November 1953 nach nur 111 Tagen Bauzeit in Wegeberg er\u00f6ffnet. Es diente u. a. britischen Milit\u00e4rangeh\u00f6rgen des in der N\u00e4he gelegenen JHQ Rheindahlen.<\/p>\n<p style=\"text-align: justify;\">Konstruktiv besteht das Milit\u00e4rkrankenhaus aus einem inneren U-f\u00f6rmigen Ring einst\u00f6ckiger administrativ genutzter Geb\u00e4uden und einem weiteren \u00e4u\u00dferen Ring mit zweigeschossigen Geb\u00e4uden, in denen die verschiedenen Stationen untergebracht waren. Verbunden waren die Komplexe durch Speicheng\u00e4nge.<\/p>\n<p style=\"text-align: justify;\">Das Leistungsspektrum des Hospitals umfasste neben allgemeinmedizinischen Bereichen eine Entbindungsstation und Intensivpflegeeinheiten. Eine psychiatrische Abteilung war ebenfalls vorhanden, jedoch abgetrennt vom Hauptgeb\u00e4ude.<\/p>\n<p style=\"text-align: justify;\">Nach einem schweren Brand im September 1987 wurde die Dachkonstruktion zum Teil schwer besch\u00e4digt. Bereits 1984 wurde die angeschlossene Pflegeschule geschlossen. Im weiteren Verlauf wurde im Jahre 1992 die Kinder- und Spezialpflegeabteilung geschlossen, 1993 folgten die Chirugie und Entbindungsstation. Nach 43 Jahren im Dienst wurde das Krankenhaus geschlossen. Ab 1996 verblieb eine kleine psychiatrische Abteilung auf dem Gel\u00e4nde. Von 1999 bis 2010 wurde auch das Hauptquartier des britischen Heeres Deutschland Health Services (HQ BFGHS) beherbergt.<\/p>\n<p style=\"text-align: justify;\">Auf dem Territorium befanden sich ferner Bedienstetenwohneinheiten, Unterbringungen f\u00fcr Angeh\u00f6rige, Gesch\u00e4fte, ein eigenes Kraftwerk und vieles mehr.<\/p>\n<p style=\"text-align: justify;\">Heute ist der gesamte Komplex leider von sinnlosem Vandalismus und Zerst\u00f6rung gepr\u00e4gt. Mehrere schwere Br\u00e4nde in der j\u00fcngsten Vergangenheit haben dazu beigetragen, dass der einstige Glanz vollkommen erloschen ist.<\/p>\n<p style=\"text-align: justify;\">Viel zu sehen gibt es wahrlich nicht mehr. Einige Motive konnten wir dennoch festhalten.<\/p>\n<p>&nbsp;<\/p>\nngg_shortcode_0_placeholder\n","protected":false},"excerpt":{"rendered":"<p>Royal Airforce Hospital &nbsp; Das ehemalige Royal Airforce Hospital wurde am 16. November 1953 nach nur 111 Tagen Bauzeit in Wegeberg er\u00f6ffnet. Es diente u. a. britischen Milit\u00e4rangeh\u00f6rgen des in der N\u00e4he gelegenen JHQ Rheindahlen. Konstruktiv besteht das Milit\u00e4rkrankenhaus aus einem inneren U-f\u00f6rmigen Ring einst\u00f6ckiger administrativ genutzter Geb\u00e4uden und einem weiteren \u00e4u\u00dferen Ring mit zweigeschossigen [&hellip;]<\/p>\n","protected":false},"author":2,"featured_media":0,"parent":0,"menu_order":0,"comment_status":"closed","ping_status":"closed","template":"template-page-no-title.php","meta":{"ngg_post_thumbnail":0,"footnotes":""},"class_list":["post-1079","page","type-page","status-publish","hentry"],"_links":{"self":[{"href":"https:\/\/deep-darkness.org\/wpdeepdarkness\/wp-json\/wp\/v2\/pages\/1079","targetHints":{"allow":["GET"]}}],"collection":[{"href":"https:\/\/deep-darkness.org\/wpdeepdarkness\/wp-json\/wp\/v2\/pages"}],"about":[{"href":"https:\/\/deep-darkness.org\/wpdeepdarkness\/wp-json\/wp\/v2\/types\/page"}],"author":[{"embeddable":true,"href":"https:\/\/deep-darkness.org\/wpdeepdarkness\/wp-json\/wp\/v2\/users\/2"}],"replies":[{"embeddable":true,"href":"https:\/\/deep-darkness.org\/wpdeepdarkness\/wp-json\/wp\/v2\/comments?post=1079"}],"version-history":[{"count":6,"href":"https:\/\/deep-darkness.org\/wpdeepdarkness\/wp-json\/wp\/v2\/pages\/1079\/revisions"}],"predecessor-version":[{"id":1635,"href":"https:\/\/deep-darkness.org\/wpdeepdarkness\/wp-json\/wp\/v2\/pages\/1079\/revisions\/1635"}],"wp:attachment":[{"href":"https:\/\/deep-darkness.org\/wpdeepdarkness\/wp-json\/wp\/v2\/media?parent=1079"}],"curies":[{"name":"wp","href":"https:\/\/api.w.org\/{rel}","templated":true}]}}