{"id":1180,"date":"2018-04-04T18:09:48","date_gmt":"2018-04-04T16:09:48","guid":{"rendered":"http:\/\/deep-darkness.org\/wpdeepdarkness\/?page_id=1180"},"modified":"2025-06-06T11:16:51","modified_gmt":"2025-06-06T09:16:51","slug":"1180-2","status":"publish","type":"page","link":"https:\/\/deep-darkness.org\/wpdeepdarkness\/1180-2\/","title":{"rendered":"Victoria Barracks"},"content":{"rendered":"<h1><span style=\"color: #ff9900;\">Victoria Barracks<\/span><\/h1>\n<p>&nbsp;<\/p>\n<p style=\"text-align: justify;\">Die als Victoria Barracks bekannte Anlage ist genau genommen ein Verbund aus Fort Victoria und Ford Louis im der N\u00e4he von Werl.<\/p>\n<p style=\"text-align: justify;\">Sie dienten von 1953 bis 1970 zur Unterkunft lediger Milit\u00e4rangeh\u00f6riger der kanadischen Streitkr\u00e4fte. Neben den Mannschaftsunterk\u00fcnften befanden sich auf dem Gel\u00e4nde zwei Kirchen, ein eigenes Kraftwerk, etliche Fahrzeuginstandsetzungshallen und zur Unterhaltung der stationierten Truppen auch ein Kino, ein Theater und Sporthallen.<\/p>\n<p style=\"text-align: justify;\">Von 1956 bis 1970 ging auf dem Territorium auch der erst kanadische Milit\u00e4rradiosenter CAE (Radio Canada Arm Europe) auf Sendung. Der Unterhaltungssender erreichte die Soldaten in einem Radius von 60 Kilometern.<\/p>\n<p style=\"text-align: justify;\">Von 1970 an \u00fcbergaben die kanadischen Truppen den Standort an die britische Rheinarmee, welche die Victoria Barracks 1994 endg\u00fcltig verlie\u00dfen.<\/p>\n<p style=\"text-align: justify;\">Seither sind die Geb\u00e4ude und das Gel\u00e4nde sich selbst \u00fcberlassen und verfallen.<\/p>\n<p style=\"text-align: justify;\">Der \u00fcbliche sinnlose Vandalismus tut das seinige dazu, dass viele sch\u00f6ne Fotomotive den Weg auf die Speicherkarte nicht mehr schaffen.<\/p>\n<p>&nbsp;<\/p>\nngg_shortcode_0_placeholder\n","protected":false},"excerpt":{"rendered":"<p>Victoria Barracks &nbsp; Die als Victoria Barracks bekannte Anlage ist genau genommen ein Verbund aus Fort Victoria und Ford Louis im der N\u00e4he von Werl. Sie dienten von 1953 bis 1970 zur Unterkunft lediger Milit\u00e4rangeh\u00f6riger der kanadischen Streitkr\u00e4fte. Neben den Mannschaftsunterk\u00fcnften befanden sich auf dem Gel\u00e4nde zwei Kirchen, ein eigenes Kraftwerk, etliche Fahrzeuginstandsetzungshallen und zur [&hellip;]<\/p>\n","protected":false},"author":2,"featured_media":0,"parent":0,"menu_order":0,"comment_status":"closed","ping_status":"closed","template":"template-page-no-title.php","meta":{"ngg_post_thumbnail":0,"footnotes":""},"class_list":["post-1180","page","type-page","status-publish","hentry"],"_links":{"self":[{"href":"https:\/\/deep-darkness.org\/wpdeepdarkness\/wp-json\/wp\/v2\/pages\/1180","targetHints":{"allow":["GET"]}}],"collection":[{"href":"https:\/\/deep-darkness.org\/wpdeepdarkness\/wp-json\/wp\/v2\/pages"}],"about":[{"href":"https:\/\/deep-darkness.org\/wpdeepdarkness\/wp-json\/wp\/v2\/types\/page"}],"author":[{"embeddable":true,"href":"https:\/\/deep-darkness.org\/wpdeepdarkness\/wp-json\/wp\/v2\/users\/2"}],"replies":[{"embeddable":true,"href":"https:\/\/deep-darkness.org\/wpdeepdarkness\/wp-json\/wp\/v2\/comments?post=1180"}],"version-history":[{"count":7,"href":"https:\/\/deep-darkness.org\/wpdeepdarkness\/wp-json\/wp\/v2\/pages\/1180\/revisions"}],"predecessor-version":[{"id":1636,"href":"https:\/\/deep-darkness.org\/wpdeepdarkness\/wp-json\/wp\/v2\/pages\/1180\/revisions\/1636"}],"wp:attachment":[{"href":"https:\/\/deep-darkness.org\/wpdeepdarkness\/wp-json\/wp\/v2\/media?parent=1180"}],"curies":[{"name":"wp","href":"https:\/\/api.w.org\/{rel}","templated":true}]}}