{"id":1356,"date":"2023-01-18T18:13:47","date_gmt":"2023-01-18T17:13:47","guid":{"rendered":"http:\/\/deep-darkness.org\/wpdeepdarkness\/?page_id=1356"},"modified":"2025-07-15T10:01:48","modified_gmt":"2025-07-15T08:01:48","slug":"kontaktformular","status":"publish","type":"page","link":"https:\/\/deep-darkness.org\/wpdeepdarkness\/kontaktformular\/","title":{"rendered":"Impressum &#038; Kontakt"},"content":{"rendered":"\n<h1><span style=\"color: #ff9900;\">Impressum und Kontakt<\/span><\/h1>\n<p>&nbsp;<\/p>\n<p>Diese Seite ist rein privat ohne jegliche kommerzielle Interessen, daher ist sie nach Paragraph 5 TMG und Paragraph 55 RStV von der Impressumspflicht ausgenommen. Wer mit uns Kontakt aufnehmen m\u00f6chte kann das hier machen. Sollten Sie der Meinung sein, das Teile des hier gezeigten Inhalts Sie in irgendwie beeintr\u00e4chtigen k\u00f6nnten, k\u00f6nnen Sie gerne mit uns Kontakt auf nehmen.<\/p>\n<p>Wir stellen hier nur unsere privaten Exkursionen dem interessiertem Besucher vor. Wir teilen nur unsere privaten Erfahrungen und Gedanken dem geneigten Besucher mit. Wir werben f\u00fcr nichts, verkaufen nichts und verdienen mit dieser Webseite kein Geld, es gibt auf dieser Webseite keine Werbeeinbindungen.&nbsp; Ebenfalls gibt es keine Cloud-Dienste in Verbindung mit dieser Webseite.<\/p>\n<p>Wenn Sie uns hier nun per Kontaktformular Anfragen zukommen lassen, werden Ihre Angaben aus dem Anfrageformular inklusive der von Ihnen dort angegebenen Kontaktdaten zwecks Bearbeitung der Anfrage und f\u00fcr den Fall von Anschlussfragen bei uns gespeichert. Diese Daten geben wir nicht ohne Ihre Einwilligung weiter.<\/p>\n<p>Wir versuchen kurzfristig zu antworten. Anfragen nach Adressen, der von uns vorgestellten Objekte, werden nicht beantwortet.<\/p>\n<p>Gr\u00fc\u00dfe<\/p>\n<p>Marc &amp; Michael<\/p>\n<p>&nbsp;<\/p>\n<p>[contact-form-7 id=&#8220;1355&#8243; title=&#8220;Kontaktformular 1&#8243;]<\/p>\n","protected":false},"excerpt":{"rendered":"<p>Impressum und Kontakt &nbsp; Diese Seite ist rein privat ohne jegliche kommerzielle Interessen, daher ist sie nach Paragraph 5 TMG und Paragraph 55 RStV von der Impressumspflicht ausgenommen. Wer mit uns Kontakt aufnehmen m\u00f6chte kann das hier machen. Sollten Sie der Meinung sein, das Teile des hier gezeigten Inhalts Sie in irgendwie beeintr\u00e4chtigen k\u00f6nnten, k\u00f6nnen [&hellip;]<\/p>\n","protected":false},"author":2,"featured_media":0,"parent":0,"menu_order":0,"comment_status":"closed","ping_status":"closed","template":"","meta":{"ngg_post_thumbnail":0,"footnotes":""},"class_list":["post-1356","page","type-page","status-publish","hentry"],"_links":{"self":[{"href":"https:\/\/deep-darkness.org\/wpdeepdarkness\/wp-json\/wp\/v2\/pages\/1356","targetHints":{"allow":["GET"]}}],"collection":[{"href":"https:\/\/deep-darkness.org\/wpdeepdarkness\/wp-json\/wp\/v2\/pages"}],"about":[{"href":"https:\/\/deep-darkness.org\/wpdeepdarkness\/wp-json\/wp\/v2\/types\/page"}],"author":[{"embeddable":true,"href":"https:\/\/deep-darkness.org\/wpdeepdarkness\/wp-json\/wp\/v2\/users\/2"}],"replies":[{"embeddable":true,"href":"https:\/\/deep-darkness.org\/wpdeepdarkness\/wp-json\/wp\/v2\/comments?post=1356"}],"version-history":[{"count":13,"href":"https:\/\/deep-darkness.org\/wpdeepdarkness\/wp-json\/wp\/v2\/pages\/1356\/revisions"}],"predecessor-version":[{"id":3072,"href":"https:\/\/deep-darkness.org\/wpdeepdarkness\/wp-json\/wp\/v2\/pages\/1356\/revisions\/3072"}],"wp:attachment":[{"href":"https:\/\/deep-darkness.org\/wpdeepdarkness\/wp-json\/wp\/v2\/media?parent=1356"}],"curies":[{"name":"wp","href":"https:\/\/api.w.org\/{rel}","templated":true}]}}