{"id":1486,"date":"2025-01-08T19:51:36","date_gmt":"2025-01-08T18:51:36","guid":{"rendered":"http:\/\/deep-darkness.org\/wpdeepdarkness\/?page_id=1486"},"modified":"2025-01-08T19:51:37","modified_gmt":"2025-01-08T18:51:37","slug":"knappschaftsheilstaette-suelzhayn","status":"publish","type":"page","link":"https:\/\/deep-darkness.org\/wpdeepdarkness\/knappschaftsheilstaette-suelzhayn\/","title":{"rendered":"Knappschaftsheilst\u00e4tte S\u00fclzhayn"},"content":{"rendered":"\n<p>Die Knappschafts-Heilst\u00e4tte wurde am Steierberg in S\u00fclzhayn, heute Ortsteil von Ellrich, betrieben. Bauherr war die Norddeutsche Knappschafts-Pensionskasse zu Halle\/Saale, Architekt war Gustav Hasse.<\/p>\n<p>Die Bauzeit dauerte von 1896 bis 1898. Sanit\u00e4tsrat Emil Kremser wurde zum leitenden Arzt berufen. Die Er\u00f6ffnung mit Aufnahme der ersten Patienten fand am 17. Januar 1898 statt, die Einweihung war am 15. Oktober 1898.<\/p>\n<p>Zu den Patienten z\u00e4hlten Bergleute. In Kriegszeiten diente die Einrichtung auch als Lazarett. In der Nachkriegszeit wurde das Haus durch die russische Armee genutzt. Danach diente es wieder der Behandlung von Lungenkranken, deren Zahl nach dem Zweiten Weltkrieg wieder stark angestiegen war.<\/p>\n<p>Ende der 1960er Jahre wurde das Haus, sicher aufgrund seiner N\u00e4he zur Innerdeutschen Grenze zu einem Reha Zentrum f\u00fcr Querschnittgel\u00e4hmte. Nach der Wende wurde das Haus weiterhin als Krankenhaus f\u00fcr Querschnittgel\u00e4hmte verwendet, entsprach aber bei weitem nicht den westlichen Ausstattungsstandards. Als Ersatz wurde in S\u00fclzhayn eine neue Klinik errichtet.<\/p>\n<p>Die Schlie\u00dfung des alten Geb\u00e4udes erfolgte am 15. M\u00e4rz 1997. Die ehemalige Knappschafts-Heilst\u00e4tte steht seither leer und ist dem Verfall preisgegeben. Investoren f\u00fcr eine Nachnutzung fanden sich bisher nicht.<\/p>\n<p>Neben dem gro\u00dfen Bau entstand das Sanatorium Dr. Kremser. Der Bauherr war die Norddeutsche Knappschafts-Pensionskasse zu Halle\/Saale, Architekt war Gustav Hasse. Die Bauzeit dauerte von 1896 bis 1897. Sanit\u00e4tsrat Emil Kremser wurde auch hier zum leitenden Arzt berufen. Die provisorische Er\u00f6ffnung fand am 17. Januar 1898 statt, die Konzession wurde am 17. Mai 1899 erteilt. Es verf\u00fcgte \u00fcber zehn Betten. Zu den Patienten z\u00e4hlte Jacobus Henricus van \u2019t Hoff. 1918 wurde die Einrichtung geschlossen. Das Objekt wurde f\u00fcr die Unterbringung von Heilst\u00e4tten- bzw. Klinikpersonal umgebaut und blieb bis 1997 genutzt.<\/p>\n<p>Durch einen Sturm sind mehrere Geb\u00e4ude teilweise eingest\u00fcrzt. Im Jahr 2019 wurde das bauf\u00e4llige Geb\u00e4ude dann zum Teil abgerissen, ein anderer Geb\u00e4udeteil ist noch erhalten.<\/p>\n<p>&nbsp;<\/p>\n<p><iframe loading=\"lazy\" src=\"\/\/www.youtube.com\/embed\/clIiZH_kMa8\" width=\"1069\" height=\"600\" allowfullscreen=\"allowfullscreen\"><\/iframe><\/p>\n\n\n","protected":false},"excerpt":{"rendered":"<p>Die Knappschafts-Heilst\u00e4tte wurde am Steierberg in S\u00fclzhayn, heute Ortsteil von Ellrich, betrieben. Bauherr war die Norddeutsche Knappschafts-Pensionskasse zu Halle\/Saale, Architekt war Gustav Hasse. Die Bauzeit dauerte von 1896 bis 1898. Sanit\u00e4tsrat Emil Kremser wurde zum leitenden Arzt berufen. Die Er\u00f6ffnung mit Aufnahme der ersten Patienten fand am 17. Januar 1898 statt, die Einweihung war am [&hellip;]<\/p>\n","protected":false},"author":2,"featured_media":0,"parent":0,"menu_order":0,"comment_status":"closed","ping_status":"closed","template":"","meta":{"ngg_post_thumbnail":0,"footnotes":""},"class_list":["post-1486","page","type-page","status-publish","hentry"],"_links":{"self":[{"href":"https:\/\/deep-darkness.org\/wpdeepdarkness\/wp-json\/wp\/v2\/pages\/1486","targetHints":{"allow":["GET"]}}],"collection":[{"href":"https:\/\/deep-darkness.org\/wpdeepdarkness\/wp-json\/wp\/v2\/pages"}],"about":[{"href":"https:\/\/deep-darkness.org\/wpdeepdarkness\/wp-json\/wp\/v2\/types\/page"}],"author":[{"embeddable":true,"href":"https:\/\/deep-darkness.org\/wpdeepdarkness\/wp-json\/wp\/v2\/users\/2"}],"replies":[{"embeddable":true,"href":"https:\/\/deep-darkness.org\/wpdeepdarkness\/wp-json\/wp\/v2\/comments?post=1486"}],"version-history":[{"count":1,"href":"https:\/\/deep-darkness.org\/wpdeepdarkness\/wp-json\/wp\/v2\/pages\/1486\/revisions"}],"predecessor-version":[{"id":1488,"href":"https:\/\/deep-darkness.org\/wpdeepdarkness\/wp-json\/wp\/v2\/pages\/1486\/revisions\/1488"}],"wp:attachment":[{"href":"https:\/\/deep-darkness.org\/wpdeepdarkness\/wp-json\/wp\/v2\/media?parent=1486"}],"curies":[{"name":"wp","href":"https:\/\/api.w.org\/{rel}","templated":true}]}}