{"id":257,"date":"2016-12-13T11:29:53","date_gmt":"2016-12-13T10:29:53","guid":{"rendered":"http:\/\/deep-darkness.org\/wpdeepdarkness\/?page_id=257"},"modified":"2025-06-05T11:02:12","modified_gmt":"2025-06-05T09:02:12","slug":"panzerdrehturm","status":"publish","type":"page","link":"https:\/\/deep-darkness.org\/wpdeepdarkness\/panzerdrehturm\/","title":{"rendered":"Panzerdrehturm"},"content":{"rendered":"<p style=\"text-align: justify;\">Auf dieser Seite wollen wir die Funktionsweise eines versenkbaren Panzerdrehturms erkl\u00e4ren, wie er \u00fcberall in den Werken der Maginotlinie eingebaut war und heute noch ist. Die Panzerdreht\u00fcrme waren knapp unter der Erdoberfl\u00e4che gelagert, einzig die Oberfl\u00e4che der Kuppel war aus der Luft zu erkennen. Die zum Abschu\u00df ben\u00f6tigten Granaten wurden \u00fcber das tief in der Erde gelegene Stollensystem in die einzelnen Kampfbl\u00f6cke geliefert und von dort mit einem Aufzug bis zum Turm geliefert. Leere Granath\u00fclsen wurden \u00fcber die, im Turm implementierte H\u00fclsenrutsche sofort nach unten in das tiefergelegene Stollensystem geleitet.<\/p>\n<p style=\"text-align: justify;\">Kam es nun zum Ernstfall wurde der Panzerdrehturm \u00fcber ein Hebewerk angehoben, soda\u00df ein Abschu\u00df der Granaten m\u00f6glich war!<\/p>\n<p style=\"text-align: justify;\">In einem verlassenen Werk der Maginotlinie haben wir einen Panzerdrehturm gefunden, der so gut erhalten ist, dass er sich noch Heben und Senken l\u00e4sst. Dar\u00fcber haben wir ein kleines Video gedreht, das wir hier vorstellen m\u00f6chten. Eine animierte Schnittzeichnung des Panzerdrehturmes findet sich weiter unten auf dieser Seite.<\/p>\n<p style=\"text-align: justify;\">&nbsp;<\/p>\n<p style=\"text-align: justify;\"><span style=\"color: #ff0000;\">EDIT 20.08.2012:<\/span><\/p>\n<p style=\"text-align: justify;\">Leider wurde die Mechanik des Turmes mittlerweile besch\u00e4digt. Er ist nun nicht mehr funktionsf\u00e4hig. Sehr schade&#8230;<\/p>\n<p style=\"text-align: justify;\">&nbsp;<\/p>\n<p><iframe loading=\"lazy\" src=\"https:\/\/www.youtube-nocookie.com\/embed\/o2AayQIo4YU\" width=\"854\" height=\"480\" frameborder=\"0\" allowfullscreen=\"allowfullscreen\"><\/iframe><\/p>\n<p style=\"text-align: center;\">&nbsp;<\/p>\n<p style=\"text-align: center;\">&nbsp;<\/p>\n<p style=\"text-align: center;\">Untenstehende Grafik zeigt animiert wie sich der Turm hebt<\/p>\n<p style=\"text-align: center;\"><img loading=\"lazy\" decoding=\"async\" class=\"size-full wp-image-258 aligncenter\" src=\"http:\/\/deep-darkness.org\/wpdeepdarkness\/wp-content\/uploads\/2016\/12\/panzerdrehturm.gif\" alt=\"\" width=\"624\" height=\"557\"><\/p>\n<p style=\"text-align: center;\"><span style=\"font-size: 8pt;\"><em>Quelle: WikiMedia.org &#8211; Autor: Association des Amis de la Ligne Maginot<\/em><\/span><br \/>\n<span style=\"font-size: 8pt;\"><a href=\"https:\/\/creativecommons.org\/licenses\/by-sa\/2.0\/fr\/deed.de\" target=\"_blank\" rel=\"noopener\"><span style=\"color: #ff9900;\"><em>Free under Creative Commons\/Attribution-ShareAlike 2.0 France<\/em> <\/span><\/a><\/span><\/p>\n","protected":false},"excerpt":{"rendered":"<p>Auf dieser Seite wollen wir die Funktionsweise eines versenkbaren Panzerdrehturms erkl\u00e4ren, wie er \u00fcberall in den Werken der Maginotlinie eingebaut war und heute noch ist. Die Panzerdreht\u00fcrme waren knapp unter der Erdoberfl\u00e4che gelagert, einzig die Oberfl\u00e4che der Kuppel war aus der Luft zu erkennen. Die zum Abschu\u00df ben\u00f6tigten Granaten wurden \u00fcber das tief in der [&hellip;]<\/p>\n","protected":false},"author":2,"featured_media":0,"parent":0,"menu_order":0,"comment_status":"closed","ping_status":"closed","template":"template-page-no-title.php","meta":{"ngg_post_thumbnail":0,"footnotes":""},"class_list":["post-257","page","type-page","status-publish","hentry"],"_links":{"self":[{"href":"https:\/\/deep-darkness.org\/wpdeepdarkness\/wp-json\/wp\/v2\/pages\/257","targetHints":{"allow":["GET"]}}],"collection":[{"href":"https:\/\/deep-darkness.org\/wpdeepdarkness\/wp-json\/wp\/v2\/pages"}],"about":[{"href":"https:\/\/deep-darkness.org\/wpdeepdarkness\/wp-json\/wp\/v2\/types\/page"}],"author":[{"embeddable":true,"href":"https:\/\/deep-darkness.org\/wpdeepdarkness\/wp-json\/wp\/v2\/users\/2"}],"replies":[{"embeddable":true,"href":"https:\/\/deep-darkness.org\/wpdeepdarkness\/wp-json\/wp\/v2\/comments?post=257"}],"version-history":[{"count":7,"href":"https:\/\/deep-darkness.org\/wpdeepdarkness\/wp-json\/wp\/v2\/pages\/257\/revisions"}],"predecessor-version":[{"id":1565,"href":"https:\/\/deep-darkness.org\/wpdeepdarkness\/wp-json\/wp\/v2\/pages\/257\/revisions\/1565"}],"wp:attachment":[{"href":"https:\/\/deep-darkness.org\/wpdeepdarkness\/wp-json\/wp\/v2\/media?parent=257"}],"curies":[{"name":"wp","href":"https:\/\/api.w.org\/{rel}","templated":true}]}}