{"id":276,"date":"2016-12-13T12:37:04","date_gmt":"2016-12-13T11:37:04","guid":{"rendered":"http:\/\/deep-darkness.org\/wpdeepdarkness\/?page_id=276"},"modified":"2025-06-06T17:34:04","modified_gmt":"2025-06-06T15:34:04","slug":"artilleriewerk-brehain-a6","status":"publish","type":"page","link":"https:\/\/deep-darkness.org\/wpdeepdarkness\/artilleriewerk-brehain-a6\/","title":{"rendered":"Artilleriewerk Br\u00e9hain (Gros Ouvrage A6)"},"content":{"rendered":"<h1 style=\"text-align: justify;\"><span style=\"color: #ff9900;\">Artilleriewerk Br\u00e9hain (Gros Ouvrage A6)<\/span><\/h1>\n<p style=\"text-align: justify;\">&nbsp;<\/p>\n<p style=\"text-align: justify;\">Das Artilleriewerk Br\u00e9hain liegt 12 km s\u00fcd\u00f6stlich der Stadt Longwy. Es geh\u00f6rt zu den zehn gr\u00f6\u00dften der Maginotlinie. Hauptmann Vannier kommandierte hier 637 Mann des 128. und des 152. RAP. Das Werk verf\u00fcgte \u00fcber zwei Eingangsbunker f\u00fcr Munition und Mannschaft und acht Kampfbunker. Vier davon waren mit Artilleriebewaffnung ausgestattet, drei mit Infanteriebewaffnung. Bunker drei war ein reiner Beobachter. Eine Besonderheit von Br\u00e9hain ist, dass alle Waffen der Kampfabteilungen aus T\u00fcrmen schossen. Kasematten findet man nicht.<\/p>\n<p style=\"text-align: justify;\">Zu Kampfhandlungen kam es im Mai und Juni des Jahres 1940. Die vor der Linie liegende Stadt Longwy wurde mit 24.000 Granaten beschossen. Am 27.Juni 1940 ergab sich die Mannschaft den Deutschen, zwei Tage nach dem Waffenstillstand, jedoch vor dem offiziellen R\u00e4umungsbefehl des franz\u00f6sischen Oberkommandos.<\/p>\n<p style=\"text-align: justify;\">Die unterirdischen Galerien und Verbindungsstollen sind sehr lang. Zwischen den Eingangsbunkern und den Kampfabteilungen liegt eine Distanz von 1400 m. Nach dem Krieg wurde das Werk weiter von der Armee zu wissenschaftlichen Versuchszwecken genutzt. Bis 1986 war es kampff\u00e4hig und einsatzbereit. Danach wurde verschiedenen Festungsvereinen erlaubt Material zu bergen. Seit Mitte des Jahres 2008 sind die Eingangsbunker \u00fcbererdet, verschwei\u00dft und vermauert. Eine Erlaubnis zur Befahrung des Werkes erteilen die Pioniereinheiten in Nancy nicht mehr. In der Vergangenheit war dies anders. Dadurch k\u00f6nnen wir leider keine Bilder vom Inneren des Werkes pr\u00e4sentieren.<\/p>\n<p style=\"text-align: justify;\">&nbsp;<\/p>\n<p style=\"text-align: justify;\"><img loading=\"lazy\" decoding=\"async\" class=\"size-full wp-image-280 aligncenter\" src=\"http:\/\/deep-darkness.org\/wpdeepdarkness\/wp-content\/uploads\/2016\/12\/weg_brehain.jpg\" alt=\"\" width=\"450\" height=\"600\" srcset=\"https:\/\/deep-darkness.org\/wpdeepdarkness\/wp-content\/uploads\/2016\/12\/weg_brehain.jpg 450w, https:\/\/deep-darkness.org\/wpdeepdarkness\/wp-content\/uploads\/2016\/12\/weg_brehain-225x300.jpg 225w\" sizes=\"auto, (max-width: 450px) 100vw, 450px\" \/><\/p>\n<p style=\"text-align: center;\">Auf dem Weg nach Brehain<\/p>\n<p style=\"text-align: justify;\">&nbsp;<\/p>\nngg_shortcode_0_placeholder\n","protected":false},"excerpt":{"rendered":"<p>Artilleriewerk Br\u00e9hain (Gros Ouvrage A6) &nbsp; Das Artilleriewerk Br\u00e9hain liegt 12 km s\u00fcd\u00f6stlich der Stadt Longwy. Es geh\u00f6rt zu den zehn gr\u00f6\u00dften der Maginotlinie. Hauptmann Vannier kommandierte hier 637 Mann des 128. und des 152. RAP. Das Werk verf\u00fcgte \u00fcber zwei Eingangsbunker f\u00fcr Munition und Mannschaft und acht Kampfbunker. Vier davon waren mit Artilleriebewaffnung ausgestattet, [&hellip;]<\/p>\n","protected":false},"author":2,"featured_media":0,"parent":0,"menu_order":0,"comment_status":"closed","ping_status":"closed","template":"template-page-no-title.php","meta":{"ngg_post_thumbnail":0,"footnotes":""},"class_list":["post-276","page","type-page","status-publish","hentry"],"_links":{"self":[{"href":"https:\/\/deep-darkness.org\/wpdeepdarkness\/wp-json\/wp\/v2\/pages\/276","targetHints":{"allow":["GET"]}}],"collection":[{"href":"https:\/\/deep-darkness.org\/wpdeepdarkness\/wp-json\/wp\/v2\/pages"}],"about":[{"href":"https:\/\/deep-darkness.org\/wpdeepdarkness\/wp-json\/wp\/v2\/types\/page"}],"author":[{"embeddable":true,"href":"https:\/\/deep-darkness.org\/wpdeepdarkness\/wp-json\/wp\/v2\/users\/2"}],"replies":[{"embeddable":true,"href":"https:\/\/deep-darkness.org\/wpdeepdarkness\/wp-json\/wp\/v2\/comments?post=276"}],"version-history":[{"count":5,"href":"https:\/\/deep-darkness.org\/wpdeepdarkness\/wp-json\/wp\/v2\/pages\/276\/revisions"}],"predecessor-version":[{"id":2181,"href":"https:\/\/deep-darkness.org\/wpdeepdarkness\/wp-json\/wp\/v2\/pages\/276\/revisions\/2181"}],"wp:attachment":[{"href":"https:\/\/deep-darkness.org\/wpdeepdarkness\/wp-json\/wp\/v2\/media?parent=276"}],"curies":[{"name":"wp","href":"https:\/\/api.w.org\/{rel}","templated":true}]}}