{"id":286,"date":"2016-12-13T13:03:55","date_gmt":"2016-12-13T12:03:55","guid":{"rendered":"http:\/\/deep-darkness.org\/wpdeepdarkness\/?page_id=286"},"modified":"2016-12-13T14:41:11","modified_gmt":"2016-12-13T13:41:11","slug":"abschnitt-thionville","status":"publish","type":"page","link":"https:\/\/deep-darkness.org\/wpdeepdarkness\/abschnitt-thionville\/","title":{"rendered":"Abschnitt Thionville"},"content":{"rendered":"<h1 style=\"text-align: justify;\"><span style=\"color: #ff9900;\">Abschnitt Thionville<br \/>\n<\/span><\/h1>\n<p>&nbsp;<\/p>\n<p><img loading=\"lazy\" decoding=\"async\" class=\"alignright size-full wp-image-287\" src=\"http:\/\/deep-darkness.org\/wpdeepdarkness\/wp-content\/uploads\/2016\/12\/region_thionville.jpg\" alt=\"\" width=\"400\" height=\"371\" srcset=\"https:\/\/deep-darkness.org\/wpdeepdarkness\/wp-content\/uploads\/2016\/12\/region_thionville.jpg 400w, https:\/\/deep-darkness.org\/wpdeepdarkness\/wp-content\/uploads\/2016\/12\/region_thionville-300x278.jpg 300w\" sizes=\"auto, (max-width: 400px) 100vw, 400px\" \/><\/p>\n<p>&nbsp;<\/p>\n<p style=\"text-align: justify;\">Der Festungsabschnitt Crusnes ist der erste der vier stark ausgebauten Abschnitte des Festungsgebietes von Metz. Auf einer L\u00e4nge von ungef\u00e4hr 30 Kilometern erstreckt dieser sich von Longuyon bis nord\u00f6stlich von Thionville.<\/p>\n<p style=\"text-align: justify;\">Neben den zahlreichen Kasematten und Beobachtungsbunkern geh\u00f6ren zu dem Sperrabschnitt drei Artilleriewerke, n\u00e4mlich Fermont (A2), Latiremont (A3) und Brehain (A6). Ferner verst\u00e4rkten die Infanteriewerke Ferme Chappy (A1), Mauvais Bois(A4), Bois du Four (A5) und Aumetz (A7) den Festungsabschnitt.<\/p>\n<p style=\"text-align: justify;\">&nbsp;<\/p>\n<p style=\"text-align: justify;\">&nbsp;<\/p>\n<p style=\"text-align: justify;\">&nbsp;<\/p>\n<p style=\"text-align: justify;\">&nbsp;<\/p>\n<p>Hier nun alle, von Deep Darkness besuchten Werke im Festungsabschnitt Saar. Zum Betrachten des Werkes bitte auf den Namen klicken.&nbsp;<\/p>\n<p><img loading=\"lazy\" decoding=\"async\" class=\"size-full wp-image-298 alignleft\" src=\"http:\/\/deep-darkness.org\/wpdeepdarkness\/wp-content\/uploads\/2016\/12\/abschnitt_molvange.jpg\" alt=\"\" width=\"120\" height=\"80\">&nbsp;&nbsp;&nbsp;<\/p>\n<p><a href=\"http:\/\/deep-darkness.org\/wpdeepdarkness\/artilleriewerk-molvange\/\"><span style=\"color: #ff9900;\">Artilleriewerk Molvange (A9)<\/span><\/a><\/p>\n<p>&nbsp;<\/p>\n<p><img loading=\"lazy\" decoding=\"async\" class=\"size-full wp-image-299 alignleft\" src=\"http:\/\/deep-darkness.org\/wpdeepdarkness\/wp-content\/uploads\/2016\/12\/abschnitt_soetrich.jpg\" alt=\"\" width=\"120\" height=\"80\"><\/p>\n<p>&nbsp;<\/p>\n<p><a href=\"http:\/\/deep-darkness.org\/wpdeepdarkness\/artilleriewerk-soetrich\/\"><span style=\"color: #ff9900;\">Artilleriewerk Soetrich (A11)<\/span><\/a><\/p>\n<p>&nbsp;<\/p>\n<p><img loading=\"lazy\" decoding=\"async\" class=\"size-full wp-image-295 alignleft\" src=\"http:\/\/deep-darkness.org\/wpdeepdarkness\/wp-content\/uploads\/2016\/12\/abschnitt_kobenbusch.jpg\" alt=\"\" width=\"120\" height=\"80\"><\/p>\n<p>&nbsp;<\/p>\n<p><a href=\"http:\/\/deep-darkness.org\/wpdeepdarkness\/artilleriewerk-kobenbusch-gros-ouvrage-a13\/\"><span style=\"color: #ff9900;\">Artilleriewerk Kobenbusch (A13)<\/span><\/a><\/p>\n<p>&nbsp;<\/p>\n<p><img loading=\"lazy\" decoding=\"async\" class=\"size-full wp-image-296 alignleft\" src=\"http:\/\/deep-darkness.org\/wpdeepdarkness\/wp-content\/uploads\/2016\/12\/abschnitt_metrich.jpg\" alt=\"\" width=\"120\" height=\"80\"><\/p>\n<p>&nbsp;<\/p>\n<p><a href=\"http:\/\/deep-darkness.org\/wpdeepdarkness\/artilleriewerk-metrich\/\"><span style=\"color: #ff9900;\">Artilleriewerk Metrich (A17)<\/span><\/a><\/p>\n<p>&nbsp;<\/p>\n<p><img loading=\"lazy\" decoding=\"async\" class=\"size-full wp-image-297 alignleft\" src=\"http:\/\/deep-darkness.org\/wpdeepdarkness\/wp-content\/uploads\/2016\/12\/abschnitt_billig.jpg\" alt=\"\" width=\"120\" height=\"80\"><\/p>\n<p>&nbsp;<\/p>\n<p><a href=\"http:\/\/deep-darkness.org\/wpdeepdarkness\/artilleriewerk-billig\/\"><span style=\"color: #ff9900;\">Artilleriewerk Billig (A18)<\/span><\/a><\/p>\n<p>&nbsp;<\/p>\n<p>&nbsp;<\/p>\n","protected":false},"excerpt":{"rendered":"<p>Abschnitt Thionville &nbsp; &nbsp; Der Festungsabschnitt Crusnes ist der erste der vier stark ausgebauten Abschnitte des Festungsgebietes von Metz. Auf einer L\u00e4nge von ungef\u00e4hr 30 Kilometern erstreckt dieser sich von Longuyon bis nord\u00f6stlich von Thionville. Neben den zahlreichen Kasematten und Beobachtungsbunkern geh\u00f6ren zu dem Sperrabschnitt drei Artilleriewerke, n\u00e4mlich Fermont (A2), Latiremont (A3) und Brehain (A6). [&hellip;]<\/p>\n","protected":false},"author":2,"featured_media":0,"parent":0,"menu_order":0,"comment_status":"closed","ping_status":"closed","template":"template-page-no-title.php","meta":{"ngg_post_thumbnail":0,"footnotes":""},"class_list":["post-286","page","type-page","status-publish","hentry"],"_links":{"self":[{"href":"https:\/\/deep-darkness.org\/wpdeepdarkness\/wp-json\/wp\/v2\/pages\/286","targetHints":{"allow":["GET"]}}],"collection":[{"href":"https:\/\/deep-darkness.org\/wpdeepdarkness\/wp-json\/wp\/v2\/pages"}],"about":[{"href":"https:\/\/deep-darkness.org\/wpdeepdarkness\/wp-json\/wp\/v2\/types\/page"}],"author":[{"embeddable":true,"href":"https:\/\/deep-darkness.org\/wpdeepdarkness\/wp-json\/wp\/v2\/users\/2"}],"replies":[{"embeddable":true,"href":"https:\/\/deep-darkness.org\/wpdeepdarkness\/wp-json\/wp\/v2\/comments?post=286"}],"version-history":[{"count":13,"href":"https:\/\/deep-darkness.org\/wpdeepdarkness\/wp-json\/wp\/v2\/pages\/286\/revisions"}],"predecessor-version":[{"id":339,"href":"https:\/\/deep-darkness.org\/wpdeepdarkness\/wp-json\/wp\/v2\/pages\/286\/revisions\/339"}],"wp:attachment":[{"href":"https:\/\/deep-darkness.org\/wpdeepdarkness\/wp-json\/wp\/v2\/media?parent=286"}],"curies":[{"name":"wp","href":"https:\/\/api.w.org\/{rel}","templated":true}]}}