{"id":3048,"date":"2025-06-23T19:51:00","date_gmt":"2025-06-23T17:51:00","guid":{"rendered":"https:\/\/deep-darkness.org\/wpdeepdarkness\/?page_id=3048"},"modified":"2025-06-23T19:52:55","modified_gmt":"2025-06-23T17:52:55","slug":"objekt-17-5005-des-mfs","status":"publish","type":"page","link":"https:\/\/deep-darkness.org\/wpdeepdarkness\/objekt-17-5005-des-mfs\/","title":{"rendered":"Objekt 17\/5005 des MfS"},"content":{"rendered":"\n<p><\/p>\n\n\n\n<h1><span style=\"background-color: #000000; color: #ff9900;\">Objekt 17\/5005 des MfS<\/span><\/h1>\n<p>&nbsp;<\/p>\n\n\n\n<p>&#8222;Schild und Schwert der Partei&#8220; nach sowjetischen Vorbild 1950 geschaffen, versteht sich das MfS Ministerium der Staatssicherheit) zum Schutz der Partei (SED). In den 70er Jahren hatte sich das MfS zu einem differenzierten Universalapparat entwickelt. Das Ministerium nahm eine Schl\u00fcsselrolle auf dem Gebiet des Schutzbauwesen ein und trug die federf\u00fchrende Verantwortung im Bereich Bewachung, Betreuung und Geheimhaltung der Anlagen des MfS, f\u00fcr den Komplex 5000 des Nationalen Verteidigungsrates (NVR) sowie der Waldsiedlung in Wandlitz. Die F\u00fchrungsstelle des MfS beherbergte bei Biesenthal einen Atomschutzbunker. Im Spannungsfall sollte das Objekt 17\/5005 den Minister Erich Mielke mit seinem Arbeitsstab Schutz bieten. F\u00fcr 160 Personen sollten auf 2500m\u00b2 Nutzfl\u00e4che 24 Stunden autarkes \u00dcberleben m\u00f6glich sein. Die Baukosten betrugen in etwa 120 Millionen Mark der DDR. Der zweigeschossige Bunker wurde zwischen 1984 und 1988 als Ausweichf\u00fchrungsstelle des MfS errichtet.<\/p>\n\n\n\n<p>Die wesentliche Funktion des Objektes bestand darin, die Unterbringung und die F\u00fchrungst\u00e4tigkeit des Ministers und dessen Arbeitsstab aus einer gesch\u00fctzten Anlage zu garantieren. Im Falle der Landesverteidigung bot das Bauwerk vor konventionellen- und im begrenzten Ma\u00df an Atomwaffen Schutz. Die Gew\u00e4hrleistung einer standhaften, ununterbrochenen und gedeckten F\u00fchrung der unter den zu erwartenden Bedingungen eines modernen Krieges machte es erforderlich, gesch\u00fctzte F\u00fchrungsstellen f\u00fcr die Partei- und Staatsf\u00fchrung der DDR sowie der wichtigen F\u00fchrungsorgane der Landesverteidigung auf zentraler Ebene zu schaffen. Das 77 ha gro\u00dfe Gel\u00e4nde teilt sich in zwei Bereiche auf, die Unterkunftszone und die 13 ha gro\u00dfe Parkzone.<\/p>\n\n\n\n<p>Etwa 300 m von der Unterkunftszone f\u00fchrt die Autobahn A11 Berlin- Prenzlau vorbei und beherbergte im Wesentlichen das Wachgeb\u00e4ude am Haupteingang, das Heizhaus, f\u00fcnf Unterkunftsgeb\u00e4ude, ein Wirtschaftsgeb\u00e4ude sowie einen gro\u00dfen Garagenkomplex. In der anschlie\u00dfenden Parkzone befand sich das Bunkerbauwerk, ein Antennenfeld, das vierst\u00f6ckige Stabsgeb\u00e4ude, eine Garage und das Umschlagsgeb\u00e4ude mit dem in die Tiefe f\u00fchrenden Montageschacht. Stabsgeb\u00e4ude und Bunker waren durch ein 50 m langen Zugangstunnel miteinander verbunden. Die Parkzone umgab noch zus\u00e4tzlich eine Hochspannungssicherungsanlage (HSA). Im Vorfeld der P-Zone befanden sich mehrere Kleinbunker des Typs FB 3.<\/p>\n\n\n\n<p>Quelle: mielkebunker.de (Vielen Dank f\u00fcr die M\u00f6glichkeit der Besichtigung)<\/p>\n\n\n\n<p>&nbsp;<\/p>\n<p><iframe loading=\"lazy\" src=\"\/\/www.youtube.com\/embed\/5xipIE7jJ2M\" width=\"1280\" height=\"718\" allowfullscreen=\"allowfullscreen\"><\/iframe><\/p>\n","protected":false},"excerpt":{"rendered":"<p>Objekt 17\/5005 des MfS &nbsp; &#8222;Schild und Schwert der Partei&#8220; nach sowjetischen Vorbild 1950 geschaffen, versteht sich das MfS Ministerium der Staatssicherheit) zum Schutz der Partei (SED). In den 70er Jahren hatte sich das MfS zu einem differenzierten Universalapparat entwickelt. Das Ministerium nahm eine Schl\u00fcsselrolle auf dem Gebiet des Schutzbauwesen ein und trug die federf\u00fchrende [&hellip;]<\/p>\n","protected":false},"author":2,"featured_media":0,"parent":0,"menu_order":0,"comment_status":"closed","ping_status":"closed","template":"","meta":{"ngg_post_thumbnail":0,"footnotes":""},"class_list":["post-3048","page","type-page","status-publish","hentry"],"_links":{"self":[{"href":"https:\/\/deep-darkness.org\/wpdeepdarkness\/wp-json\/wp\/v2\/pages\/3048","targetHints":{"allow":["GET"]}}],"collection":[{"href":"https:\/\/deep-darkness.org\/wpdeepdarkness\/wp-json\/wp\/v2\/pages"}],"about":[{"href":"https:\/\/deep-darkness.org\/wpdeepdarkness\/wp-json\/wp\/v2\/types\/page"}],"author":[{"embeddable":true,"href":"https:\/\/deep-darkness.org\/wpdeepdarkness\/wp-json\/wp\/v2\/users\/2"}],"replies":[{"embeddable":true,"href":"https:\/\/deep-darkness.org\/wpdeepdarkness\/wp-json\/wp\/v2\/comments?post=3048"}],"version-history":[{"count":2,"href":"https:\/\/deep-darkness.org\/wpdeepdarkness\/wp-json\/wp\/v2\/pages\/3048\/revisions"}],"predecessor-version":[{"id":3051,"href":"https:\/\/deep-darkness.org\/wpdeepdarkness\/wp-json\/wp\/v2\/pages\/3048\/revisions\/3051"}],"wp:attachment":[{"href":"https:\/\/deep-darkness.org\/wpdeepdarkness\/wp-json\/wp\/v2\/media?parent=3048"}],"curies":[{"name":"wp","href":"https:\/\/api.w.org\/{rel}","templated":true}]}}