{"id":3060,"date":"2025-07-10T09:41:39","date_gmt":"2025-07-10T07:41:39","guid":{"rendered":"https:\/\/deep-darkness.org\/wpdeepdarkness\/?page_id=3060"},"modified":"2025-07-10T09:48:03","modified_gmt":"2025-07-10T07:48:03","slug":"air-defense-operations-center","status":"publish","type":"page","link":"https:\/\/deep-darkness.org\/wpdeepdarkness\/air-defense-operations-center\/","title":{"rendered":"Air Defense Operations Center"},"content":{"rendered":"\n\n\n<h1><span style=\"color: #ff9900;\">NATO Air Defense Operations Center<\/span><\/h1>\n<p>Unser Besuch in einem der geheimsten Luftverteidigungsbunker der NATO \u00fcberhaupt.<\/p>\n<p>1941 wurde der Bunker von Deutschland angefangen, 1944 zogen Teile des Oberkommando West in den Bunker ein.<\/p>\n<p>Als die Alliierten dann Anfang 1945 immer n\u00e4her kamen, wurde die Bunkeranlage von der Wehrmacht aufgegeben. Mit deutscher Gr\u00fcndlichkeit wurden dabei alle Dokumente vor Ort vernichtet, damit sie nicht dem Feind in die H\u00e4nde fielen.<\/p>\n<p>Die den ersten Kampfeinheiten nachr\u00fcckenden, eigentlichen Besatzungstruppen waren Franzosen. Diese nahmen die Bunkeranlage dann sp\u00e4ter offiziell in Besitz und planten sie eigentlich zu sprengen.<\/p>\n<p>Die Amerikaner \u00fcbernahmen dann 1951 den Bunker von den Franzosen, die ihn zum Gl\u00fcck noch nicht gesprengt hatten und bauten ihn intensiv aus. Anfang der sechziger Jahre erfolgte eine weitere Vergr\u00f6\u00dferung durch zwei bombensichere Stahlbetonvorbauten, welche mit Erde \u00fcberdeckt und getarnt wurden (D-Area, Baukosten: 3,8 Mio. DM).<\/p>\n<p>In den siebziger Jahren wurde die Anlage von der NATO mit rund 200 Personen betrieben, darunter auch von viele deutsche Soldaten.<\/p>\n<p>Als SOC 3 (Sector Operation Center), zentrales Air Space Coordination Center (ACC) und Headquarter US Airforce Europa (USAFE), war die Anlage in dieser Zeit eine der wichtigsten NATO-Luftverteidigungseinrichtungen in Europa \u00fcberhaupt!<\/p>\n<p>Die Anlage hat ca. 3500qm Grundfl\u00e4che, sie besteht gr\u00f6\u00dftenteils aus 3 Stollen mit ca. 5m Breite, 4m H\u00f6he und 140m L\u00e4nge. Zwischen Stollen B und C befindet sich ein 3-st\u00f6ckiger Bereich, Heizungs- und Klimaanlage (rechts au\u00dfen zwischen A und B) sind 2-st\u00f6ckig. Im D-Bereich (bombensicherer Vorbau) ist der linke Bereich 3-st\u00f6ckig, der Rest einst\u00f6ckig.<\/p>\n<p>Stollen A und C bestehen gr\u00f6\u00dftenteils aus einem Durchgang mit seitlich angeordneten B\u00fcror\u00e4umen, Stollen C besteht aus gr\u00f6\u00dferen B\u00fcror\u00e4umen, die nur \u00fcber die Querstollen zu erreichen sind.<\/p>\n<p>F\u00fcr den aufstrebenden und im Kalten Krieg immer wichtigeren milit\u00e4rischen Flughafen in der N\u00e4he suchten die Amerikaner einen gesch\u00fctzten, bombensicheren Gefechtsstand und daf\u00fcr bot sich jetzt der Bunker an und nahmen ihn offiziell am 15.05.1954 als \u00dcberwachungs- und Steuerzentrale (Combat Operation Center\/ COC) mit einer Besatzung von ca. 125 Soldaten in Betrieb.<\/p>\n<p>1993 wurde die Anlage dann endg\u00fcltig aufgegeben. Bis heute ist, neben den Spuren der Zeit und einigen Zerst\u00f6rungen durch Einbr\u00fcche in der Bunkeranlage, alles noch mehr oder weniger so, wie es 1993 \u00fcbergeben wurde (Stand Juli 2025).<\/p>\n<p>&nbsp;<\/p>\n<p><iframe loading=\"lazy\" src=\"\/\/www.youtube.com\/embed\/dy7HHi_eCVs\" width=\"1069\" height=\"599\" allowfullscreen=\"allowfullscreen\"><\/iframe><\/p>\n<p>&nbsp;<\/p>\n<p>&nbsp;<\/p>\n<p>&nbsp;<\/p>\n\n\n","protected":false},"excerpt":{"rendered":"<p>NATO Air Defense Operations Center Unser Besuch in einem der geheimsten Luftverteidigungsbunker der NATO \u00fcberhaupt. 1941 wurde der Bunker von Deutschland angefangen, 1944 zogen Teile des Oberkommando West in den Bunker ein. Als die Alliierten dann Anfang 1945 immer n\u00e4her kamen, wurde die Bunkeranlage von der Wehrmacht aufgegeben. Mit deutscher Gr\u00fcndlichkeit wurden dabei alle Dokumente [&hellip;]<\/p>\n","protected":false},"author":2,"featured_media":0,"parent":0,"menu_order":0,"comment_status":"closed","ping_status":"closed","template":"","meta":{"ngg_post_thumbnail":0,"footnotes":""},"class_list":["post-3060","page","type-page","status-publish","hentry"],"_links":{"self":[{"href":"https:\/\/deep-darkness.org\/wpdeepdarkness\/wp-json\/wp\/v2\/pages\/3060","targetHints":{"allow":["GET"]}}],"collection":[{"href":"https:\/\/deep-darkness.org\/wpdeepdarkness\/wp-json\/wp\/v2\/pages"}],"about":[{"href":"https:\/\/deep-darkness.org\/wpdeepdarkness\/wp-json\/wp\/v2\/types\/page"}],"author":[{"embeddable":true,"href":"https:\/\/deep-darkness.org\/wpdeepdarkness\/wp-json\/wp\/v2\/users\/2"}],"replies":[{"embeddable":true,"href":"https:\/\/deep-darkness.org\/wpdeepdarkness\/wp-json\/wp\/v2\/comments?post=3060"}],"version-history":[{"count":3,"href":"https:\/\/deep-darkness.org\/wpdeepdarkness\/wp-json\/wp\/v2\/pages\/3060\/revisions"}],"predecessor-version":[{"id":3066,"href":"https:\/\/deep-darkness.org\/wpdeepdarkness\/wp-json\/wp\/v2\/pages\/3060\/revisions\/3066"}],"wp:attachment":[{"href":"https:\/\/deep-darkness.org\/wpdeepdarkness\/wp-json\/wp\/v2\/media?parent=3060"}],"curies":[{"name":"wp","href":"https:\/\/api.w.org\/{rel}","templated":true}]}}