{"id":320,"date":"2016-12-13T13:55:44","date_gmt":"2016-12-13T12:55:44","guid":{"rendered":"http:\/\/deep-darkness.org\/wpdeepdarkness\/?page_id=320"},"modified":"2025-06-06T17:40:38","modified_gmt":"2025-06-06T15:40:38","slug":"artilleriewerk-kobenbusch-gros-ouvrage-a13","status":"publish","type":"page","link":"https:\/\/deep-darkness.org\/wpdeepdarkness\/artilleriewerk-kobenbusch-gros-ouvrage-a13\/","title":{"rendered":"Artilleriewerk Kobenbusch (Gros Ouvrage A13)"},"content":{"rendered":"<h1 style=\"text-align: justify;\"><span style=\"color: #ff9900;\">Artilleriewerk Kobenbusch (Gros Ouvrage A13)<\/span><\/h1>\n<p>&nbsp;<\/p>\n<p style=\"text-align: justify;\">Der Kobenbusch befindet sich ca.4 Kilometer n\u00f6rdlich von Cattenom im Sperrabschnitt von Thionville. Das Werk ist ausgestattet mit zwei Eingangsbunkern und sieben Kampfbunkern, wo von drei jeweils \u00fcber Artillerie- und Infanteriebewaffnung ausger\u00fcstet waren. Die siebte Abteilung war ein reiner Beobachter.<\/p>\n<p>Major Charnal befehligte hier 527 Mann des 168.RIF und des 151.RAP. Einmalig ist die Architektur des Munitionseinganges mit seinen bauchigen Scharten\u00fcberh\u00e4ngen. \u00dcber nennenswerte Kampfhandlungen des Artilleriewerkes ist nichts bekannt. Nach der \u00dcbernahme durch die Wehrmacht unterhielten es Franz\u00f6sische Pioniereinheiten dennoch weiter.<\/p>\n<p>Heute ist der Eigent\u00fcmer des Werkes die Electricit\u00e9 de France, kurz EdF. Das Werk ist leer ger\u00e4umt, vermauert und durch die geographische N\u00e4he zum K\u00fchlwasserteich des benachbarten Atomkraftwerkes von Cattenom auch noch teilweise \u00fcberflutet.<\/p>\n<p>&nbsp;<\/p>\n<p><img loading=\"lazy\" decoding=\"async\" class=\"size-full wp-image-321 aligncenter\" src=\"http:\/\/deep-darkness.org\/wpdeepdarkness\/wp-content\/uploads\/2016\/12\/werksplan_kobenbusch.jpg\" alt=\"\" width=\"592\" height=\"432\" srcset=\"https:\/\/deep-darkness.org\/wpdeepdarkness\/wp-content\/uploads\/2016\/12\/werksplan_kobenbusch.jpg 592w, https:\/\/deep-darkness.org\/wpdeepdarkness\/wp-content\/uploads\/2016\/12\/werksplan_kobenbusch-300x219.jpg 300w\" sizes=\"auto, (max-width: 592px) 100vw, 592px\" \/><\/p>\n<p>&nbsp;<\/p>\n<p style=\"text-align: justify;\">&nbsp;<\/p>\nngg_shortcode_0_placeholder\n","protected":false},"excerpt":{"rendered":"<p>Artilleriewerk Kobenbusch (Gros Ouvrage A13) &nbsp; Der Kobenbusch befindet sich ca.4 Kilometer n\u00f6rdlich von Cattenom im Sperrabschnitt von Thionville. Das Werk ist ausgestattet mit zwei Eingangsbunkern und sieben Kampfbunkern, wo von drei jeweils \u00fcber Artillerie- und Infanteriebewaffnung ausger\u00fcstet waren. Die siebte Abteilung war ein reiner Beobachter. Major Charnal befehligte hier 527 Mann des 168.RIF und [&hellip;]<\/p>\n","protected":false},"author":2,"featured_media":0,"parent":0,"menu_order":0,"comment_status":"closed","ping_status":"closed","template":"template-page-no-title.php","meta":{"ngg_post_thumbnail":0,"footnotes":""},"class_list":["post-320","page","type-page","status-publish","hentry"],"_links":{"self":[{"href":"https:\/\/deep-darkness.org\/wpdeepdarkness\/wp-json\/wp\/v2\/pages\/320","targetHints":{"allow":["GET"]}}],"collection":[{"href":"https:\/\/deep-darkness.org\/wpdeepdarkness\/wp-json\/wp\/v2\/pages"}],"about":[{"href":"https:\/\/deep-darkness.org\/wpdeepdarkness\/wp-json\/wp\/v2\/types\/page"}],"author":[{"embeddable":true,"href":"https:\/\/deep-darkness.org\/wpdeepdarkness\/wp-json\/wp\/v2\/users\/2"}],"replies":[{"embeddable":true,"href":"https:\/\/deep-darkness.org\/wpdeepdarkness\/wp-json\/wp\/v2\/comments?post=320"}],"version-history":[{"count":3,"href":"https:\/\/deep-darkness.org\/wpdeepdarkness\/wp-json\/wp\/v2\/pages\/320\/revisions"}],"predecessor-version":[{"id":2361,"href":"https:\/\/deep-darkness.org\/wpdeepdarkness\/wp-json\/wp\/v2\/pages\/320\/revisions\/2361"}],"wp:attachment":[{"href":"https:\/\/deep-darkness.org\/wpdeepdarkness\/wp-json\/wp\/v2\/media?parent=320"}],"curies":[{"name":"wp","href":"https:\/\/api.w.org\/{rel}","templated":true}]}}