{"id":325,"date":"2016-12-13T14:16:27","date_gmt":"2016-12-13T13:16:27","guid":{"rendered":"http:\/\/deep-darkness.org\/wpdeepdarkness\/?page_id=325"},"modified":"2025-06-06T17:42:31","modified_gmt":"2025-06-06T15:42:31","slug":"artilleriewerk-metrich","status":"publish","type":"page","link":"https:\/\/deep-darkness.org\/wpdeepdarkness\/artilleriewerk-metrich\/","title":{"rendered":"Artilleriewerk Metrich (Gros Ouvrage A17)"},"content":{"rendered":"<h1 style=\"text-align: justify;\"><span style=\"color: #ff9900;\">Artilleriewerk Metrich (Gros Ouvrage A17)<\/span><\/h1>\n<p>&nbsp;<\/p>\n<p style=\"text-align: justify;\">Das Artilleriewerk Metrich, benannt nach der benachbarten Ortschaft, geh\u00f6rt neben den Werkgruppen Billig, Galgenberg, Soetrich, Immerhof, Molvange, Kobenbusch und Rochonvillers zu den Grosskampfanlagen des befestigten Maginotlinienabschnitts von Thionville.<\/p>\n<p style=\"text-align: justify;\">Die Aufgaben dieser Werke bestanden in der Zur\u00fcckweisung eines Einbruchs beiderseits der Mosel \u00fcber Metz in das Marnetal und dem Schutz der Erz- und Industriegebiete Lothringens. Metrich gilt als das drittgr\u00f6\u00dfte Werk der Linie.<\/p>\n<p style=\"text-align: justify;\">Die Mannschaft umfasste unter Major Lauga, dem Kommandanten der Werksgruppe, 795 Soldaten, wovon 26 Offiziere waren. \u00dcber einen Eingangsbunker, welcher durch zwei G.F.M. Panzerglocken und eine Mauerscharte, die wahlweise best\u00fcckt durch ein Zwillings-MG oder eine 37mm PAK die Sicherung des Bunkers \u00fcbernahm, gelangte die Belegschaft in das Innere des Werkes. Die Munitionsversorgung erfolgte \u00fcber einen gesonderten Zugang, der \u00e4hnliche Verteidigungsm\u00f6glichkeiten wie der Zugangsbunker der Mannschaft aufbot.<\/p>\n<p style=\"text-align: justify;\">Per Zug erfolgte die Anlieferung und wurde dann mit der werkseigenen elektrischen Schmalspurbahn tiefer in das Werk zu entsprechenden Lagerst\u00e4tten transportiert. Neben sechs Artilleriebunkern, verf\u00fcgte das Werk \u00fcber zwei weitere Infanterie- ( Block 5 \/ Block 4), sowie zwei Beobachtungsbunker ( Block 7 \/ Block 14). Die Artillerieabteilung 11 verf\u00fcgte \u00fcber eine, in einem versenkbaren Panzerturm befindliche, 135mm Haubitze mit einer Rechweite von 5700m.<\/p>\n<p style=\"text-align: justify;\">Die Bunker 8 und 10 waren mit Panzerversenkt\u00fcrmen ausger\u00fcstet, die jeweils als Zwillingswaffe 75mm Turmkanonen mit einer Reichweite von 11000m beherbergten. Block 1 konnte mit drei, hinter Mauernscharten verborgenen, 75mm Kasematten-Kanonen (Reichweite 12000m) das Umland verteidigen. Die Abteilungen 5 und 15 warteten mit 81mm Granatwerfern auf, mit der die Werksgruppe das Kannertal sperren konnte.<\/p>\n<p style=\"text-align: justify;\">&nbsp;<\/p>\nngg_shortcode_0_placeholder\n","protected":false},"excerpt":{"rendered":"<p>Artilleriewerk Metrich (Gros Ouvrage A17) &nbsp; Das Artilleriewerk Metrich, benannt nach der benachbarten Ortschaft, geh\u00f6rt neben den Werkgruppen Billig, Galgenberg, Soetrich, Immerhof, Molvange, Kobenbusch und Rochonvillers zu den Grosskampfanlagen des befestigten Maginotlinienabschnitts von Thionville. Die Aufgaben dieser Werke bestanden in der Zur\u00fcckweisung eines Einbruchs beiderseits der Mosel \u00fcber Metz in das Marnetal und dem Schutz [&hellip;]<\/p>\n","protected":false},"author":2,"featured_media":0,"parent":0,"menu_order":0,"comment_status":"closed","ping_status":"closed","template":"template-page-no-title.php","meta":{"ngg_post_thumbnail":0,"footnotes":""},"class_list":["post-325","page","type-page","status-publish","hentry"],"_links":{"self":[{"href":"https:\/\/deep-darkness.org\/wpdeepdarkness\/wp-json\/wp\/v2\/pages\/325","targetHints":{"allow":["GET"]}}],"collection":[{"href":"https:\/\/deep-darkness.org\/wpdeepdarkness\/wp-json\/wp\/v2\/pages"}],"about":[{"href":"https:\/\/deep-darkness.org\/wpdeepdarkness\/wp-json\/wp\/v2\/types\/page"}],"author":[{"embeddable":true,"href":"https:\/\/deep-darkness.org\/wpdeepdarkness\/wp-json\/wp\/v2\/users\/2"}],"replies":[{"embeddable":true,"href":"https:\/\/deep-darkness.org\/wpdeepdarkness\/wp-json\/wp\/v2\/comments?post=325"}],"version-history":[{"count":6,"href":"https:\/\/deep-darkness.org\/wpdeepdarkness\/wp-json\/wp\/v2\/pages\/325\/revisions"}],"predecessor-version":[{"id":2426,"href":"https:\/\/deep-darkness.org\/wpdeepdarkness\/wp-json\/wp\/v2\/pages\/325\/revisions\/2426"}],"wp:attachment":[{"href":"https:\/\/deep-darkness.org\/wpdeepdarkness\/wp-json\/wp\/v2\/media?parent=325"}],"curies":[{"name":"wp","href":"https:\/\/api.w.org\/{rel}","templated":true}]}}