{"id":344,"date":"2016-12-13T14:52:12","date_gmt":"2016-12-13T13:52:12","guid":{"rendered":"http:\/\/deep-darkness.org\/wpdeepdarkness\/?page_id=344"},"modified":"2025-06-05T10:33:59","modified_gmt":"2025-06-05T08:33:59","slug":"abschnitt-boulay","status":"publish","type":"page","link":"https:\/\/deep-darkness.org\/wpdeepdarkness\/abschnitt-boulay\/","title":{"rendered":"Abschnitt Boulay"},"content":{"rendered":"<h1>&nbsp;<\/h1>\n<h1>&nbsp;<\/h1>\n<h1><img loading=\"lazy\" decoding=\"async\" class=\"alignright size-full wp-image-348\" src=\"http:\/\/deep-darkness.org\/wpdeepdarkness\/wp-content\/uploads\/2016\/12\/region_boulay.jpg\" alt=\"\" width=\"400\" height=\"371\" srcset=\"https:\/\/deep-darkness.org\/wpdeepdarkness\/wp-content\/uploads\/2016\/12\/region_boulay.jpg 400w, https:\/\/deep-darkness.org\/wpdeepdarkness\/wp-content\/uploads\/2016\/12\/region_boulay-300x278.jpg 300w\" sizes=\"auto, (max-width: 400px) 100vw, 400px\" \/><\/h1>\n<p style=\"text-align: justify;\">&nbsp;<\/p>\n<p style=\"text-align: justify;\">Der sich an den Sperrabschnitt von Thionville anschlie\u00dfende Abschnitt Boulay erstreckt sich \u00fcber eine Distanz von 25 Km. Ihm geh\u00f6rt das gr\u00f6\u00dfte Werk der Maginotlinie, der Hackenberg an. Der nordwestliche Fl\u00fcgel dieses Abschnittes bot die Feuerkraft vier gro\u00dfer Artilleriewerke auf.<\/p>\n<p style=\"text-align: justify;\">Der s\u00fcd\u00f6stliche Fl\u00fcgel war lediglich mit acht Infanteriewerken ausger\u00fcstet. Artilleriefeuerkraft fehlt hier fast vollst\u00e4ndig. Lediglich das Artilleriewerk Anzeling konnte den rechten Fl\u00fcgel mit seiner Feuerkraft decken. So geschehen bei dem deutschen Angriff vom 22. Juni 1940, der erfolgreich abgewehrt werden konnte. Besonderheiten sind die beiden Kasematten mit Artilleriebewaffnung im S\u00fcdosten und die zahlreichen CORF-Kasematten und Beobachtungsbunker.<\/p>\n<p>&nbsp;<\/p>\n<p style=\"text-align: justify;\">&nbsp;<\/p>\n<p style=\"text-align: justify;\">Hier nun alle, von Deep Darkness besuchten Werke im Festungsabschnitt Saar. Zum Betrachten des Werkes bitte auf den Namen oder das Bild klicken.<\/p>\n<p><img loading=\"lazy\" decoding=\"async\" class=\"size-full wp-image-353 alignleft\" src=\"http:\/\/deep-darkness.org\/wpdeepdarkness\/wp-content\/uploads\/2016\/12\/abschnitt_mont_des_welches.jpg\" alt=\"\" width=\"120\" height=\"80\"><\/p>\n<p style=\"text-align: justify;\">&nbsp;<\/p>\n<p style=\"text-align: justify;\"><a href=\"http:\/\/deep-darkness.org\/wpdeepdarkness\/artilleriewerk-mont-des-welches\/\"><span style=\"color: #ff9900;\">Artilleriewerk Mont des Welches (A21)<\/span><\/a><\/p>\n<p style=\"text-align: justify;\">&nbsp;<\/p>\n<p style=\"text-align: justify;\"><img loading=\"lazy\" decoding=\"async\" class=\"size-full wp-image-349 alignleft\" src=\"http:\/\/deep-darkness.org\/wpdeepdarkness\/wp-content\/uploads\/2016\/12\/abschnitt_michelsberg.jpg\" alt=\"\" width=\"120\" height=\"80\"><\/p>\n<p style=\"text-align: justify;\">&nbsp;<\/p>\n<p style=\"text-align: justify;\"><a href=\"http:\/\/deep-darkness.org\/wpdeepdarkness\/artilleriewerk-michelsberg\/\"><span style=\"color: #ff9900;\">Artilleriewerk Michelsberg (A22)<\/span><\/a><\/p>\n<p style=\"text-align: justify;\">&nbsp;<\/p>\n<p style=\"text-align: justify;\"><img loading=\"lazy\" decoding=\"async\" class=\"size-full wp-image-350 alignleft\" src=\"http:\/\/deep-darkness.org\/wpdeepdarkness\/wp-content\/uploads\/2016\/12\/abschnitt_hobling.jpg\" alt=\"\" width=\"120\" height=\"80\"><\/p>\n<p style=\"text-align: justify;\">&nbsp;<\/p>\n<p style=\"text-align: justify;\"><a href=\"http:\/\/deep-darkness.org\/wpdeepdarkness\/infanteriewerk-hobling\/\"><span style=\"color: #ff9900;\">Infanteriewerk Hobling (A23)<\/span><\/a><\/p>\n<p style=\"text-align: justify;\">&nbsp;<\/p>\n<p style=\"text-align: justify;\"><img loading=\"lazy\" decoding=\"async\" class=\"size-full wp-image-351 alignleft\" src=\"http:\/\/deep-darkness.org\/wpdeepdarkness\/wp-content\/uploads\/2016\/12\/abschnitt_denting.jpg\" alt=\"\" width=\"120\" height=\"80\"><\/p>\n<p style=\"text-align: justify;\">&nbsp;<\/p>\n<p style=\"text-align: justify;\"><a href=\"http:\/\/deep-darkness.org\/wpdeepdarkness\/infanteriewerk-denting\/\"><span style=\"color: #ff9900;\">Infanteriewerk Denting (A28)<\/span><\/a><\/p>\n<p style=\"text-align: justify;\">&nbsp;<\/p>\n<p style=\"text-align: justify;\">&nbsp;<\/p>\n<p style=\"text-align: justify;\">&nbsp;<\/p>\n<p style=\"text-align: justify;\">&nbsp;<\/p>\n","protected":false},"excerpt":{"rendered":"<p>&nbsp; &nbsp; &nbsp; Der sich an den Sperrabschnitt von Thionville anschlie\u00dfende Abschnitt Boulay erstreckt sich \u00fcber eine Distanz von 25 Km. Ihm geh\u00f6rt das gr\u00f6\u00dfte Werk der Maginotlinie, der Hackenberg an. Der nordwestliche Fl\u00fcgel dieses Abschnittes bot die Feuerkraft vier gro\u00dfer Artilleriewerke auf. Der s\u00fcd\u00f6stliche Fl\u00fcgel war lediglich mit acht Infanteriewerken ausger\u00fcstet. Artilleriefeuerkraft fehlt hier [&hellip;]<\/p>\n","protected":false},"author":2,"featured_media":0,"parent":0,"menu_order":0,"comment_status":"closed","ping_status":"closed","template":"template-page-no-title.php","meta":{"ngg_post_thumbnail":0,"footnotes":""},"class_list":["post-344","page","type-page","status-publish","hentry"],"_links":{"self":[{"href":"https:\/\/deep-darkness.org\/wpdeepdarkness\/wp-json\/wp\/v2\/pages\/344","targetHints":{"allow":["GET"]}}],"collection":[{"href":"https:\/\/deep-darkness.org\/wpdeepdarkness\/wp-json\/wp\/v2\/pages"}],"about":[{"href":"https:\/\/deep-darkness.org\/wpdeepdarkness\/wp-json\/wp\/v2\/types\/page"}],"author":[{"embeddable":true,"href":"https:\/\/deep-darkness.org\/wpdeepdarkness\/wp-json\/wp\/v2\/users\/2"}],"replies":[{"embeddable":true,"href":"https:\/\/deep-darkness.org\/wpdeepdarkness\/wp-json\/wp\/v2\/comments?post=344"}],"version-history":[{"count":8,"href":"https:\/\/deep-darkness.org\/wpdeepdarkness\/wp-json\/wp\/v2\/pages\/344\/revisions"}],"predecessor-version":[{"id":1548,"href":"https:\/\/deep-darkness.org\/wpdeepdarkness\/wp-json\/wp\/v2\/pages\/344\/revisions\/1548"}],"wp:attachment":[{"href":"https:\/\/deep-darkness.org\/wpdeepdarkness\/wp-json\/wp\/v2\/media?parent=344"}],"curies":[{"name":"wp","href":"https:\/\/api.w.org\/{rel}","templated":true}]}}