{"id":357,"date":"2016-12-13T17:20:08","date_gmt":"2016-12-13T16:20:08","guid":{"rendered":"http:\/\/deep-darkness.org\/wpdeepdarkness\/?page_id=357"},"modified":"2025-06-06T17:47:24","modified_gmt":"2025-06-06T15:47:24","slug":"artilleriewerk-mont-des-welches","status":"publish","type":"page","link":"https:\/\/deep-darkness.org\/wpdeepdarkness\/artilleriewerk-mont-des-welches\/","title":{"rendered":"Artilleriewerk Mont des Welches (Gros Ouvrage A21)"},"content":{"rendered":"<h1 style=\"text-align: justify;\"><span style=\"color: #ff9900;\">Artilleriewerk Mont des Welches (Gros Ouvrage A21)<\/span><\/h1>\n<p>&nbsp;<\/p>\n<p style=\"text-align: justify;\">Bei diesem Werk des Sperrbezirkes Boulay handelt es sich um ein mittelgro\u00dfes Artilleriewerk ca. 18 Kilometer von Thionville entfernt. Hauptmann Tari befehligte hier 522 Mann des 164. RIF.<\/p>\n<p>Es ist ausgestattet mit f\u00fcnf Kampfabteilungen und zwei Eingangsbunkern. Zwei der drei Artillerieabteilungen, n\u00e4mlich Bunker 4 und 2, sind in Wirklichkeit eine Kombination aus Artillerie- und Infanteriebunkern. Bunker 3 mit seinem MG Turm ist eine reine Infanterieabteilung. Bunker 5 ist mit seiner Beobachtungskuppel f\u00fcr Periskop- und Direktsicht ein reiner Beobachter.<br \/>\nBemerkenswert ist der Munitionseingang (Bunker6). Von hier f\u00fchrt nicht, wie sonst \u00fcblich, ein senkrechter Schacht in die Tiefe, sondern eine schiefe Ebene mit Schr\u00e4gaufzug.<\/p>\n<p>Zu Kampfhandlungen kam es hier am 22. Juni 1940. Mont des Welches beteiligte sich mit seiner Artilleriefeuerkraft bei der Abwehr eines deutschen Angriffs auf das Nachbarwerk Michelsberg (A22), der letztendlich auch abgewehrt werden konnte.<\/p>\n<p style=\"text-align: justify;\"><img loading=\"lazy\" decoding=\"async\" class=\"size-full wp-image-359 aligncenter\" src=\"http:\/\/deep-darkness.org\/wpdeepdarkness\/wp-content\/uploads\/2016\/12\/werksplan_mont_des_welches.jpg\" alt=\"\" width=\"582\" height=\"467\" srcset=\"https:\/\/deep-darkness.org\/wpdeepdarkness\/wp-content\/uploads\/2016\/12\/werksplan_mont_des_welches.jpg 582w, https:\/\/deep-darkness.org\/wpdeepdarkness\/wp-content\/uploads\/2016\/12\/werksplan_mont_des_welches-300x241.jpg 300w\" sizes=\"auto, (max-width: 582px) 100vw, 582px\" \/><\/p>\n<p>Bis 1985 war das Werk v\u00f6llig intakt und einsatzf\u00e4hig. Vandalen und Pl\u00fcnderer haben es zu dem gemacht, was es heute ist\u2026 Ein Wrack!!!<\/p>\n<p>An vielen Stellen besteht innerhalb des Werkes akute Lebensgefahr!<\/p>\n<p style=\"text-align: justify;\">&nbsp;<\/p>\n<p style=\"text-align: justify;\">&nbsp;<\/p>\nngg_shortcode_0_placeholder\n","protected":false},"excerpt":{"rendered":"<p>Artilleriewerk Mont des Welches (Gros Ouvrage A21) &nbsp; Bei diesem Werk des Sperrbezirkes Boulay handelt es sich um ein mittelgro\u00dfes Artilleriewerk ca. 18 Kilometer von Thionville entfernt. Hauptmann Tari befehligte hier 522 Mann des 164. RIF. Es ist ausgestattet mit f\u00fcnf Kampfabteilungen und zwei Eingangsbunkern. Zwei der drei Artillerieabteilungen, n\u00e4mlich Bunker 4 und 2, sind [&hellip;]<\/p>\n","protected":false},"author":2,"featured_media":0,"parent":0,"menu_order":0,"comment_status":"closed","ping_status":"closed","template":"template-page-no-title.php","meta":{"ngg_post_thumbnail":0,"footnotes":""},"class_list":["post-357","page","type-page","status-publish","hentry"],"_links":{"self":[{"href":"https:\/\/deep-darkness.org\/wpdeepdarkness\/wp-json\/wp\/v2\/pages\/357","targetHints":{"allow":["GET"]}}],"collection":[{"href":"https:\/\/deep-darkness.org\/wpdeepdarkness\/wp-json\/wp\/v2\/pages"}],"about":[{"href":"https:\/\/deep-darkness.org\/wpdeepdarkness\/wp-json\/wp\/v2\/types\/page"}],"author":[{"embeddable":true,"href":"https:\/\/deep-darkness.org\/wpdeepdarkness\/wp-json\/wp\/v2\/users\/2"}],"replies":[{"embeddable":true,"href":"https:\/\/deep-darkness.org\/wpdeepdarkness\/wp-json\/wp\/v2\/comments?post=357"}],"version-history":[{"count":5,"href":"https:\/\/deep-darkness.org\/wpdeepdarkness\/wp-json\/wp\/v2\/pages\/357\/revisions"}],"predecessor-version":[{"id":2556,"href":"https:\/\/deep-darkness.org\/wpdeepdarkness\/wp-json\/wp\/v2\/pages\/357\/revisions\/2556"}],"wp:attachment":[{"href":"https:\/\/deep-darkness.org\/wpdeepdarkness\/wp-json\/wp\/v2\/media?parent=357"}],"curies":[{"name":"wp","href":"https:\/\/api.w.org\/{rel}","templated":true}]}}