{"id":366,"date":"2016-12-13T17:24:59","date_gmt":"2016-12-13T16:24:59","guid":{"rendered":"http:\/\/deep-darkness.org\/wpdeepdarkness\/?page_id=366"},"modified":"2025-06-06T17:50:11","modified_gmt":"2025-06-06T15:50:11","slug":"artilleriewerk-michelsberg","status":"publish","type":"page","link":"https:\/\/deep-darkness.org\/wpdeepdarkness\/artilleriewerk-michelsberg\/","title":{"rendered":"Artilleriewerk Michelsberg (Gros Ouvrage A22)"},"content":{"rendered":"<h1 style=\"text-align: justify;\"><span style=\"color: #ff9900;\">Artilleriewerk Michelsberg (Gros Ouvrage A22)<\/span><\/h1>\n<p>&nbsp;<\/p>\n<p>19 Kilometer s\u00fcd\u00f6stlich von Thionville befindet sich dieses mittelgro\u00dfe Artilleriewerk im Sperrabschnitt von Boulay.<\/p>\n<p>Das Werk verf\u00fcgt \u00fcber f\u00fcnf Kampfbunker, wovon drei mit Artilleriebewaffnung ausger\u00fcstet sind. Der Eingangsbunker ist ein kombinierter Eingang f\u00fcr Mensch und Material. Unter dem Kommando von Hauptmann Palletier standen hier 514 Mann des 164. RIF und des 153. RAP.<\/p>\n<p>Der Michelsberg entspricht in seiner heutigen Form den urspr\u00fcnglichen Baupl\u00e4nen. Einzig w\u00e4hrend der Besetzung durch die Wehrmacht in den Kriegsjahren wurden bauliche Ver\u00e4nderungen im gro\u00dfen Stil vorgenommen. So wurden Trennw\u00e4nde in der Kaserne herausgerissen und Sprengungen beim R\u00fcckzug der Besatzer im Bereich des Kraftwerkes besch\u00e4digten die Hauptgalerie im gro\u00dfen Ma\u00dfe.<\/p>\n<p>Am 22. Juni wehrte sich der Michelsberg in einer harten Artillerieschlacht zusammen mit den Nachbarwerken Anzeling und Hackenberg gegen die deutschen Invasoren.<\/p>\n<p>Einmalig an der ganzen Maginotlinie ist eine Kuppel in Bunker 6, die zu einem Notausstieg umgewandelt wurde. Einen Artilleriebeobachtungsbunker und eine Beobachterkuppel sucht man vergebens. Die Augen des Werkes waren das Nachbarwerk Hobling (A23) und der nord\u00f6stlich gelegene Feldbeobachter Cote de Rodlach.<\/p>\n<p>Seit 1992 hat sich dem Werk ein Festungsverein angenommen, der in liebevoller Arbeit alles tut, um den Verfall dieses ruhmreichen Werkes aufzuhalten.<\/p>\n<p style=\"text-align: justify;\"><img loading=\"lazy\" decoding=\"async\" class=\"size-full wp-image-370 aligncenter\" src=\"http:\/\/deep-darkness.org\/wpdeepdarkness\/wp-content\/uploads\/2016\/12\/werksplan_michelsberg.jpg\" alt=\"\" width=\"581\" height=\"395\" srcset=\"https:\/\/deep-darkness.org\/wpdeepdarkness\/wp-content\/uploads\/2016\/12\/werksplan_michelsberg.jpg 581w, https:\/\/deep-darkness.org\/wpdeepdarkness\/wp-content\/uploads\/2016\/12\/werksplan_michelsberg-300x204.jpg 300w\" sizes=\"auto, (max-width: 581px) 100vw, 581px\" \/><\/p>\n<p>An dieser Stelle noch ein Wort in eigener Sache:<\/p>\n<p>Wir m\u00f6chten uns ganz herzlich bei Thomas bedanken, der uns eine F\u00fchrung au\u00dferhalb der offiziellen \u00d6ffnungszeiten erm\u00f6glicht hat. Es war ein sensationelles Erlebnis eines der Dieselaggregate im Kraftwerk des Werkes in Betrieb zu sehen und zu h\u00f6ren. Ferner liegt es uns ebenfalls am Herzen, f\u00fcr die Bek\u00f6stigung und die geopferte Zeit ein Dank auszusprechen.<\/p>\n<p>Dies ist mit Sicherheit keine Selbstverst\u00e4ndlichkeit. Unseren Besuchern m\u00f6chten wir empfehlen dem Werk Michelsberg und den Leuten dahinter einmal mit einem Besuch zu beehren.<\/p>\n<p>Wer eine spannende F\u00fchrung sucht und mit kompetenten Informationen und kleinen Anekdoten versorgt werden m\u00f6chte, ist hier mit Sicherheit bestens aufgehoben. Der Verein freut sich \u00fcber jeden Besucher, der Interesse f\u00fcr die beispiellose Arbeit des Vereines mitbringt, den Michelsberg am Leben zu erhalten.<\/p>\n<p>Ein Besuch ist jeden Euro Wert und unterst\u00fctzt die Mitglieder bei ihrer Arbeit, die alle Mittel aus privater Tasche bezahlen, damit das Werk der Nachwelt erhalten bleibt.<\/p>\n<p>Vielen Dank\u2026<\/p>\n<p style=\"text-align: justify;\">&nbsp;<\/p>\nngg_shortcode_0_placeholder\n","protected":false},"excerpt":{"rendered":"<p>Artilleriewerk Michelsberg (Gros Ouvrage A22) &nbsp; 19 Kilometer s\u00fcd\u00f6stlich von Thionville befindet sich dieses mittelgro\u00dfe Artilleriewerk im Sperrabschnitt von Boulay. Das Werk verf\u00fcgt \u00fcber f\u00fcnf Kampfbunker, wovon drei mit Artilleriebewaffnung ausger\u00fcstet sind. Der Eingangsbunker ist ein kombinierter Eingang f\u00fcr Mensch und Material. Unter dem Kommando von Hauptmann Palletier standen hier 514 Mann des 164. RIF [&hellip;]<\/p>\n","protected":false},"author":2,"featured_media":0,"parent":0,"menu_order":0,"comment_status":"closed","ping_status":"closed","template":"template-page-no-title.php","meta":{"ngg_post_thumbnail":0,"footnotes":""},"class_list":["post-366","page","type-page","status-publish","hentry"],"_links":{"self":[{"href":"https:\/\/deep-darkness.org\/wpdeepdarkness\/wp-json\/wp\/v2\/pages\/366","targetHints":{"allow":["GET"]}}],"collection":[{"href":"https:\/\/deep-darkness.org\/wpdeepdarkness\/wp-json\/wp\/v2\/pages"}],"about":[{"href":"https:\/\/deep-darkness.org\/wpdeepdarkness\/wp-json\/wp\/v2\/types\/page"}],"author":[{"embeddable":true,"href":"https:\/\/deep-darkness.org\/wpdeepdarkness\/wp-json\/wp\/v2\/users\/2"}],"replies":[{"embeddable":true,"href":"https:\/\/deep-darkness.org\/wpdeepdarkness\/wp-json\/wp\/v2\/comments?post=366"}],"version-history":[{"count":4,"href":"https:\/\/deep-darkness.org\/wpdeepdarkness\/wp-json\/wp\/v2\/pages\/366\/revisions"}],"predecessor-version":[{"id":2605,"href":"https:\/\/deep-darkness.org\/wpdeepdarkness\/wp-json\/wp\/v2\/pages\/366\/revisions\/2605"}],"wp:attachment":[{"href":"https:\/\/deep-darkness.org\/wpdeepdarkness\/wp-json\/wp\/v2\/media?parent=366"}],"curies":[{"name":"wp","href":"https:\/\/api.w.org\/{rel}","templated":true}]}}