{"id":375,"date":"2016-12-13T17:32:05","date_gmt":"2016-12-13T16:32:05","guid":{"rendered":"http:\/\/deep-darkness.org\/wpdeepdarkness\/?page_id=375"},"modified":"2025-06-06T17:52:36","modified_gmt":"2025-06-06T15:52:36","slug":"infanteriewerk-hobling","status":"publish","type":"page","link":"https:\/\/deep-darkness.org\/wpdeepdarkness\/infanteriewerk-hobling\/","title":{"rendered":"Infanteriewerk Hobling (Petite Ouvrage A23)"},"content":{"rendered":"<h1 style=\"text-align: justify;\"><span style=\"color: #ff9900;\">Infanteriewerk Hobling (Petite Ouvrage A23)<\/span><\/h1>\n<p>Bei diesem Werk handelt es sich um eines der petites ouvrages der Maginotlinie. Das Infanteriewerk geh\u00f6rt dem Festungsabschnitt von Boulay an. Neben dem Infanteriewerk Bois de Bousse (A24) sperrte Hobling zwischen den Artilleriewerken Michelsberg (A22) und Anzeling (A25) den Verteidigungsabschnitt mit seiner Feuerkraft. Das Bauprinzip der petites ouvrages \u00e4hnelt dem der Artilleriewerke. Allerdings ist alles kleiner dimensioniert. Die G\u00e4nge, Aufz\u00fcge, Kasernen und Lagerst\u00e4tten wirken nahezu bescheiden gegen die gro\u00df angelegten Artilleriewerke.<\/p>\n<p>Im allgemeinen bestand ein Infanteriewerk aus zwei bis vier Bunkern, die unterirdisch mit einem Hohlgang verbunden waren. A 23 umfasste vier Bunker, wobei der n\u00f6rdlichste auch als Eingang diente. Eine werkseigene Schmalspurbahn findet man hier nicht. Bewaffnet war das Werk mit Infanteriewaffen, d.h. mit Maschinengewehren und Panzerabwehrkanonen.<\/p>\n<p>Hauptmann Boileau befehligte hier 120 Mann des 162.RIF. Heute ist das Werk leider in einem desolaten Zustand. Schrotth\u00e4ndler haben nicht davor zur\u00fcckgeschreckt selbst die Kuppeln der Bunker 1 und 3 herauszuschweissen.<\/p>\n<p>&nbsp;<img loading=\"lazy\" decoding=\"async\" class=\"size-full wp-image-377 aligncenter\" src=\"http:\/\/deep-darkness.org\/wpdeepdarkness\/wp-content\/uploads\/2016\/12\/werksplan_hobling.jpg\" alt=\"\" width=\"563\" height=\"515\" srcset=\"https:\/\/deep-darkness.org\/wpdeepdarkness\/wp-content\/uploads\/2016\/12\/werksplan_hobling.jpg 563w, https:\/\/deep-darkness.org\/wpdeepdarkness\/wp-content\/uploads\/2016\/12\/werksplan_hobling-300x274.jpg 300w\" sizes=\"auto, (max-width: 563px) 100vw, 563px\" \/><\/p>\n<p><span style=\"color: #ff0000;\">Update 10.06.2011:<\/span><\/p>\n<p>Das Werk befindet sich nun in Privatbesitz und ist verschlossen. Laut dem neuen Besitzer soll auf Anfrage bald eine Besichtigung m\u00f6glich sein.<\/p>\n<p style=\"text-align: justify;\">&nbsp;<\/p>\nngg_shortcode_0_placeholder\n","protected":false},"excerpt":{"rendered":"<p>Infanteriewerk Hobling (Petite Ouvrage A23) Bei diesem Werk handelt es sich um eines der petites ouvrages der Maginotlinie. Das Infanteriewerk geh\u00f6rt dem Festungsabschnitt von Boulay an. Neben dem Infanteriewerk Bois de Bousse (A24) sperrte Hobling zwischen den Artilleriewerken Michelsberg (A22) und Anzeling (A25) den Verteidigungsabschnitt mit seiner Feuerkraft. Das Bauprinzip der petites ouvrages \u00e4hnelt dem [&hellip;]<\/p>\n","protected":false},"author":2,"featured_media":0,"parent":0,"menu_order":0,"comment_status":"closed","ping_status":"closed","template":"template-page-no-title.php","meta":{"ngg_post_thumbnail":0,"footnotes":""},"class_list":["post-375","page","type-page","status-publish","hentry"],"_links":{"self":[{"href":"https:\/\/deep-darkness.org\/wpdeepdarkness\/wp-json\/wp\/v2\/pages\/375","targetHints":{"allow":["GET"]}}],"collection":[{"href":"https:\/\/deep-darkness.org\/wpdeepdarkness\/wp-json\/wp\/v2\/pages"}],"about":[{"href":"https:\/\/deep-darkness.org\/wpdeepdarkness\/wp-json\/wp\/v2\/types\/page"}],"author":[{"embeddable":true,"href":"https:\/\/deep-darkness.org\/wpdeepdarkness\/wp-json\/wp\/v2\/users\/2"}],"replies":[{"embeddable":true,"href":"https:\/\/deep-darkness.org\/wpdeepdarkness\/wp-json\/wp\/v2\/comments?post=375"}],"version-history":[{"count":4,"href":"https:\/\/deep-darkness.org\/wpdeepdarkness\/wp-json\/wp\/v2\/pages\/375\/revisions"}],"predecessor-version":[{"id":2649,"href":"https:\/\/deep-darkness.org\/wpdeepdarkness\/wp-json\/wp\/v2\/pages\/375\/revisions\/2649"}],"wp:attachment":[{"href":"https:\/\/deep-darkness.org\/wpdeepdarkness\/wp-json\/wp\/v2\/media?parent=375"}],"curies":[{"name":"wp","href":"https:\/\/api.w.org\/{rel}","templated":true}]}}