{"id":39,"date":"2016-12-12T12:40:08","date_gmt":"2016-12-12T11:40:08","guid":{"rendered":"http:\/\/deep-darkness.org\/wpdeepdarkness\/?page_id=39"},"modified":"2025-06-05T11:17:25","modified_gmt":"2025-06-05T09:17:25","slug":"hinweise","status":"publish","type":"page","link":"https:\/\/deep-darkness.org\/wpdeepdarkness\/hinweise\/","title":{"rendered":"Hinweise"},"content":{"rendered":"<h1><span style=\"color: #ff9900;\">Allgemeine Hinweise<\/span><\/h1>\n<p>&nbsp;<\/p>\n<p style=\"text-align: justify;\">Wir distanzieren uns von jeglicher Form des Radikalismus, insbesondere dem Rechtsradikalismus. Diese Seite dient nicht der Verherrlichung der \u00dcberbleibsel aus dem Naziregime, sondern dient dem stillen Gedenken der Vergangenheit, eines schrecklichen Krieges und der heute noch erhaltenen Bauwerke, gegen das Vergessen eines dunklen Kapitels der Menschheitsgeschichte.<\/p>\n<p style=\"text-align: justify;\">Wir raten dringend davon ab, die auf dieser Seite vorgestellten Exkursionen nachzuahmen. In Bunkern, U-Verlagerungen und alten Geb\u00e4uden besteht jederzeit akute Lebensgefahr, sei es durch einsturzgef\u00e4hrdete Decken, L\u00f6cher im Boden oder die nicht zu untersch\u00e4tzende Gefahr des Verlaufens in gro\u00dfen Anlagen!<\/p>\n<p style=\"text-align: justify;\">&nbsp;<\/p>\n<h4 style=\"text-align: justify;\">Unsere Verhaltensregeln in alten Anlagen jeglicher Art:<\/h4>\n<p style=\"text-align: justify;\">&nbsp;<\/p>\n<ul style=\"text-align: justify;\">\n<li>Wir gehen niemals ohne ausreichende Ausr\u00fcstung.<\/li>\n<\/ul>\n<ul style=\"text-align: justify;\">\n<li>Wir respektieren, dass wir G\u00e4ste sind. Viele Bunker, U-Verlagerungen und Stollen sind das Lebensrevier seltener und gesch\u00fctzter Tiere, wie z. B. Flederm\u00e4use oder Feuersalamander. Wir halten uns an die Fledermausschutzzeiten vom 1. Oktober bis 31. M\u00e4rz. Zu diesem Zeitpunkt wird selbstverst\u00e4ndlich keine Anlage betreten, in der Flederm\u00e4use leben.<\/li>\n<\/ul>\n<ul style=\"text-align: justify;\">\n<li>Es wird kein M\u00fcll hinterlassen. Wir sehen leider immer wieder in Anlagen Batterien, Getr\u00e4nkeflaschen, leere Gaskartuschen und sonstigen M\u00fcll. Wer stark genug ist diese Sachen reinzuschleppen, sollte auch stark genug sein sie wieder mitzunehmen.<\/li>\n<\/ul>\n<ul style=\"text-align: justify;\">\n<li>Schmierereien und Wegpfeile an W\u00e4nde zu malen ist tabu. Wer mutig genug ist solche Anlagen zu betreten, sollte auch wissen, wie man sich ohne solche Sauereien orientiert, zurecht- und wieder herausfindet. Und wie schade und unersetzlich ist es, wenn Graffitis \u00fcber uralte Texte auf Bunkerw\u00e4nden gespr\u00fcht werden und damit f\u00fcr immer verloren sind.<\/li>\n<\/ul>\n<ul style=\"text-align: justify;\">\n<li>Verbote sind zu beachten. Ist es nicht gestattet eine Anlage zu betreten, halten wir uns daran. In diesem Zusammenhang m\u00f6chten wir erw\u00e4hnen, dass man mit Freundlichkeit und offen legen der eigenen Interessen bei beh\u00f6rdlichen Institutionen und deren juristische Personen oft erstaunliche Ergebnisse erreicht.<\/li>\n<\/ul>\n<ul style=\"text-align: justify;\">\n<li>Es wird aus alten Anlagen nichts mitgenommen, au\u00dfer Fotos und Eindr\u00fccke.<\/li>\n<\/ul>\n<ul style=\"text-align: justify;\">\n<li>Fackeln als Beleuchtungsmittel sind absolut tabu. Durch den Ru\u00df werden die Decken f\u00fcr Flederm\u00e4use als Quartier unbewohnbar und die flackernde, unzureichende Beleuchtung ist lebensgef\u00e4hrlich.<\/li>\n<\/ul>\n<ul style=\"text-align: justify;\">\n<li>Es wei\u00df immer einer, der nicht mitgeht, wo wir sind. Es gibt fest ausgemachten Zeiten an denen wir uns bei ihm melden, wenn wir die Anlage betreten und wieder verlassen haben.<\/li>\n<\/ul>\n<ul style=\"text-align: justify;\">\n<li>Nach M\u00f6glichkeit trennen wir uns in einer Anlage nie, ausser zu kurzen Erkundungen. Dabei nehmen wir immer die Funkger\u00e4te mit und erscheint der Abstecher des einzelnen auch noch so kurz.<\/li>\n<\/ul>\n<ul>\n<li style=\"text-align: justify;\">Ebenfalls w\u00fcrden wir nie auf die unsinnige Idee kommen, ein Lagerfeuer in einer Anlage zu machen oder dort gar Alkohol zu trinken. Aber das versteht sich eigentlich von selber.<\/li>\n<\/ul>\n","protected":false},"excerpt":{"rendered":"<p>Allgemeine Hinweise &nbsp; Wir distanzieren uns von jeglicher Form des Radikalismus, insbesondere dem Rechtsradikalismus. Diese Seite dient nicht der Verherrlichung der \u00dcberbleibsel aus dem Naziregime, sondern dient dem stillen Gedenken der Vergangenheit, eines schrecklichen Krieges und der heute noch erhaltenen Bauwerke, gegen das Vergessen eines dunklen Kapitels der Menschheitsgeschichte. Wir raten dringend davon ab, die [&hellip;]<\/p>\n","protected":false},"author":2,"featured_media":0,"parent":0,"menu_order":0,"comment_status":"closed","ping_status":"closed","template":"template-page-no-title.php","meta":{"ngg_post_thumbnail":0,"footnotes":""},"class_list":["post-39","page","type-page","status-publish","hentry"],"_links":{"self":[{"href":"https:\/\/deep-darkness.org\/wpdeepdarkness\/wp-json\/wp\/v2\/pages\/39","targetHints":{"allow":["GET"]}}],"collection":[{"href":"https:\/\/deep-darkness.org\/wpdeepdarkness\/wp-json\/wp\/v2\/pages"}],"about":[{"href":"https:\/\/deep-darkness.org\/wpdeepdarkness\/wp-json\/wp\/v2\/types\/page"}],"author":[{"embeddable":true,"href":"https:\/\/deep-darkness.org\/wpdeepdarkness\/wp-json\/wp\/v2\/users\/2"}],"replies":[{"embeddable":true,"href":"https:\/\/deep-darkness.org\/wpdeepdarkness\/wp-json\/wp\/v2\/comments?post=39"}],"version-history":[{"count":13,"href":"https:\/\/deep-darkness.org\/wpdeepdarkness\/wp-json\/wp\/v2\/pages\/39\/revisions"}],"predecessor-version":[{"id":1574,"href":"https:\/\/deep-darkness.org\/wpdeepdarkness\/wp-json\/wp\/v2\/pages\/39\/revisions\/1574"}],"wp:attachment":[{"href":"https:\/\/deep-darkness.org\/wpdeepdarkness\/wp-json\/wp\/v2\/media?parent=39"}],"curies":[{"name":"wp","href":"https:\/\/api.w.org\/{rel}","templated":true}]}}