{"id":403,"date":"2016-12-13T17:56:11","date_gmt":"2016-12-13T16:56:11","guid":{"rendered":"http:\/\/deep-darkness.org\/wpdeepdarkness\/?page_id=403"},"modified":"2016-12-13T18:01:49","modified_gmt":"2016-12-13T17:01:49","slug":"abschnitt-rohrbach","status":"publish","type":"page","link":"https:\/\/deep-darkness.org\/wpdeepdarkness\/abschnitt-rohrbach\/","title":{"rendered":"Abschnitt Rohrbach"},"content":{"rendered":"<h1 style=\"text-align: justify;\"><span style=\"color: #ff9900;\">Abschnitt Rohrbach<\/span><\/h1>\n<p style=\"text-align: justify;\">&nbsp;<\/p>\n<p>Der Festungsabschnitt Rohrbach schlie\u00dft sich an den Ostrand der Saarregion an. Mit dem Platau von Rohrbach ist er der erste, der drei Festungsabschnitte des Festungsgebietes Lauter, der sich auf eine L\u00e4nge von ca. 18 Kilometern erstreckt. Die Namensgebung dieses Gebietes r\u00fchrt von einem kleinen Grenzfluss zwischen Deutschland und Frankreich, der im Norden des Elsass von Weissenburg nach Lauterburg flie\u00dft.<\/p>\n<p style=\"text-align: justify;\"><img loading=\"lazy\" decoding=\"async\" class=\"alignright size-full wp-image-405\" src=\"http:\/\/deep-darkness.org\/wpdeepdarkness\/wp-content\/uploads\/2016\/12\/region_rohrbach.jpg\" alt=\"\" height=\"383\" width=\"400\" srcset=\"https:\/\/deep-darkness.org\/wpdeepdarkness\/wp-content\/uploads\/2016\/12\/region_rohrbach.jpg 400w, https:\/\/deep-darkness.org\/wpdeepdarkness\/wp-content\/uploads\/2016\/12\/region_rohrbach-300x287.jpg 300w\" sizes=\"auto, (max-width: 400px) 100vw, 400px\" \/><\/p>\n<p style=\"text-align: justify;\">&nbsp;<\/p>\n<p style=\"text-align: justify;\">Die Feuerkraft der drei Festungsabschnitte Rohrbach, Vogesen und Hagenau sperrten den Nordosten von Lothringen und den Nordosten des Elsass bis zum Rhein. Die Anlagen des linken Fl\u00fcgels des Festungsabschnittes Rohrbach entstammen dem Programm Nouveaux Fronts in der Bauzeit von 1935 \u2013 1938, die des rechten Fl\u00fcgels dem CORF- Programm von 1930 \u2013 1935. Die Infanteriewerke Welschhof und Rohrbach geh\u00f6ren zu den sparsam gebauten Anlagen. Aufgrund von Verz\u00f6gerungen zwischen Planung und Ausf\u00fchrung sowie finanziellen Engp\u00e4ssen entfiel die Artilleriebewaffnung dieser Werke. Einzig das Artilleriewerk Simserhof am rechten Fl\u00fcgel von Rohrbach verf\u00fcgte \u00fcber entsprechende Bewaffnung. Zu den Infanteriewerken und dem Artilleriewerk des Sperrabschnittes wurden strategisch noch ca 20 Kasematten und Gro\u00dfunterst\u00e4nde angelegt.<\/p>\n<p>Am 14. und 15. Juni 1940 griffen die Deutschen den Westabschnitt des Sperrabschnittes von Faulquemont, die Mitte der Saarregion und den Osten des Sperrabschnittes Rohrbach mit schwerem Artilleriefeuer an. Mit 3.7-cm Panzerabwehrkanonen, 8.8-cm-Flak und Stukaangriffen versuchte die Wehrmacht die Linien zu durchbrechen. Nach heftigem Widerstand der Franzosen, diversen blutigen K\u00e4mpfen und dem Truppenbefehl des franz\u00f6sischen Oberkommandos sich in s\u00fcdliche Richtung zur Neugruppierung in die Vogesen zur\u00fcckzuziehen, durchst\u00f6\u00dft die Wehrmacht am 15. Juni die Maginotlinie.<\/p>\n<p style=\"text-align: justify;\">&nbsp;<\/p>\n<p style=\"text-align: justify;\">Die Werke von Rohrbach k\u00f6nnen nun \u00fcber die Flanken von hinten angegriffen werden. Das Infanteriewerk Haut Poirier, welches 1940 dem Festungsgebiet Saar angegliedert wurde, fiel nach schweren K\u00e4mpfen am 21 Juni. Das Infanteriewerk Welschhof ergab sich am 24. Juni.<\/p>\n<p>Die Infanteriebewaffnung konnte der deutschen Artillerie nichts entgegen setzen. Lediglich das Infanteriewerk Rohrbach musste sich bei dieser Schlacht nicht geschlagen geben, da es von der schweren Artillerie des Simserhof gesch\u00fctzt wurde.<br \/>\n&nbsp;<\/p>\n<p>Hier nun alle, von Deep Darkness besuchten Werke im Festungsabschnitt Rohrbach.<\/p>\n<p style=\"text-align: justify;\"><img loading=\"lazy\" decoding=\"async\" class=\"size-full wp-image-406 alignleft\" src=\"http:\/\/deep-darkness.org\/wpdeepdarkness\/wp-content\/uploads\/2016\/12\/abschnitt_welschhof.jpg\" alt=\"\" height=\"80\" width=\"120\"><\/p>\n<p style=\"text-align: justify;\">&nbsp;<\/p>\n<p style=\"text-align: justify;\"><a href=\"http:\/\/deep-darkness.org\/wpdeepdarkness\/infanteriewerk-welschhof\/\"><span style=\"color: #ff9900;\">Infanteriewerk Welschhof (0240)<\/span><\/a><\/p>\n","protected":false},"excerpt":{"rendered":"<p>Abschnitt Rohrbach &nbsp; Der Festungsabschnitt Rohrbach schlie\u00dft sich an den Ostrand der Saarregion an. Mit dem Platau von Rohrbach ist er der erste, der drei Festungsabschnitte des Festungsgebietes Lauter, der sich auf eine L\u00e4nge von ca. 18 Kilometern erstreckt. Die Namensgebung dieses Gebietes r\u00fchrt von einem kleinen Grenzfluss zwischen Deutschland und Frankreich, der im Norden [&hellip;]<\/p>\n","protected":false},"author":2,"featured_media":0,"parent":0,"menu_order":0,"comment_status":"closed","ping_status":"closed","template":"template-page-no-title.php","meta":{"ngg_post_thumbnail":0,"footnotes":""},"class_list":["post-403","page","type-page","status-publish","hentry"],"_links":{"self":[{"href":"https:\/\/deep-darkness.org\/wpdeepdarkness\/wp-json\/wp\/v2\/pages\/403","targetHints":{"allow":["GET"]}}],"collection":[{"href":"https:\/\/deep-darkness.org\/wpdeepdarkness\/wp-json\/wp\/v2\/pages"}],"about":[{"href":"https:\/\/deep-darkness.org\/wpdeepdarkness\/wp-json\/wp\/v2\/types\/page"}],"author":[{"embeddable":true,"href":"https:\/\/deep-darkness.org\/wpdeepdarkness\/wp-json\/wp\/v2\/users\/2"}],"replies":[{"embeddable":true,"href":"https:\/\/deep-darkness.org\/wpdeepdarkness\/wp-json\/wp\/v2\/comments?post=403"}],"version-history":[{"count":3,"href":"https:\/\/deep-darkness.org\/wpdeepdarkness\/wp-json\/wp\/v2\/pages\/403\/revisions"}],"predecessor-version":[{"id":415,"href":"https:\/\/deep-darkness.org\/wpdeepdarkness\/wp-json\/wp\/v2\/pages\/403\/revisions\/415"}],"wp:attachment":[{"href":"https:\/\/deep-darkness.org\/wpdeepdarkness\/wp-json\/wp\/v2\/media?parent=403"}],"curies":[{"name":"wp","href":"https:\/\/api.w.org\/{rel}","templated":true}]}}