{"id":418,"date":"2016-12-13T18:07:31","date_gmt":"2016-12-13T17:07:31","guid":{"rendered":"http:\/\/deep-darkness.org\/wpdeepdarkness\/?page_id=418"},"modified":"2016-12-13T18:13:22","modified_gmt":"2016-12-13T17:13:22","slug":"abschnitt-vogesen","status":"publish","type":"page","link":"https:\/\/deep-darkness.org\/wpdeepdarkness\/abschnitt-vogesen\/","title":{"rendered":"Abschnitt Vogesen"},"content":{"rendered":"<h1 style=\"text-align: justify;\"><span style=\"color: #ff9900;\">Abschnitt Vogesen<\/span><\/h1>\n<p>&nbsp;<\/p>\n<p>\u00d6stlich des Artilleriewerkes Simserhof grenzt der Festungsabschnitt der Vogesen an den Festungsabschnitt von Rohrbach. Dieser erstreckt sich auf einer Distanz von 33 Kilometern bis zum Tal der Sauer bei Lembach.<\/p>\n<p style=\"text-align: justify;\"><img loading=\"lazy\" decoding=\"async\" class=\"alignright size-full wp-image-420\" src=\"http:\/\/deep-darkness.org\/wpdeepdarkness\/wp-content\/uploads\/2016\/12\/region_vogesen.jpg\" alt=\"\" height=\"389\" width=\"423\" srcset=\"https:\/\/deep-darkness.org\/wpdeepdarkness\/wp-content\/uploads\/2016\/12\/region_vogesen.jpg 423w, https:\/\/deep-darkness.org\/wpdeepdarkness\/wp-content\/uploads\/2016\/12\/region_vogesen-300x276.jpg 300w\" sizes=\"auto, (max-width: 423px) 100vw, 423px\" \/><\/p>\n<p>Ebenso unterschiedlich wie die landschaftlichen Gegebenheiten sind auch dessen Ausbaust\u00e4rken. Die Grenzen der Vogesen sind sehr stark befestigt, die Niedervogesen eher schwach. Dem Festungsabschnitt geh\u00f6ren drei Artilleriewerke (GO Schiesseck, GO Grand Hohekirkel und GO Four a Cheaux), zwei Infanteriewerke (PO Otterbiel und PO Lembach) und dazwischen eine Reihe von Kasematten an. Ferner befanden sich in den Vogesen mehrere, zu Verteidigungszwecken angelegte, \u00dcberschwemmungsgebiete.<\/p>\n<p>Zwei flankierende Artilleriekasematten runden die Ausbaust\u00e4rke ab.In den Nordvogesen oder genauer gesagt beim GO Grand Hohekirkel beginnt der schw\u00e4cher gesicherte Bereich, der bis Lembach reicht. Hier waren drei weitere Infanteriewerke geplant, die jedoch dem Rotstift zum Opfer fielen. Man beschr\u00e4nkte sich auf den Bau von CORF-Kasematten und einzelner Bunker, da die Annahme getroffen wurde, dass dieser gebirgige Bereich keiner hohen Ausbaust\u00e4rke bedarf. Durch Sprengungen von Br\u00fccken und Stra\u00dfen sowie gef\u00e4llter B\u00e4ume sollte das Vorgel\u00e4nde ausreichend gesperrt werden. Eine fatale Fehleinsch\u00e4tzung. Am 19. Juni 1940 griff die 215.ID, unbeeindruckt von den Hindernissen, die Linie an. Einzig das Maschinengewehrfeuer an der Kasemattenlinie erschwerte den deutschen Vorsto\u00df, konnte die Angreifer jedoch auch nicht abwehren, da au\u00dfer leichter Infanteriebewaffnung keine weiteren Verteidigungsmittel zur Verf\u00fcgung standen.<\/p>\n<p>&nbsp;<\/p>\n<p>Hier nun alle, von Deep Darkness besuchten Werke im Festungsabschnitt Vogesen.<\/p>\n<p style=\"text-align: justify;\"><img loading=\"lazy\" decoding=\"async\" class=\"size-full wp-image-421 alignleft\" src=\"http:\/\/deep-darkness.org\/wpdeepdarkness\/wp-content\/uploads\/2016\/12\/abschnitt_lembach.jpg\" alt=\"\" height=\"80\" width=\"120\"><\/p>\n<p style=\"text-align: justify;\">&nbsp;<\/p>\n<p style=\"text-align: justify;\"><a href=\"http:\/\/deep-darkness.org\/wpdeepdarkness\/infanteriewerk-lembach\/\"><span style=\"color: #ff9900;\">Infanteriewerk Lembach (0550)<\/span><\/a><\/p>\n<p style=\"text-align: justify;\">&nbsp;<\/p>\n<p style=\"text-align: justify;\">&nbsp;<\/p>\n","protected":false},"excerpt":{"rendered":"<p>Abschnitt Vogesen &nbsp; \u00d6stlich des Artilleriewerkes Simserhof grenzt der Festungsabschnitt der Vogesen an den Festungsabschnitt von Rohrbach. Dieser erstreckt sich auf einer Distanz von 33 Kilometern bis zum Tal der Sauer bei Lembach. Ebenso unterschiedlich wie die landschaftlichen Gegebenheiten sind auch dessen Ausbaust\u00e4rken. Die Grenzen der Vogesen sind sehr stark befestigt, die Niedervogesen eher schwach. [&hellip;]<\/p>\n","protected":false},"author":2,"featured_media":0,"parent":0,"menu_order":0,"comment_status":"closed","ping_status":"closed","template":"template-page-no-title.php","meta":{"ngg_post_thumbnail":0,"footnotes":""},"class_list":["post-418","page","type-page","status-publish","hentry"],"_links":{"self":[{"href":"https:\/\/deep-darkness.org\/wpdeepdarkness\/wp-json\/wp\/v2\/pages\/418","targetHints":{"allow":["GET"]}}],"collection":[{"href":"https:\/\/deep-darkness.org\/wpdeepdarkness\/wp-json\/wp\/v2\/pages"}],"about":[{"href":"https:\/\/deep-darkness.org\/wpdeepdarkness\/wp-json\/wp\/v2\/types\/page"}],"author":[{"embeddable":true,"href":"https:\/\/deep-darkness.org\/wpdeepdarkness\/wp-json\/wp\/v2\/users\/2"}],"replies":[{"embeddable":true,"href":"https:\/\/deep-darkness.org\/wpdeepdarkness\/wp-json\/wp\/v2\/comments?post=418"}],"version-history":[{"count":6,"href":"https:\/\/deep-darkness.org\/wpdeepdarkness\/wp-json\/wp\/v2\/pages\/418\/revisions"}],"predecessor-version":[{"id":433,"href":"https:\/\/deep-darkness.org\/wpdeepdarkness\/wp-json\/wp\/v2\/pages\/418\/revisions\/433"}],"wp:attachment":[{"href":"https:\/\/deep-darkness.org\/wpdeepdarkness\/wp-json\/wp\/v2\/media?parent=418"}],"curies":[{"name":"wp","href":"https:\/\/api.w.org\/{rel}","templated":true}]}}