{"id":427,"date":"2016-12-13T18:12:51","date_gmt":"2016-12-13T17:12:51","guid":{"rendered":"http:\/\/deep-darkness.org\/wpdeepdarkness\/?page_id=427"},"modified":"2025-06-06T18:06:23","modified_gmt":"2025-06-06T16:06:23","slug":"infanteriewerk-lembach","status":"publish","type":"page","link":"https:\/\/deep-darkness.org\/wpdeepdarkness\/infanteriewerk-lembach\/","title":{"rendered":"Infanteriewerk Lembach (Petite Ouvrage 0220)"},"content":{"rendered":"<h1 style=\"text-align: justify;\"><span style=\"color: #ff9900;\">Infanteriewerk Lembach (Petite Ouvrage 0220)<\/span><\/h1>\n<p>&nbsp;<\/p>\n<p>Dieses Werk mit seinem verkleinerten Eingang und drei weiteren Bunkern in den Nordvogesen ist das erste von vier st\u00e4rkeren Werken zur Verteidigung einer Linie von ca. 20 Kilometern bis zum Rhein im n\u00f6rdlichen Elsass. Es liegt ca. 2 Kilometer s\u00fcdwestlich der Ortschaft Lembach. Hauptmann Droin befehligte etwa 200 Mann des 165. RIF.Rund um das Werk befinden sich noch heute Panzerhindernisse in Form von senkrecht in den Boden gerammten Eisenbahnschienen. Es verf\u00fcgt \u00fcber keine Turmbewaffnung.<\/p>\n<p>Urspr\u00fcnglich war eine Bewaffnung mit zwei 8.1-cm Granatwerfen geplant. Auch sollte es mit einem zweiten Eingangsbunker ausgestattet werden. Gebaut wurde letztendlich ein Infanteriewerk in seiner heutigen Form. Ein bereits erw\u00e4hnter verkleinerter Eingang, zwei Infanteriebunker und ein Beobachtungsbunker (Bunker 3) mit zwei zus\u00e4tzlichen Kuppeln f\u00fcr Zwillingsmaschinengewehre.<\/p>\n<p><img loading=\"lazy\" decoding=\"async\" class=\"size-full wp-image-430 aligncenter\" src=\"http:\/\/deep-darkness.org\/wpdeepdarkness\/wp-content\/uploads\/2016\/12\/lembach_am_set.jpg\" alt=\"\" width=\"500\" height=\"357\" srcset=\"https:\/\/deep-darkness.org\/wpdeepdarkness\/wp-content\/uploads\/2016\/12\/lembach_am_set.jpg 500w, https:\/\/deep-darkness.org\/wpdeepdarkness\/wp-content\/uploads\/2016\/12\/lembach_am_set-300x214.jpg 300w\" sizes=\"auto, (max-width: 500px) 100vw, 500px\" \/><\/p>\n<p style=\"text-align: center;\"><em>Am Set<\/em><\/p>\n<p>Die Aufgabe des PO Lembach lag zusammen&nbsp; mit seinem Nachbarn, dem GO Four a Chaux, in der Verteidigung des Tales der Sauer. Dieses galt als m\u00f6glicher Aufmarschweg der deutschen Wehrmacht. Im Juni 1940 wurde es von deutscher Artillerie und der Luftwaffe angegriffen. Seine Mannschaft konnte das Werk jedoch bis zum offiziellen Waffenstillstand halten.Nach der Besetzung durch die Wehrmacht f\u00fchrten die Besatzer im Inneren Sprengversuche durch.<\/p>\n<p>Nach dem Krieg wurde es teilweise wieder instandgesetzt und wechselte mehrfach den Besitzer. Das Innere ist in einem sehr schlechten Zustand und es erinnert kaum noch etwas an den einstigen Bestimmungsgrund.<\/p>\n<p>Wir sind bem\u00fcht eine Genehmigung f\u00fcr eine Befahrung des Inneren zu erlangen. Die entsprechenden Bilder werden&nbsp; zu gegebener Zeit nachgereicht. Bis dies geschieht, haben wir fototechnisch versucht, eine n\u00e4chtliche Au\u00dfenkulisse zu erschaffen und diese in Szene zu setzen.<\/p>\n<p style=\"text-align: justify;\">&nbsp;<\/p>\nngg_shortcode_0_placeholder\n","protected":false},"excerpt":{"rendered":"<p>Infanteriewerk Lembach (Petite Ouvrage 0220) &nbsp; Dieses Werk mit seinem verkleinerten Eingang und drei weiteren Bunkern in den Nordvogesen ist das erste von vier st\u00e4rkeren Werken zur Verteidigung einer Linie von ca. 20 Kilometern bis zum Rhein im n\u00f6rdlichen Elsass. Es liegt ca. 2 Kilometer s\u00fcdwestlich der Ortschaft Lembach. Hauptmann Droin befehligte etwa 200 Mann [&hellip;]<\/p>\n","protected":false},"author":2,"featured_media":0,"parent":0,"menu_order":0,"comment_status":"closed","ping_status":"closed","template":"template-page-no-title.php","meta":{"ngg_post_thumbnail":0,"footnotes":""},"class_list":["post-427","page","type-page","status-publish","hentry"],"_links":{"self":[{"href":"https:\/\/deep-darkness.org\/wpdeepdarkness\/wp-json\/wp\/v2\/pages\/427","targetHints":{"allow":["GET"]}}],"collection":[{"href":"https:\/\/deep-darkness.org\/wpdeepdarkness\/wp-json\/wp\/v2\/pages"}],"about":[{"href":"https:\/\/deep-darkness.org\/wpdeepdarkness\/wp-json\/wp\/v2\/types\/page"}],"author":[{"embeddable":true,"href":"https:\/\/deep-darkness.org\/wpdeepdarkness\/wp-json\/wp\/v2\/users\/2"}],"replies":[{"embeddable":true,"href":"https:\/\/deep-darkness.org\/wpdeepdarkness\/wp-json\/wp\/v2\/comments?post=427"}],"version-history":[{"count":3,"href":"https:\/\/deep-darkness.org\/wpdeepdarkness\/wp-json\/wp\/v2\/pages\/427\/revisions"}],"predecessor-version":[{"id":2971,"href":"https:\/\/deep-darkness.org\/wpdeepdarkness\/wp-json\/wp\/v2\/pages\/427\/revisions\/2971"}],"wp:attachment":[{"href":"https:\/\/deep-darkness.org\/wpdeepdarkness\/wp-json\/wp\/v2\/media?parent=427"}],"curies":[{"name":"wp","href":"https:\/\/api.w.org\/{rel}","templated":true}]}}