{"id":466,"date":"2016-12-13T19:00:48","date_gmt":"2016-12-13T18:00:48","guid":{"rendered":"http:\/\/deep-darkness.org\/wpdeepdarkness\/?page_id=466"},"modified":"2025-06-06T14:31:40","modified_gmt":"2025-06-06T12:31:40","slug":"blockhaus-von-eperlecques","status":"publish","type":"page","link":"https:\/\/deep-darkness.org\/wpdeepdarkness\/blockhaus-von-eperlecques\/","title":{"rendered":"Blockhaus von Eperlecques"},"content":{"rendered":"<h1 style=\"text-align: justify;\"><span style=\"color: #ff9900;\">Blockhaus von Eperlecques<\/span><\/h1>\n<p style=\"text-align: justify;\">&nbsp;<\/p>\n<p style=\"text-align: justify;\">Am Waldrand des Dorfes Eperlecques im Norden Frankreichs erhebt sich diese gewaltige Bunkeranlage, deren Erbauung im M\u00e4rz des Jahres 1943 durch die Organisation Todt begann. Tausende Zwangsarbeiter wurden zur Verwirklichung des Bauprojektes hinzugezogen, unz\u00e4hlige fanden w\u00e4hrend der Bauphase durch die sp\u00e4teren Bombardierungen englischer Kampfgeschwader den Tod.<\/p>\n<p style=\"text-align: justify;\">Dieser monstr\u00f6se Komplex galt als einer der gr\u00f6\u00dften Bunkerbauten des 2. Weltkrieges. Anf\u00e4nglich von England ignoriert, sollte er dem Zusammenbau, der Produktion und Bef\u00fcllung mit Fl\u00fcssigsauerstoff, so wie dem Abschuss von Deutschlands Wunderwaffe, der V2 auf London (Vergeltungswaffe2) dienen.<\/p>\n<p style=\"text-align: justify;\">Der 28 Meter hohe Bau, der \u00fcber 160.000m\u00b3 Beton verschlang und 322 Mann Besatzung forderte, wurde jedoch nur zu einem Drittel fertiggestellt. Durch die fortw\u00e4hrende Bombardierung der Baustelle entschloss man sich die Produktion der V2 untertage zu verlegen. Im nahe gelegenen Saint Omer entstand &#8222;La Coupole&#8220;, die Kuppel, wo fortan der Zusammenbau der V2 stattfand.<\/p>\n<p style=\"text-align: justify;\">Das Blockhaus von Eperlecque diente nun ausschlie\u00dflich der Produktion des fl\u00fcssigen Sauerstoffs, der als Raketenantrieb ben\u00f6tigt wurde. Dies geschah mittels f\u00fcnf Heylandkompressoren.<\/p>\n<p style=\"text-align: justify;\">Am 19. Juni 1944 verursachte die Detonation einer sechs Tonnen schweren englischen Tallboybombe an der S\u00fcdfassade der Anlage eine solche Ersch\u00fctterung und Vibration, dass die Pressgruppen im Inneren besch\u00e4digt wurden. Am 27. Juni entschieden die Ingenieure die Demontage und Evakuierung dieser Aggregate. Bei einem weiteren Bombardement vom 25. Juli 1944 rei\u00dft eine Tallboybombe einen 2,70 Meter tiefen Krater in die Decke der Nordfassade, was Risse in der metallischen Struktur der Anlage zur Folge hat.<\/p>\n<p style=\"text-align: justify;\">Die vollkommene Zerst\u00f6rung kann jedoch bis zur Befreiung des Blockhauses am 6.September des Jahres 1944 nicht erzielt werden. Im Gegenteil, die Reparaturarbeiten waren fast abgeschlossen.<\/p>\n<p style=\"text-align: justify;\">&nbsp;<\/p>\nngg_shortcode_0_placeholder\n","protected":false},"excerpt":{"rendered":"<p>Blockhaus von Eperlecques &nbsp; Am Waldrand des Dorfes Eperlecques im Norden Frankreichs erhebt sich diese gewaltige Bunkeranlage, deren Erbauung im M\u00e4rz des Jahres 1943 durch die Organisation Todt begann. Tausende Zwangsarbeiter wurden zur Verwirklichung des Bauprojektes hinzugezogen, unz\u00e4hlige fanden w\u00e4hrend der Bauphase durch die sp\u00e4teren Bombardierungen englischer Kampfgeschwader den Tod. Dieser monstr\u00f6se Komplex galt als [&hellip;]<\/p>\n","protected":false},"author":2,"featured_media":0,"parent":0,"menu_order":0,"comment_status":"closed","ping_status":"closed","template":"template-page-no-title.php","meta":{"ngg_post_thumbnail":0,"footnotes":""},"class_list":["post-466","page","type-page","status-publish","hentry"],"_links":{"self":[{"href":"https:\/\/deep-darkness.org\/wpdeepdarkness\/wp-json\/wp\/v2\/pages\/466","targetHints":{"allow":["GET"]}}],"collection":[{"href":"https:\/\/deep-darkness.org\/wpdeepdarkness\/wp-json\/wp\/v2\/pages"}],"about":[{"href":"https:\/\/deep-darkness.org\/wpdeepdarkness\/wp-json\/wp\/v2\/types\/page"}],"author":[{"embeddable":true,"href":"https:\/\/deep-darkness.org\/wpdeepdarkness\/wp-json\/wp\/v2\/users\/2"}],"replies":[{"embeddable":true,"href":"https:\/\/deep-darkness.org\/wpdeepdarkness\/wp-json\/wp\/v2\/comments?post=466"}],"version-history":[{"count":5,"href":"https:\/\/deep-darkness.org\/wpdeepdarkness\/wp-json\/wp\/v2\/pages\/466\/revisions"}],"predecessor-version":[{"id":1701,"href":"https:\/\/deep-darkness.org\/wpdeepdarkness\/wp-json\/wp\/v2\/pages\/466\/revisions\/1701"}],"wp:attachment":[{"href":"https:\/\/deep-darkness.org\/wpdeepdarkness\/wp-json\/wp\/v2\/media?parent=466"}],"curies":[{"name":"wp","href":"https:\/\/api.w.org\/{rel}","templated":true}]}}