{"id":471,"date":"2016-12-13T19:04:07","date_gmt":"2016-12-13T18:04:07","guid":{"rendered":"http:\/\/deep-darkness.org\/wpdeepdarkness\/?page_id=471"},"modified":"2025-06-06T14:34:23","modified_gmt":"2025-06-06T12:34:23","slug":"la-coupole","status":"publish","type":"page","link":"https:\/\/deep-darkness.org\/wpdeepdarkness\/la-coupole\/","title":{"rendered":"La Coupole &#8211; Die Kuppel"},"content":{"rendered":"<h1 style=\"text-align: justify;\"><span style=\"color: #ff9900;\">La Coupole &#8211; Die Kuppel<\/span><\/h1>\n<p style=\"text-align: justify;\">Nach den britischen Bombenangriffen auf das Blockhaus von Eperlecques begann die Planung eines neuen Bunkerkomplexes zur Lagerung und zum Abschuss von A4(V2) Raketen gegen England. Im September des Jahres 1943 begann unter der verschl\u00fcsselten Bezeichnung &#8222;Bauvorgaben 21&#8220;. bei Helfaut-Wizernes nahe Saint-Omer der Ausbau des gesicherten unterirdischen Komplexes. Anfang 1944 wurde an der Oberfl\u00e4che eines Plateaus eine Betonkuppel mit \u00fcber 71m Durchmesser und einer Dicke von 5m gegossen. Der Fels unter der Kuppel wurde langsam ausgeh\u00f6hlt.<\/p>\n<p style=\"text-align: justify;\">Parallel sollten laut Planung rund 10 Km Tunnel- und Stollenanlagen in den Berg getrieben werden. \u00c4hnlich wie beim Bau der Anlage von Eperlecques wurden die Arbeiten von Zwangsarbeitern und KZ-H\u00e4ftling unter unmenschlichen Bedingungen ausgef\u00fchrt. Die aus Nordhausen (KZ Dora) ankommenden V2 Raketen sollten hier betankt und aus der Anlage heraus gestartet werden. &#8222;La Coupole&#8220; war eine Lagerkapazit\u00e4t von 500 Flugk\u00f6rpern zugedacht. \u00dcber die beiden geplanten Abschussrampen der Anlage (Gustav und Gretchen) sollten mit einer maximalen Abschussfrequenz von 50 Raketen innerhalb von 24 Stunden die Angriffe gegen England erfolgen.<\/p>\n<p style=\"text-align: justify;\">Kurz nach Baubeginn hatte der englische Geheimdienst bereits vom Bau der Anlage erfahren. Ab M\u00e4rz 1944 wurde der Komlex von der britischen Bomberspezialeinheit &#8222;Dambusters&#8220; schwer attackiert. Bei 16 Hauptangriffen wurden 3193 Tonnen Bomben abgeworfen, darunter die bereits in Eperlecques zum Einsatz gekommenen &#8222;Tall Boy&#8220; Bomben. Im Juli 1944 wurde das Bauvorhaben eingestellt. Die Kuppel, der Abschussvorbereitungsraum, sowie 7 Km des unterirdischen Netzes waren zu diesem Zeitpunkt fertig gestellt.<\/p>\n<p style=\"text-align: justify;\">Eine Rakete wurde von diesem Ort aus nie gen England abgefeuert.<\/p>\n<p style=\"text-align: justify;\">&nbsp;<\/p>\nngg_shortcode_0_placeholder\n","protected":false},"excerpt":{"rendered":"<p>La Coupole &#8211; Die Kuppel Nach den britischen Bombenangriffen auf das Blockhaus von Eperlecques begann die Planung eines neuen Bunkerkomplexes zur Lagerung und zum Abschuss von A4(V2) Raketen gegen England. Im September des Jahres 1943 begann unter der verschl\u00fcsselten Bezeichnung &#8222;Bauvorgaben 21&#8220;. bei Helfaut-Wizernes nahe Saint-Omer der Ausbau des gesicherten unterirdischen Komplexes. Anfang 1944 wurde [&hellip;]<\/p>\n","protected":false},"author":2,"featured_media":0,"parent":0,"menu_order":0,"comment_status":"closed","ping_status":"closed","template":"template-page-no-title.php","meta":{"ngg_post_thumbnail":0,"footnotes":""},"class_list":["post-471","page","type-page","status-publish","hentry"],"_links":{"self":[{"href":"https:\/\/deep-darkness.org\/wpdeepdarkness\/wp-json\/wp\/v2\/pages\/471","targetHints":{"allow":["GET"]}}],"collection":[{"href":"https:\/\/deep-darkness.org\/wpdeepdarkness\/wp-json\/wp\/v2\/pages"}],"about":[{"href":"https:\/\/deep-darkness.org\/wpdeepdarkness\/wp-json\/wp\/v2\/types\/page"}],"author":[{"embeddable":true,"href":"https:\/\/deep-darkness.org\/wpdeepdarkness\/wp-json\/wp\/v2\/users\/2"}],"replies":[{"embeddable":true,"href":"https:\/\/deep-darkness.org\/wpdeepdarkness\/wp-json\/wp\/v2\/comments?post=471"}],"version-history":[{"count":4,"href":"https:\/\/deep-darkness.org\/wpdeepdarkness\/wp-json\/wp\/v2\/pages\/471\/revisions"}],"predecessor-version":[{"id":1714,"href":"https:\/\/deep-darkness.org\/wpdeepdarkness\/wp-json\/wp\/v2\/pages\/471\/revisions\/1714"}],"wp:attachment":[{"href":"https:\/\/deep-darkness.org\/wpdeepdarkness\/wp-json\/wp\/v2\/media?parent=471"}],"curies":[{"name":"wp","href":"https:\/\/api.w.org\/{rel}","templated":true}]}}