{"id":476,"date":"2016-12-13T19:08:19","date_gmt":"2016-12-13T18:08:19","guid":{"rendered":"http:\/\/deep-darkness.org\/wpdeepdarkness\/?page_id=476"},"modified":"2025-06-06T14:36:27","modified_gmt":"2025-06-06T12:36:27","slug":"malo-terminus","status":"publish","type":"page","link":"https:\/\/deep-darkness.org\/wpdeepdarkness\/malo-terminus\/","title":{"rendered":"MKB St. Malo Terminus"},"content":{"rendered":"<h1 style=\"text-align: justify;\"><span style=\"color: #ff9900;\">MKB St. Malo Terminus<\/span><\/h1>\n<p>&nbsp;<\/p>\n<p style=\"text-align: justify;\">Diese Marine K\u00fcstenbatterie befindet sich an den Str\u00e4nden Nordfrankreichs, angrenzend an die Hafenstadt D\u00fcnkirchen. 1778 wurde an dieser Stelle die Batterie Zuydcoote von den Franzosen erbaut. Sie diente urspr\u00fcnglich der K\u00fcstenverteidigung und zum Schutz des Hafens von D\u00fcnkirchen gegen die Briten. 1879 wurde der Standort weiter ausgebaut. 1939 umfasste die Batterie 13 franz\u00f6sische Gesch\u00fctze mit einer Reichweite von 26 Km. 1940 wurde von den Deutschen Invasoren eingenommen, ausgebaut und in den Atlantikwall integriert. Die ehemalige Batterie Zuydcoote wurde umgenannt in &#8222;Batterie Malo Terminus&#8220;.<\/p>\n<p style=\"text-align: justify;\">Ausgebaut wurde der Standort mit:<\/p>\n<ul style=\"text-align: justify;\">\n<li style=\"text-align: justify;\">1 x M 162 a (Leitstand f\u00fcr leichte Seezielbatterien)<\/li>\n<li style=\"text-align: justify;\">1 x R 134 (Munitionsunterstand)<\/li>\n<li style=\"text-align: justify;\">1 x Vf 2a (Gruppenunterstand)<\/li>\n<li style=\"text-align: justify;\">1 x Vf 7a (Munitionsunterstand)<\/li>\n<li style=\"text-align: justify;\">4 x R 671 (Schartenstand f\u00fcr Gesch\u00fctze mit Radius 120\u00b0)<\/li>\n<\/ul>\n<p style=\"text-align: justify;\">&nbsp;<\/p>\n<p style=\"text-align: justify;\">Zus\u00e4tzlich wurden diverse Umbau und Befestigungsarbeiten an der urspr\u00fcnglichen Batterie Zuydcoote vorgenommen. Aufgrund schwerer Unf\u00e4lle mit Restmunitionsbest\u00e4nden in j\u00fcngster Zeit raten wir vom Betreten des Gel\u00e4ndes ab.<\/p>\n<p style=\"text-align: justify;\">&nbsp;<\/p>\nngg_shortcode_0_placeholder\n","protected":false},"excerpt":{"rendered":"<p>MKB St. Malo Terminus &nbsp; Diese Marine K\u00fcstenbatterie befindet sich an den Str\u00e4nden Nordfrankreichs, angrenzend an die Hafenstadt D\u00fcnkirchen. 1778 wurde an dieser Stelle die Batterie Zuydcoote von den Franzosen erbaut. Sie diente urspr\u00fcnglich der K\u00fcstenverteidigung und zum Schutz des Hafens von D\u00fcnkirchen gegen die Briten. 1879 wurde der Standort weiter ausgebaut. 1939 umfasste die [&hellip;]<\/p>\n","protected":false},"author":2,"featured_media":0,"parent":0,"menu_order":0,"comment_status":"closed","ping_status":"closed","template":"template-page-no-title.php","meta":{"ngg_post_thumbnail":0,"footnotes":""},"class_list":["post-476","page","type-page","status-publish","hentry"],"_links":{"self":[{"href":"https:\/\/deep-darkness.org\/wpdeepdarkness\/wp-json\/wp\/v2\/pages\/476","targetHints":{"allow":["GET"]}}],"collection":[{"href":"https:\/\/deep-darkness.org\/wpdeepdarkness\/wp-json\/wp\/v2\/pages"}],"about":[{"href":"https:\/\/deep-darkness.org\/wpdeepdarkness\/wp-json\/wp\/v2\/types\/page"}],"author":[{"embeddable":true,"href":"https:\/\/deep-darkness.org\/wpdeepdarkness\/wp-json\/wp\/v2\/users\/2"}],"replies":[{"embeddable":true,"href":"https:\/\/deep-darkness.org\/wpdeepdarkness\/wp-json\/wp\/v2\/comments?post=476"}],"version-history":[{"count":6,"href":"https:\/\/deep-darkness.org\/wpdeepdarkness\/wp-json\/wp\/v2\/pages\/476\/revisions"}],"predecessor-version":[{"id":1733,"href":"https:\/\/deep-darkness.org\/wpdeepdarkness\/wp-json\/wp\/v2\/pages\/476\/revisions\/1733"}],"wp:attachment":[{"href":"https:\/\/deep-darkness.org\/wpdeepdarkness\/wp-json\/wp\/v2\/media?parent=476"}],"curies":[{"name":"wp","href":"https:\/\/api.w.org\/{rel}","templated":true}]}}