{"id":493,"date":"2016-12-13T19:18:02","date_gmt":"2016-12-13T18:18:02","guid":{"rendered":"http:\/\/deep-darkness.org\/wpdeepdarkness\/?page_id=493"},"modified":"2025-06-06T14:40:47","modified_gmt":"2025-06-06T12:40:47","slug":"mkb-oldenburg","status":"publish","type":"page","link":"https:\/\/deep-darkness.org\/wpdeepdarkness\/mkb-oldenburg\/","title":{"rendered":"MKB Oldenburg"},"content":{"rendered":"<h1 style=\"text-align: justify;\"><span style=\"color: #ff9900;\">MKB Oldenburg<\/span><\/h1>\n<p style=\"text-align: justify;\">&nbsp;<\/p>\n<p style=\"text-align: justify;\">\u00d6stlich von Calais befindet sich das Gel\u00e4nde der MKB &#8222;Oldenburg&#8220;. Die auff\u00e4lligsten Bauten sind die beiden dreigeschossigen Gesch\u00fctzkasematten. Diese stehen in einem Abstand von ca.200 Metern zu einander. Zur Vergr\u00f6\u00dferung des durch die Verschartung der Waffe stark verkleinerten Schusswinkels wurden die Kasematten versetzt gebaut.<br \/>\nDie Hauptbewaffnung der Batterie war hier untergebracht. Sie bestand aus jeweils einer 24 cm Kanone vom Typ 24 cm SK L\/40 der Firma Friedrich Krupp AG aus Essen. Die Gesch\u00fctze trugen zwar nicht bis zum englischen Festland, konnten jedoch die n\u00f6rdliche Zufahrt der Meerenge gut mit einem Sperrfeuerriegel belegen. Englische Versorgungskonvois und Seezerst\u00f6rerverb\u00e4nde wurden von hier mehrmals angegriffen.<\/p>\n<p style=\"text-align: justify;\">Trotz der der gigantischen Ausma\u00dfe von 35 Metern Breite und 15 Metern Tiefe der Gesch\u00fctzkasematten wurden diese sehr gut in die Landschaft integriert.<\/p>\n<p style=\"text-align: justify;\">Der Zutritt erfolgte wie bei allen Werken landseitig. Drei Treppenh\u00e4user f\u00fchren in die Untergeschosse, wo sich Toiletten, Maschinen-, und Bereitschaftr\u00e4ume befinden. Zahllose MG- und Granatwerferstellungen sowie Pakst\u00e4nde und ein Maschinenstand umgaben die Anlage. Auch ein gro\u00dfer Lazarettbunker wurde errichtet. Zur Flugabwehr waren mehrere franz\u00f6sische 7,5 cm Flak, englische 4 cm Flak und 2 cm Kanonen eingesetzt.<\/p>\n<p style=\"text-align: justify;\">&nbsp;<\/p>\nngg_shortcode_0_placeholder\n","protected":false},"excerpt":{"rendered":"<p>MKB Oldenburg &nbsp; \u00d6stlich von Calais befindet sich das Gel\u00e4nde der MKB &#8222;Oldenburg&#8220;. Die auff\u00e4lligsten Bauten sind die beiden dreigeschossigen Gesch\u00fctzkasematten. Diese stehen in einem Abstand von ca.200 Metern zu einander. Zur Vergr\u00f6\u00dferung des durch die Verschartung der Waffe stark verkleinerten Schusswinkels wurden die Kasematten versetzt gebaut. Die Hauptbewaffnung der Batterie war hier untergebracht. Sie [&hellip;]<\/p>\n","protected":false},"author":2,"featured_media":0,"parent":0,"menu_order":0,"comment_status":"closed","ping_status":"closed","template":"template-page-no-title.php","meta":{"ngg_post_thumbnail":0,"footnotes":""},"class_list":["post-493","page","type-page","status-publish","hentry"],"_links":{"self":[{"href":"https:\/\/deep-darkness.org\/wpdeepdarkness\/wp-json\/wp\/v2\/pages\/493","targetHints":{"allow":["GET"]}}],"collection":[{"href":"https:\/\/deep-darkness.org\/wpdeepdarkness\/wp-json\/wp\/v2\/pages"}],"about":[{"href":"https:\/\/deep-darkness.org\/wpdeepdarkness\/wp-json\/wp\/v2\/types\/page"}],"author":[{"embeddable":true,"href":"https:\/\/deep-darkness.org\/wpdeepdarkness\/wp-json\/wp\/v2\/users\/2"}],"replies":[{"embeddable":true,"href":"https:\/\/deep-darkness.org\/wpdeepdarkness\/wp-json\/wp\/v2\/comments?post=493"}],"version-history":[{"count":3,"href":"https:\/\/deep-darkness.org\/wpdeepdarkness\/wp-json\/wp\/v2\/pages\/493\/revisions"}],"predecessor-version":[{"id":1797,"href":"https:\/\/deep-darkness.org\/wpdeepdarkness\/wp-json\/wp\/v2\/pages\/493\/revisions\/1797"}],"wp:attachment":[{"href":"https:\/\/deep-darkness.org\/wpdeepdarkness\/wp-json\/wp\/v2\/media?parent=493"}],"curies":[{"name":"wp","href":"https:\/\/api.w.org\/{rel}","templated":true}]}}