{"id":498,"date":"2016-12-13T19:21:21","date_gmt":"2016-12-13T18:21:21","guid":{"rendered":"http:\/\/deep-darkness.org\/wpdeepdarkness\/?page_id=498"},"modified":"2025-06-06T14:45:28","modified_gmt":"2025-06-06T12:45:28","slug":"mkb-waldam","status":"publish","type":"page","link":"https:\/\/deep-darkness.org\/wpdeepdarkness\/mkb-waldam\/","title":{"rendered":"MKB Waldam"},"content":{"rendered":"<h1 style=\"text-align: justify;\"><span style=\"color: #ff9900;\">MKB Waldam<\/span><\/h1>\n<p>&nbsp;<\/p>\n<p>Vier Kilometer n\u00f6rdlich von Calais befindet sich die K\u00fcstenbatterie Waldam, auch &#8222;Walde&#8220; oder &#8222;MI&#8220; genannt. Die Anlage befindet sich etwa 300 Meter vom Strand entfernt in einer von T\u00fcmpeln und Wasserl\u00e4ufen durchzogenen D\u00fcnenlandschaft und geh\u00f6rte zum K\u00fcstenverteidigungsabschnitt &#8222;B&#8220;. Die drei verbunkerten 17cm Kanonen gaben der Anlage, wo 6 Offizieren, 36 Unteroffizieren und \u00fcber 200 Soldaten der Marine Artillerie Abteilung stationiert waren, ausreichende Feuerkraft.<\/p>\n<p>Die MKB Waldam beherbergt einen am Atlantikwall einmaligen Betongesch\u00fctzdrehturm. Dieser hatte eine H\u00f6he von 10 Metern und war um 360\u00b0 drehbar. Somit deckte er das Umfeld der Batterie, das Hinterland und das Zwischengel\u00e4nde der s\u00fcdlich angrenzenden MKB Oldenburg mit seiner Feuerkraft ab. Eine Weiterentwicklung des Turms gelang bis Kriegsende nicht.<\/p>\n<p>200 Meter \u00f6stlich des Turms befinden sich zwei Regelbau M 270 Gesch\u00fctzkasematten, in denen jeweils eine 17cm Kanone untergebracht war. Die Eing\u00e4nge befanden sich landseitig und konnten \u00fcber ein Tobruk verteidigt werden. Der direkt neben dem Drehturm erbaute mehrgeschossige Feuerleitstand ragte hoch \u00fcber die D\u00fcnen hinweg und war somit von See leicht zu orten.<\/p>\n<p>S\u00fcdlich des Leitstandes befanden sich mehrere Gesch\u00fctze in offener Bettung. Insgesamt umfasste die MKB \u00fcber die hier bereits erw\u00e4hnten Bauwerke hinweg \u00fcber f\u00fcnf Manschafts-, sechs Munitions-, einen Maschinen- und einen Scheinwerferbunker nach Regelbauprinzip. Zum Selbstschutz der Anlage waren rund um die Batterie Pakst\u00e4nde und Feldstellungen angesiedelt.<\/p>\n<p style=\"text-align: justify;\">&nbsp;<\/p>\nngg_shortcode_0_placeholder\n","protected":false},"excerpt":{"rendered":"<p>MKB Waldam &nbsp; Vier Kilometer n\u00f6rdlich von Calais befindet sich die K\u00fcstenbatterie Waldam, auch &#8222;Walde&#8220; oder &#8222;MI&#8220; genannt. Die Anlage befindet sich etwa 300 Meter vom Strand entfernt in einer von T\u00fcmpeln und Wasserl\u00e4ufen durchzogenen D\u00fcnenlandschaft und geh\u00f6rte zum K\u00fcstenverteidigungsabschnitt &#8222;B&#8220;. Die drei verbunkerten 17cm Kanonen gaben der Anlage, wo 6 Offizieren, 36 Unteroffizieren und [&hellip;]<\/p>\n","protected":false},"author":2,"featured_media":0,"parent":0,"menu_order":0,"comment_status":"closed","ping_status":"closed","template":"template-page-no-title.php","meta":{"ngg_post_thumbnail":0,"footnotes":""},"class_list":["post-498","page","type-page","status-publish","hentry"],"_links":{"self":[{"href":"https:\/\/deep-darkness.org\/wpdeepdarkness\/wp-json\/wp\/v2\/pages\/498","targetHints":{"allow":["GET"]}}],"collection":[{"href":"https:\/\/deep-darkness.org\/wpdeepdarkness\/wp-json\/wp\/v2\/pages"}],"about":[{"href":"https:\/\/deep-darkness.org\/wpdeepdarkness\/wp-json\/wp\/v2\/types\/page"}],"author":[{"embeddable":true,"href":"https:\/\/deep-darkness.org\/wpdeepdarkness\/wp-json\/wp\/v2\/users\/2"}],"replies":[{"embeddable":true,"href":"https:\/\/deep-darkness.org\/wpdeepdarkness\/wp-json\/wp\/v2\/comments?post=498"}],"version-history":[{"count":4,"href":"https:\/\/deep-darkness.org\/wpdeepdarkness\/wp-json\/wp\/v2\/pages\/498\/revisions"}],"predecessor-version":[{"id":1840,"href":"https:\/\/deep-darkness.org\/wpdeepdarkness\/wp-json\/wp\/v2\/pages\/498\/revisions\/1840"}],"wp:attachment":[{"href":"https:\/\/deep-darkness.org\/wpdeepdarkness\/wp-json\/wp\/v2\/media?parent=498"}],"curies":[{"name":"wp","href":"https:\/\/api.w.org\/{rel}","templated":true}]}}