{"id":514,"date":"2016-12-13T19:37:25","date_gmt":"2016-12-13T18:37:25","guid":{"rendered":"http:\/\/deep-darkness.org\/wpdeepdarkness\/?page_id=514"},"modified":"2016-12-13T19:37:25","modified_gmt":"2016-12-13T18:37:25","slug":"widerstandsnest-darmstadt","status":"publish","type":"page","link":"https:\/\/deep-darkness.org\/wpdeepdarkness\/widerstandsnest-darmstadt\/","title":{"rendered":"Widerstandsnest Darmstadt"},"content":{"rendered":"<h1><span style=\"color: #ff9900;\">Widerstandsnest Darmstadt<\/span><\/h1>\n<p>&nbsp;<\/p>\n<p style=\"text-align: justify;\">Angrenzend an den Strandabschnitt der M.K.B. St.Malo findet man das Widerstandnest Darmstadt. Dies war ein kleines Widerstandsnest bestehend aus einem Doppelschartenstand und einem Wellblechunterstand. Es fungierte als flankierenden Sicherung dieses Strandabschnitts.<\/p>\n<p style=\"text-align: justify;\">&nbsp;<\/p>\n<p style=\"text-align: justify;\"><img loading=\"lazy\" decoding=\"async\" class=\"size-full wp-image-518 alignleft\" src=\"http:\/\/deep-darkness.org\/wpdeepdarkness\/wp-content\/uploads\/2016\/12\/wn_darmstadt_aussen1.jpg\" alt=\"\" height=\"427\" width=\"640\" srcset=\"https:\/\/deep-darkness.org\/wpdeepdarkness\/wp-content\/uploads\/2016\/12\/wn_darmstadt_aussen1.jpg 640w, https:\/\/deep-darkness.org\/wpdeepdarkness\/wp-content\/uploads\/2016\/12\/wn_darmstadt_aussen1-300x200.jpg 300w\" sizes=\"auto, (max-width: 640px) 100vw, 640px\" \/><\/p>\n<p style=\"text-align: justify;\">&nbsp;<\/p>\n<p style=\"text-align: justify;\">&nbsp;<\/p>\n<p style=\"text-align: justify;\">&nbsp;<\/p>\n<p style=\"text-align: justify;\">\u00d6stliche Flankierungsscharte zur Strandsicherung mit noch vorhandenen Fl\u00fcgelschotten des Regelbautyps 219.<\/p>\n<p style=\"text-align: justify;\">&nbsp;<\/p>\n<p style=\"text-align: justify;\">&nbsp;<\/p>\n<p style=\"text-align: justify;\">&nbsp;<\/p>\n<p style=\"text-align: justify;\">&nbsp;<\/p>\n<p style=\"text-align: justify;\">&nbsp;<\/p>\n<p>&nbsp;<\/p>\n<p>&nbsp;<\/p>\n<p><img loading=\"lazy\" decoding=\"async\" class=\"size-full wp-image-519 alignleft\" src=\"http:\/\/deep-darkness.org\/wpdeepdarkness\/wp-content\/uploads\/2016\/12\/wn_darmstadt_aussen3.jpg\" alt=\"\" height=\"427\" width=\"640\" srcset=\"https:\/\/deep-darkness.org\/wpdeepdarkness\/wp-content\/uploads\/2016\/12\/wn_darmstadt_aussen3.jpg 640w, https:\/\/deep-darkness.org\/wpdeepdarkness\/wp-content\/uploads\/2016\/12\/wn_darmstadt_aussen3-300x200.jpg 300w\" sizes=\"auto, (max-width: 640px) 100vw, 640px\" \/><\/p>\n<p style=\"text-align: justify;\">&nbsp;<\/p>\n<p style=\"text-align: justify;\">&nbsp;<\/p>\n<p style=\"text-align: justify;\">&nbsp;<\/p>\n<p style=\"text-align: justify;\">Panzerschott in Nahaufnahme. Dahinter befand sich das Pak-Gesch\u00fctz. Bei Kampfhandlungen wurde die Fl\u00fcgel ge\u00f6ffnet und gaben die M\u00fcndung des Gesch\u00fctzes frei.<\/p>\n<p style=\"text-align: justify;\">&nbsp;<\/p>\n<p style=\"text-align: justify;\">&nbsp;<\/p>\n<p style=\"text-align: justify;\">&nbsp;<\/p>\n<p style=\"text-align: justify;\">&nbsp;<\/p>\n<p style=\"text-align: justify;\">&nbsp;<\/p>\n<p style=\"text-align: justify;\">&nbsp;<\/p>\n<p style=\"text-align: justify;\">&nbsp;<\/p>\n<p><img loading=\"lazy\" decoding=\"async\" class=\"size-full wp-image-516 alignleft\" src=\"http:\/\/deep-darkness.org\/wpdeepdarkness\/wp-content\/uploads\/2016\/12\/wn_darmstadt_aussen2.jpg\" alt=\"\" height=\"427\" width=\"640\" srcset=\"https:\/\/deep-darkness.org\/wpdeepdarkness\/wp-content\/uploads\/2016\/12\/wn_darmstadt_aussen2.jpg 640w, https:\/\/deep-darkness.org\/wpdeepdarkness\/wp-content\/uploads\/2016\/12\/wn_darmstadt_aussen2-300x200.jpg 300w\" sizes=\"auto, (max-width: 640px) 100vw, 640px\" \/><\/p>\n<p>&nbsp;<\/p>\n<p>&nbsp;<\/p>\n<p>&nbsp;<\/p>\n<p>Von dieser Perspektive aus sieht man links die westliche Flankierungsscharte, mittig den Eingang.<\/p>\n<p>&nbsp;<\/p>\n<p>&nbsp;<\/p>\n<p>&nbsp;<\/p>\n<p>&nbsp;<\/p>\n<p>&nbsp;<\/p>\n<p>&nbsp;<\/p>\n<p>&nbsp;<\/p>\n<p>&nbsp;<\/p>\n<p style=\"text-align: justify;\"><img loading=\"lazy\" decoding=\"async\" class=\"size-full wp-image-517 alignleft\" src=\"http:\/\/deep-darkness.org\/wpdeepdarkness\/wp-content\/uploads\/2016\/12\/wn_darmstadt_aussen4.jpg\" alt=\"\" height=\"427\" width=\"640\" srcset=\"https:\/\/deep-darkness.org\/wpdeepdarkness\/wp-content\/uploads\/2016\/12\/wn_darmstadt_aussen4.jpg 640w, https:\/\/deep-darkness.org\/wpdeepdarkness\/wp-content\/uploads\/2016\/12\/wn_darmstadt_aussen4-300x200.jpg 300w\" sizes=\"auto, (max-width: 640px) 100vw, 640px\" \/><\/p>\n<p style=\"text-align: justify;\">&nbsp;<\/p>\n<p style=\"text-align: justify;\">&nbsp;<\/p>\n<p style=\"text-align: justify;\">&nbsp;<\/p>\n<p style=\"text-align: justify;\">Die westliche Strandflankierung. Die Neigung des Bunkers erkl\u00e4rt sich aus der Untersp\u00fclung des Fundamentes durch die Nordsee.<\/p>\n<p style=\"text-align: justify;\">&nbsp;<\/p>\n<p style=\"text-align: justify;\">&nbsp;<\/p>\n<p style=\"text-align: justify;\">&nbsp;<\/p>\n<p style=\"text-align: justify;\">&nbsp;<\/p>\n<p style=\"text-align: justify;\">&nbsp;<\/p>\n<p style=\"text-align: justify;\">&nbsp;<\/p>\n<p style=\"text-align: justify;\">&nbsp;<\/p>\n<p style=\"text-align: justify;\">&nbsp;<\/p>\n","protected":false},"excerpt":{"rendered":"<p>Widerstandsnest Darmstadt &nbsp; Angrenzend an den Strandabschnitt der M.K.B. St.Malo findet man das Widerstandnest Darmstadt. Dies war ein kleines Widerstandsnest bestehend aus einem Doppelschartenstand und einem Wellblechunterstand. Es fungierte als flankierenden Sicherung dieses Strandabschnitts. &nbsp; &nbsp; &nbsp; &nbsp; \u00d6stliche Flankierungsscharte zur Strandsicherung mit noch vorhandenen Fl\u00fcgelschotten des Regelbautyps 219. &nbsp; &nbsp; &nbsp; &nbsp; &nbsp; &nbsp; [&hellip;]<\/p>\n","protected":false},"author":2,"featured_media":0,"parent":0,"menu_order":0,"comment_status":"closed","ping_status":"closed","template":"template-page-no-title.php","meta":{"ngg_post_thumbnail":0,"footnotes":""},"class_list":["post-514","page","type-page","status-publish","hentry"],"_links":{"self":[{"href":"https:\/\/deep-darkness.org\/wpdeepdarkness\/wp-json\/wp\/v2\/pages\/514","targetHints":{"allow":["GET"]}}],"collection":[{"href":"https:\/\/deep-darkness.org\/wpdeepdarkness\/wp-json\/wp\/v2\/pages"}],"about":[{"href":"https:\/\/deep-darkness.org\/wpdeepdarkness\/wp-json\/wp\/v2\/types\/page"}],"author":[{"embeddable":true,"href":"https:\/\/deep-darkness.org\/wpdeepdarkness\/wp-json\/wp\/v2\/users\/2"}],"replies":[{"embeddable":true,"href":"https:\/\/deep-darkness.org\/wpdeepdarkness\/wp-json\/wp\/v2\/comments?post=514"}],"version-history":[{"count":2,"href":"https:\/\/deep-darkness.org\/wpdeepdarkness\/wp-json\/wp\/v2\/pages\/514\/revisions"}],"predecessor-version":[{"id":521,"href":"https:\/\/deep-darkness.org\/wpdeepdarkness\/wp-json\/wp\/v2\/pages\/514\/revisions\/521"}],"wp:attachment":[{"href":"https:\/\/deep-darkness.org\/wpdeepdarkness\/wp-json\/wp\/v2\/media?parent=514"}],"curies":[{"name":"wp","href":"https:\/\/api.w.org\/{rel}","templated":true}]}}