{"id":529,"date":"2016-12-14T09:38:58","date_gmt":"2016-12-14T08:38:58","guid":{"rendered":"http:\/\/deep-darkness.org\/wpdeepdarkness\/?page_id=529"},"modified":"2025-06-06T17:11:11","modified_gmt":"2025-06-06T15:11:11","slug":"buhlert-gruppe","status":"publish","type":"page","link":"https:\/\/deep-darkness.org\/wpdeepdarkness\/buhlert-gruppe\/","title":{"rendered":"Buhlert Gruppe"},"content":{"rendered":"<h1 style=\"text-align: justify;\"><span style=\"color: #ff9900;\">Buhlert Gruppe<\/span><\/h1>\n<p style=\"text-align: justify;\">&nbsp;<\/p>\n<p style=\"text-align: justify;\">Die Regelbauten der Buhlert Gruppe befinden sich im unwegsamen Gel\u00e4nde des Buhlert Waldes (H\u00fcrtgenwald).<\/p>\n<p style=\"text-align: justify;\">Bei dem Bunker 132 handelt es sich um einen Gruppenunterstand des Regeltyps 10 mit angeh\u00e4ngtem Kampfraum (b) und Bereitschaftsraum (a). Dieser stammt aus dem Limes Programm von 1938. Er bot Platz f\u00fcr 15 Soldaten. Auf der Skizze ist mittig deutlich der Schartenstand zur Eingangssicherung zu erkennen.<\/p>\n<p style=\"text-align: justify;\">Bei insgesamt 287m\u00b3 Betonvolumen wiesen diese Regelbauten eine Wand- und Deckenst\u00e4rke von 1,5m auf. Beheizt wurde der Unterstand durch einen gassicheren Ofen. Das Platzangebot war eher karg, f\u00fcr jeden Soldaten stand nur ungef\u00e4hr 1m\u00b2 zur Verf\u00fcgung. Die Bewaffnung bestand aus einem MG 34 und Karabiner.<\/p>\n<p><img loading=\"lazy\" decoding=\"async\" class=\"size-full wp-image-530 aligncenter\" src=\"http:\/\/deep-darkness.org\/wpdeepdarkness\/wp-content\/uploads\/2016\/12\/bunker132_buhlert.jpg\" alt=\"\" width=\"452\" height=\"384\" srcset=\"https:\/\/deep-darkness.org\/wpdeepdarkness\/wp-content\/uploads\/2016\/12\/bunker132_buhlert.jpg 452w, https:\/\/deep-darkness.org\/wpdeepdarkness\/wp-content\/uploads\/2016\/12\/bunker132_buhlert-300x255.jpg 300w\" sizes=\"auto, (max-width: 452px) 100vw, 452px\" \/><\/p>\n<p>Der Bunker wurde wurde am 5. Februar 1945 von den Amerikanern eingenommen.<\/p>\n<p style=\"text-align: justify;\">&nbsp;<\/p>\nngg_shortcode_0_placeholder\n<hr>\n<p>&nbsp;<\/p>\n<p>Der nun folgende Gruppenunterstand 131 ist baugleich mit Gruppenunterstand 132.<\/p>\n<p style=\"text-align: justify;\">&nbsp;<\/p>\nngg_shortcode_1_placeholder\n<hr>\n<p style=\"text-align: justify;\">Bei dem Bunker 139\/140 handelt es sich um einen Doppelgruppenunterstand des Regeltyps 11 mit angeh\u00e4ngtem Kampfraum und Bereitschaftsraum. Dieser stammt ebenfalls aus dem Limes Programm. Insgesamt fasste dieser Unterstand 27 Personen, es waren 12 bis 15 Schlafgelegenheiten vorhanden.<\/p>\n<p style=\"text-align: justify;\">Bei ca. 380m\u00b3 Betonvolumen wiesen diese Regelbauten ebenfalls eine Wand- und Deckenst\u00e4rke von 1,5m auf. Die Bewaffnung bestand aus einem MG 34 und Karabiner.<\/p>\n<p><img loading=\"lazy\" decoding=\"async\" class=\"size-full wp-image-542 aligncenter\" src=\"http:\/\/deep-darkness.org\/wpdeepdarkness\/wp-content\/uploads\/2016\/12\/regelbau11_buhlert.jpg\" alt=\"\" width=\"452\" height=\"331\" srcset=\"https:\/\/deep-darkness.org\/wpdeepdarkness\/wp-content\/uploads\/2016\/12\/regelbau11_buhlert.jpg 452w, https:\/\/deep-darkness.org\/wpdeepdarkness\/wp-content\/uploads\/2016\/12\/regelbau11_buhlert-300x220.jpg 300w\" sizes=\"auto, (max-width: 452px) 100vw, 452px\" \/><\/p>\n<p style=\"text-align: justify;\">&nbsp;<\/p>\nngg_shortcode_2_placeholder\n<hr>\n<p style=\"text-align: justify;\">Bei dem Bunker 135 handelt es sich um einen MG Bunker des Regeltyps 23. Anders als bei den bisher hier vorgestellten Regelbauten, gab es bei diesem Typ nur einen Raum mit Gasschleuse. Bei gleicher Decken und Wandst\u00e4rke ben\u00f6tigte man hier nur ca. 228m\u00b3 Beton. Er bot 5 Mann Schutz und wurde ebenfalls mit einem MG 34 und Karabiner verteidigt.<\/p>\n<p><img loading=\"lazy\" decoding=\"async\" class=\"size-full wp-image-543 aligncenter\" src=\"http:\/\/deep-darkness.org\/wpdeepdarkness\/wp-content\/uploads\/2016\/12\/regelbau23_buhlert.jpg\" alt=\"\" width=\"452\" height=\"305\" srcset=\"https:\/\/deep-darkness.org\/wpdeepdarkness\/wp-content\/uploads\/2016\/12\/regelbau23_buhlert.jpg 452w, https:\/\/deep-darkness.org\/wpdeepdarkness\/wp-content\/uploads\/2016\/12\/regelbau23_buhlert-300x202.jpg 300w\" sizes=\"auto, (max-width: 452px) 100vw, 452px\" \/><\/p>\n<p style=\"text-align: justify;\">&nbsp;<\/p>\nngg_shortcode_3_placeholder\n","protected":false},"excerpt":{"rendered":"<p>Buhlert Gruppe &nbsp; Die Regelbauten der Buhlert Gruppe befinden sich im unwegsamen Gel\u00e4nde des Buhlert Waldes (H\u00fcrtgenwald). Bei dem Bunker 132 handelt es sich um einen Gruppenunterstand des Regeltyps 10 mit angeh\u00e4ngtem Kampfraum (b) und Bereitschaftsraum (a). Dieser stammt aus dem Limes Programm von 1938. Er bot Platz f\u00fcr 15 Soldaten. Auf der Skizze ist [&hellip;]<\/p>\n","protected":false},"author":2,"featured_media":0,"parent":0,"menu_order":0,"comment_status":"closed","ping_status":"closed","template":"template-page-no-title.php","meta":{"ngg_post_thumbnail":0,"footnotes":""},"class_list":["post-529","page","type-page","status-publish","hentry"],"_links":{"self":[{"href":"https:\/\/deep-darkness.org\/wpdeepdarkness\/wp-json\/wp\/v2\/pages\/529","targetHints":{"allow":["GET"]}}],"collection":[{"href":"https:\/\/deep-darkness.org\/wpdeepdarkness\/wp-json\/wp\/v2\/pages"}],"about":[{"href":"https:\/\/deep-darkness.org\/wpdeepdarkness\/wp-json\/wp\/v2\/types\/page"}],"author":[{"embeddable":true,"href":"https:\/\/deep-darkness.org\/wpdeepdarkness\/wp-json\/wp\/v2\/users\/2"}],"replies":[{"embeddable":true,"href":"https:\/\/deep-darkness.org\/wpdeepdarkness\/wp-json\/wp\/v2\/comments?post=529"}],"version-history":[{"count":14,"href":"https:\/\/deep-darkness.org\/wpdeepdarkness\/wp-json\/wp\/v2\/pages\/529\/revisions"}],"predecessor-version":[{"id":1901,"href":"https:\/\/deep-darkness.org\/wpdeepdarkness\/wp-json\/wp\/v2\/pages\/529\/revisions\/1901"}],"wp:attachment":[{"href":"https:\/\/deep-darkness.org\/wpdeepdarkness\/wp-json\/wp\/v2\/media?parent=529"}],"curies":[{"name":"wp","href":"https:\/\/api.w.org\/{rel}","templated":true}]}}