{"id":547,"date":"2016-12-14T10:04:22","date_gmt":"2016-12-14T09:04:22","guid":{"rendered":"http:\/\/deep-darkness.org\/wpdeepdarkness\/?page_id=547"},"modified":"2025-06-06T17:13:04","modified_gmt":"2025-06-06T15:13:04","slug":"burgberg","status":"publish","type":"page","link":"https:\/\/deep-darkness.org\/wpdeepdarkness\/burgberg\/","title":{"rendered":"Burgberg"},"content":{"rendered":"<h1 style=\"text-align: justify;\"><span style=\"color: #ff9900;\">Burgberg<\/span><\/h1>\n<p style=\"text-align: justify;\">&nbsp;<\/p>\n<p style=\"text-align: justify;\"><img loading=\"lazy\" decoding=\"async\" class=\"size-full wp-image-552 aligncenter\" src=\"http:\/\/deep-darkness.org\/wpdeepdarkness\/wp-content\/uploads\/2016\/12\/burgberg_kreuz.jpg\" alt=\"\" width=\"452\" height=\"300\" srcset=\"https:\/\/deep-darkness.org\/wpdeepdarkness\/wp-content\/uploads\/2016\/12\/burgberg_kreuz.jpg 452w, https:\/\/deep-darkness.org\/wpdeepdarkness\/wp-content\/uploads\/2016\/12\/burgberg_kreuz-300x199.jpg 300w\" sizes=\"auto, (max-width: 452px) 100vw, 452px\" \/><\/p>\n<p style=\"text-align: center;\">Im stillen Gedenken der Kriegsopfer beider Weltkriege von Burgberg.<\/p>\n<p style=\"text-align: justify;\">&nbsp;<\/p>\n<p style=\"text-align: justify;\">Auf einem der h\u00f6chsten Berge der Region Burgberg befinden sich von den ehemals zahlreichen Westwallstellungen des Limes Programms heute noch zwei relativ gut erhaltene Bauwerke. Diese Bunker wurden im Dezember 1944 von den Amerikaner eingenommen.<\/p>\n<p>Auf dem Gipfel ist ein Regelbau des Types 10a ohne angeh\u00e4ngten Gefechtsraum zu finden, der heute allein Flederm\u00e4usen vorbehalten ist. Gem\u00e4\u00df unseres Verantwortungsbewu\u00dftseins f\u00fcr die Natur gilt als oberste Priorit\u00e4t, das Lebensreservoir dieser Tiere zu respektieren und von dem nicht befahrbaren Bunker nur Au\u00dfenimpression zu publizieren.<\/p>\n<p>Dieser Doppelgruppenunterstand hat zwei Bereitschaftr\u00e4ume (a, b) von je 3,20 x 3,50 m, war f\u00fcr 14 Mann Besatzung ausgelegt und weist ein Au\u00dfenma\u00df von 10,80 x 7,60 m auf.<\/p>\n<p>Von Burgbergs Gipfel aus wurde das Artilleriefeuer fl\u00e4chendeckend koordiniert.<\/p>\n<p style=\"text-align: justify;\"><img loading=\"lazy\" decoding=\"async\" class=\"size-full wp-image-553 aligncenter\" src=\"http:\/\/deep-darkness.org\/wpdeepdarkness\/wp-content\/uploads\/2016\/12\/regelbau10a_burgberg.jpg\" alt=\"\" width=\"456\" height=\"347\" srcset=\"https:\/\/deep-darkness.org\/wpdeepdarkness\/wp-content\/uploads\/2016\/12\/regelbau10a_burgberg.jpg 456w, https:\/\/deep-darkness.org\/wpdeepdarkness\/wp-content\/uploads\/2016\/12\/regelbau10a_burgberg-300x228.jpg 300w\" sizes=\"auto, (max-width: 456px) 100vw, 456px\" \/><\/p>\n<p style=\"text-align: justify;\">&nbsp;<\/p>\n<p style=\"text-align: justify;\"><img loading=\"lazy\" decoding=\"async\" class=\"size-full wp-image-548 alignleft\" src=\"http:\/\/deep-darkness.org\/wpdeepdarkness\/wp-content\/uploads\/2016\/12\/burgberg_1.jpg\" alt=\"\" width=\"640\" height=\"427\" srcset=\"https:\/\/deep-darkness.org\/wpdeepdarkness\/wp-content\/uploads\/2016\/12\/burgberg_1.jpg 640w, https:\/\/deep-darkness.org\/wpdeepdarkness\/wp-content\/uploads\/2016\/12\/burgberg_1-300x200.jpg 300w\" sizes=\"auto, (max-width: 640px) 100vw, 640px\" \/><\/p>\n<p style=\"text-align: justify;\">&nbsp;<\/p>\n<p style=\"text-align: justify;\">&nbsp;<\/p>\n<p style=\"text-align: justify;\">&nbsp;<\/p>\n<p style=\"text-align: justify;\">Frontansicht der Anlage hangseitig. Die Zug\u00e4nge zu den Gruppenr\u00e4umen sind mit Fledermaustoren verschlossen.<\/p>\n<p style=\"text-align: justify;\">&nbsp;<\/p>\n<p style=\"text-align: justify;\">&nbsp;<\/p>\n<p style=\"text-align: justify;\">&nbsp;<\/p>\n<p style=\"text-align: justify;\">&nbsp;<\/p>\n<p style=\"text-align: justify;\">&nbsp;<\/p>\n<p style=\"text-align: justify;\">&nbsp;<\/p>\n<p style=\"text-align: justify;\"><img loading=\"lazy\" decoding=\"async\" class=\"size-full wp-image-549 alignleft\" src=\"http:\/\/deep-darkness.org\/wpdeepdarkness\/wp-content\/uploads\/2016\/12\/burgberg_2.jpg\" alt=\"\" width=\"640\" height=\"427\" srcset=\"https:\/\/deep-darkness.org\/wpdeepdarkness\/wp-content\/uploads\/2016\/12\/burgberg_2.jpg 640w, https:\/\/deep-darkness.org\/wpdeepdarkness\/wp-content\/uploads\/2016\/12\/burgberg_2-300x200.jpg 300w\" sizes=\"auto, (max-width: 640px) 100vw, 640px\" \/><\/p>\n<p style=\"text-align: justify;\">&nbsp;<\/p>\n<p style=\"text-align: justify;\">&nbsp;<\/p>\n<p style=\"text-align: justify;\">&nbsp;<\/p>\n<p style=\"text-align: justify;\">&nbsp;<\/p>\n<p style=\"text-align: justify;\">Aus einer anderen Perspektive sieht man auch hier, dass die Decke heute als Aussichtsplattform genutzt wird.<\/p>\n<p style=\"text-align: justify;\">&nbsp;<\/p>\n<p style=\"text-align: justify;\">&nbsp;<\/p>\n<p style=\"text-align: justify;\">&nbsp;<\/p>\n<p style=\"text-align: justify;\">&nbsp;<\/p>\n<p style=\"text-align: justify;\">&nbsp;<\/p>\n<p style=\"text-align: justify;\">&nbsp;<\/p>\n<p style=\"text-align: justify;\">&nbsp;<\/p>\n<p style=\"text-align: justify;\"><img loading=\"lazy\" decoding=\"async\" class=\"size-full wp-image-550 aligncenter\" src=\"http:\/\/deep-darkness.org\/wpdeepdarkness\/wp-content\/uploads\/2016\/12\/ausblick_burgberg.jpg\" alt=\"\" width=\"452\" height=\"301\" srcset=\"https:\/\/deep-darkness.org\/wpdeepdarkness\/wp-content\/uploads\/2016\/12\/ausblick_burgberg.jpg 452w, https:\/\/deep-darkness.org\/wpdeepdarkness\/wp-content\/uploads\/2016\/12\/ausblick_burgberg-300x200.jpg 300w\" sizes=\"auto, (max-width: 452px) 100vw, 452px\" \/><\/p>\n<p style=\"text-align: center;\">Panoramablick beim Abstieg.<\/p>\n<p style=\"text-align: center;\">&nbsp;<\/p>\n<p style=\"text-align: justify;\">Verl\u00e4\u00dft man den Gipfel Richtung Burgberg, st\u00f6\u00dft man am Fu\u00dfe des Berges auf einen weiteren Regelbau Typ 31 der zweiten Westwallinie. Hierbei handelt es sich um einen Regimentsgefechtsstand, der in f\u00fcnf R\u00e4umen ( Unterkunft f\u00fcr Kommandanten und Adjutanten (a), Offiziersraum (b), Gesch\u00e4ftszimmer \/ Schreibstube (c), Melderraum (d) Fernsprechraum (e) ) 32 Mann Unterkunft bot. Die Au\u00dfenma\u00dfe belaufen sich auf 7,40 x 19,85 m.<\/p>\n<p style=\"text-align: justify;\"><img loading=\"lazy\" decoding=\"async\" class=\"size-full wp-image-551 aligncenter\" src=\"http:\/\/deep-darkness.org\/wpdeepdarkness\/wp-content\/uploads\/2016\/12\/regelbau31_burgberg.jpg\" alt=\"\" width=\"449\" height=\"188\" srcset=\"https:\/\/deep-darkness.org\/wpdeepdarkness\/wp-content\/uploads\/2016\/12\/regelbau31_burgberg.jpg 449w, https:\/\/deep-darkness.org\/wpdeepdarkness\/wp-content\/uploads\/2016\/12\/regelbau31_burgberg-300x126.jpg 300w\" sizes=\"auto, (max-width: 449px) 100vw, 449px\" \/><\/p>\n<p style=\"text-align: justify;\">&nbsp;<\/p>\n<p style=\"text-align: justify;\">&nbsp;<\/p>\nngg_shortcode_0_placeholder\n<p style=\"text-align: justify;\">&nbsp;<\/p>\n","protected":false},"excerpt":{"rendered":"<p>Burgberg &nbsp; Im stillen Gedenken der Kriegsopfer beider Weltkriege von Burgberg. &nbsp; Auf einem der h\u00f6chsten Berge der Region Burgberg befinden sich von den ehemals zahlreichen Westwallstellungen des Limes Programms heute noch zwei relativ gut erhaltene Bauwerke. Diese Bunker wurden im Dezember 1944 von den Amerikaner eingenommen. Auf dem Gipfel ist ein Regelbau des Types [&hellip;]<\/p>\n","protected":false},"author":2,"featured_media":0,"parent":0,"menu_order":0,"comment_status":"closed","ping_status":"closed","template":"template-page-no-title.php","meta":{"ngg_post_thumbnail":0,"footnotes":""},"class_list":["post-547","page","type-page","status-publish","hentry"],"_links":{"self":[{"href":"https:\/\/deep-darkness.org\/wpdeepdarkness\/wp-json\/wp\/v2\/pages\/547","targetHints":{"allow":["GET"]}}],"collection":[{"href":"https:\/\/deep-darkness.org\/wpdeepdarkness\/wp-json\/wp\/v2\/pages"}],"about":[{"href":"https:\/\/deep-darkness.org\/wpdeepdarkness\/wp-json\/wp\/v2\/types\/page"}],"author":[{"embeddable":true,"href":"https:\/\/deep-darkness.org\/wpdeepdarkness\/wp-json\/wp\/v2\/users\/2"}],"replies":[{"embeddable":true,"href":"https:\/\/deep-darkness.org\/wpdeepdarkness\/wp-json\/wp\/v2\/comments?post=547"}],"version-history":[{"count":3,"href":"https:\/\/deep-darkness.org\/wpdeepdarkness\/wp-json\/wp\/v2\/pages\/547\/revisions"}],"predecessor-version":[{"id":1911,"href":"https:\/\/deep-darkness.org\/wpdeepdarkness\/wp-json\/wp\/v2\/pages\/547\/revisions\/1911"}],"wp:attachment":[{"href":"https:\/\/deep-darkness.org\/wpdeepdarkness\/wp-json\/wp\/v2\/media?parent=547"}],"curies":[{"name":"wp","href":"https:\/\/api.w.org\/{rel}","templated":true}]}}