{"id":567,"date":"2016-12-14T10:30:08","date_gmt":"2016-12-14T09:30:08","guid":{"rendered":"http:\/\/deep-darkness.org\/wpdeepdarkness\/?page_id=567"},"modified":"2016-12-14T10:30:08","modified_gmt":"2016-12-14T09:30:08","slug":"pak-garage","status":"publish","type":"page","link":"https:\/\/deep-darkness.org\/wpdeepdarkness\/pak-garage\/","title":{"rendered":"Pak Garage"},"content":{"rendered":"<h1 style=\"text-align: justify;\"><span style=\"color: #ff9900;\">Pak Garage<\/span><\/h1>\n<p style=\"text-align: justify;\">\nIn den W\u00e4ldern nahe der Eifelgemeinde Lammersdorf befindet sich eine noch heute befahrbare Pak Garage. Dieser Bau aus dem Grenzwachtprogramm diente als Unterstellm\u00f6glichkeit einer 37 mm Pak. Im Gefechtsfall wurde das Gesch\u00fctz von hier aus in die entsprechende Feuerstellung gebracht. Die Wand und Deckenst\u00e4rke dieses Bauwerks betr\u00e4gt gerade mal 30 cm und ist daher eher als schwach einzustufen.<\/p>\n<p style=\"text-align: justify;\">Der auf den Fotos abgebildete Tresor geh\u00f6rt nicht zum Grundinventar der Baureihe. Sinn und Zweck ist nicht recherchierbar.<\/p>\n<p style=\"text-align: justify;\">&nbsp;<\/p>\n<p style=\"text-align: justify;\"><img loading=\"lazy\" decoding=\"async\" class=\"size-full wp-image-569 alignleft\" src=\"http:\/\/deep-darkness.org\/wpdeepdarkness\/wp-content\/uploads\/2016\/12\/pak1.jpg\" alt=\"\" width=\"640\" height=\"427\" srcset=\"https:\/\/deep-darkness.org\/wpdeepdarkness\/wp-content\/uploads\/2016\/12\/pak1.jpg 640w, https:\/\/deep-darkness.org\/wpdeepdarkness\/wp-content\/uploads\/2016\/12\/pak1-300x200.jpg 300w\" sizes=\"auto, (max-width: 640px) 100vw, 640px\" \/><\/p>\n<p style=\"text-align: justify;\">&nbsp;<\/p>\n<p style=\"text-align: justify;\">&nbsp;<\/p>\n<p style=\"text-align: justify;\">&nbsp;<\/p>\n<p style=\"text-align: justify;\">Frontblick auf die Pak Garage. Sie diente dem Schutz der Kanone vor Witterungseinfl\u00fcssen und feindlichen Angriffen.<\/p>\n<p style=\"text-align: justify;\">&nbsp;<\/p>\n<p style=\"text-align: justify;\">&nbsp;<\/p>\n<p style=\"text-align: justify;\">&nbsp;<\/p>\n<p style=\"text-align: justify;\">&nbsp;<\/p>\n<p style=\"text-align: justify;\">&nbsp;<\/p>\n<p style=\"text-align: justify;\">&nbsp;<\/p>\n<p style=\"text-align: justify;\"><img loading=\"lazy\" decoding=\"async\" class=\"size-full wp-image-570 alignleft\" src=\"http:\/\/deep-darkness.org\/wpdeepdarkness\/wp-content\/uploads\/2016\/12\/pak2.jpg\" alt=\"\" width=\"640\" height=\"427\" srcset=\"https:\/\/deep-darkness.org\/wpdeepdarkness\/wp-content\/uploads\/2016\/12\/pak2.jpg 640w, https:\/\/deep-darkness.org\/wpdeepdarkness\/wp-content\/uploads\/2016\/12\/pak2-300x200.jpg 300w\" sizes=\"auto, (max-width: 640px) 100vw, 640px\" \/><\/p>\n<p style=\"text-align: justify;\">&nbsp;<\/p>\n<p style=\"text-align: justify;\">&nbsp;<\/p>\n<p style=\"text-align: justify;\">&nbsp;<\/p>\n<p style=\"text-align: justify;\">Einblick in die Garage. Hier wurde das 37 mm Gesch\u00fctz untergestellt und bei Gefechtshandlungen in die offene Feuerstellung gebracht.<\/p>\n<p style=\"text-align: justify;\">&nbsp;<\/p>\n<p style=\"text-align: justify;\">&nbsp;<\/p>\n<p style=\"text-align: justify;\">&nbsp;<\/p>\n<p style=\"text-align: justify;\">&nbsp;<\/p>\n<p style=\"text-align: justify;\">&nbsp;<\/p>\n<p style=\"text-align: justify;\">&nbsp;<\/p>\n<p style=\"text-align: justify;\"><img loading=\"lazy\" decoding=\"async\" class=\"size-full wp-image-568 alignleft\" src=\"http:\/\/deep-darkness.org\/wpdeepdarkness\/wp-content\/uploads\/2016\/12\/pak3.jpg\" alt=\"\" width=\"640\" height=\"427\" srcset=\"https:\/\/deep-darkness.org\/wpdeepdarkness\/wp-content\/uploads\/2016\/12\/pak3.jpg 640w, https:\/\/deep-darkness.org\/wpdeepdarkness\/wp-content\/uploads\/2016\/12\/pak3-300x200.jpg 300w\" sizes=\"auto, (max-width: 640px) 100vw, 640px\" \/><\/p>\n<p style=\"text-align: justify;\">&nbsp;<\/p>\n<p style=\"text-align: justify;\">&nbsp;<\/p>\n<p style=\"text-align: justify;\">&nbsp;<\/p>\n<p style=\"text-align: justify;\">Besagter Safe im Innenraum weisst deutliche Spuren einer gewaltsamen \u00d6ffnung auf. Was der Inhalt des Safes war, wird wohl auf immer ein Geheimnis bleiben.<\/p>\n<p style=\"text-align: justify;\">&nbsp;<\/p>\n<p style=\"text-align: justify;\">&nbsp;<\/p>\n<p style=\"text-align: justify;\">&nbsp;<\/p>\n<p style=\"text-align: justify;\">&nbsp;<\/p>\n<p style=\"text-align: justify;\">&nbsp;<\/p>\n<p style=\"text-align: justify;\">&nbsp;<\/p>\n","protected":false},"excerpt":{"rendered":"<p>Pak Garage In den W\u00e4ldern nahe der Eifelgemeinde Lammersdorf befindet sich eine noch heute befahrbare Pak Garage. Dieser Bau aus dem Grenzwachtprogramm diente als Unterstellm\u00f6glichkeit einer 37 mm Pak. Im Gefechtsfall wurde das Gesch\u00fctz von hier aus in die entsprechende Feuerstellung gebracht. Die Wand und Deckenst\u00e4rke dieses Bauwerks betr\u00e4gt gerade mal 30 cm und ist [&hellip;]<\/p>\n","protected":false},"author":2,"featured_media":0,"parent":0,"menu_order":0,"comment_status":"closed","ping_status":"closed","template":"template-page-no-title.php","meta":{"ngg_post_thumbnail":0,"footnotes":""},"class_list":["post-567","page","type-page","status-publish","hentry"],"_links":{"self":[{"href":"https:\/\/deep-darkness.org\/wpdeepdarkness\/wp-json\/wp\/v2\/pages\/567","targetHints":{"allow":["GET"]}}],"collection":[{"href":"https:\/\/deep-darkness.org\/wpdeepdarkness\/wp-json\/wp\/v2\/pages"}],"about":[{"href":"https:\/\/deep-darkness.org\/wpdeepdarkness\/wp-json\/wp\/v2\/types\/page"}],"author":[{"embeddable":true,"href":"https:\/\/deep-darkness.org\/wpdeepdarkness\/wp-json\/wp\/v2\/users\/2"}],"replies":[{"embeddable":true,"href":"https:\/\/deep-darkness.org\/wpdeepdarkness\/wp-json\/wp\/v2\/comments?post=567"}],"version-history":[{"count":1,"href":"https:\/\/deep-darkness.org\/wpdeepdarkness\/wp-json\/wp\/v2\/pages\/567\/revisions"}],"predecessor-version":[{"id":572,"href":"https:\/\/deep-darkness.org\/wpdeepdarkness\/wp-json\/wp\/v2\/pages\/567\/revisions\/572"}],"wp:attachment":[{"href":"https:\/\/deep-darkness.org\/wpdeepdarkness\/wp-json\/wp\/v2\/media?parent=567"}],"curies":[{"name":"wp","href":"https:\/\/api.w.org\/{rel}","templated":true}]}}