{"id":573,"date":"2016-12-14T10:33:15","date_gmt":"2016-12-14T09:33:15","guid":{"rendered":"http:\/\/deep-darkness.org\/wpdeepdarkness\/?page_id=573"},"modified":"2025-06-06T17:16:56","modified_gmt":"2025-06-06T15:16:56","slug":"regelbau-c4","status":"publish","type":"page","link":"https:\/\/deep-darkness.org\/wpdeepdarkness\/regelbau-c4\/","title":{"rendered":"Regelbau C4"},"content":{"rendered":"<h1><span style=\"color: #ff9900;\">Regelbau C4<\/span><\/h1>\n<p style=\"text-align: justify;\">Noch vor den Kampfwagenhindernissen der Region befindet sich dieser Sechsschartenstand des Regelbautypes C4. Dieser Bunker entstand im Rahmen des Pionierprogrammes. Die geographische Lage vor den Drachenz\u00e4hnen machte den strategischen Nutzen \u00e4u\u00dferst fragw\u00fcrdig. Er wurde in der Baust\u00e4rke C mit einer Wandst\u00e4rke von 0,6 m ausgef\u00fchrt. Der Bunker wei\u00dft eine Fl\u00e4che von 4,65 x 6,60 m auf. Der Bunker besitzt neben dem Raum unter der Kuppel (a) noch einen zum Flur offenen Bereitschaftsraum (b). Dieser Raum bot Platz f\u00fcr f\u00fcnf Betten.<\/p>\n<p style=\"text-align: justify;\">&nbsp;<\/p>\n<p style=\"text-align: justify;\"><img loading=\"lazy\" decoding=\"async\" class=\"size-full wp-image-574 aligncenter\" src=\"http:\/\/deep-darkness.org\/wpdeepdarkness\/wp-content\/uploads\/2016\/12\/skizze_c4.jpg\" alt=\"\" width=\"456\" height=\"415\" srcset=\"https:\/\/deep-darkness.org\/wpdeepdarkness\/wp-content\/uploads\/2016\/12\/skizze_c4.jpg 456w, https:\/\/deep-darkness.org\/wpdeepdarkness\/wp-content\/uploads\/2016\/12\/skizze_c4-300x273.jpg 300w\" sizes=\"auto, (max-width: 456px) 100vw, 456px\" \/><\/p>\n<p style=\"text-align: justify;\">&nbsp;<\/p>\nngg_shortcode_0_placeholder\n","protected":false},"excerpt":{"rendered":"<p>Regelbau C4 Noch vor den Kampfwagenhindernissen der Region befindet sich dieser Sechsschartenstand des Regelbautypes C4. Dieser Bunker entstand im Rahmen des Pionierprogrammes. Die geographische Lage vor den Drachenz\u00e4hnen machte den strategischen Nutzen \u00e4u\u00dferst fragw\u00fcrdig. Er wurde in der Baust\u00e4rke C mit einer Wandst\u00e4rke von 0,6 m ausgef\u00fchrt. Der Bunker wei\u00dft eine Fl\u00e4che von 4,65 x [&hellip;]<\/p>\n","protected":false},"author":2,"featured_media":0,"parent":0,"menu_order":0,"comment_status":"closed","ping_status":"closed","template":"template-page-no-title.php","meta":{"ngg_post_thumbnail":0,"footnotes":""},"class_list":["post-573","page","type-page","status-publish","hentry"],"_links":{"self":[{"href":"https:\/\/deep-darkness.org\/wpdeepdarkness\/wp-json\/wp\/v2\/pages\/573","targetHints":{"allow":["GET"]}}],"collection":[{"href":"https:\/\/deep-darkness.org\/wpdeepdarkness\/wp-json\/wp\/v2\/pages"}],"about":[{"href":"https:\/\/deep-darkness.org\/wpdeepdarkness\/wp-json\/wp\/v2\/types\/page"}],"author":[{"embeddable":true,"href":"https:\/\/deep-darkness.org\/wpdeepdarkness\/wp-json\/wp\/v2\/users\/2"}],"replies":[{"embeddable":true,"href":"https:\/\/deep-darkness.org\/wpdeepdarkness\/wp-json\/wp\/v2\/comments?post=573"}],"version-history":[{"count":5,"href":"https:\/\/deep-darkness.org\/wpdeepdarkness\/wp-json\/wp\/v2\/pages\/573\/revisions"}],"predecessor-version":[{"id":1940,"href":"https:\/\/deep-darkness.org\/wpdeepdarkness\/wp-json\/wp\/v2\/pages\/573\/revisions\/1940"}],"wp:attachment":[{"href":"https:\/\/deep-darkness.org\/wpdeepdarkness\/wp-json\/wp\/v2\/media?parent=573"}],"curies":[{"name":"wp","href":"https:\/\/api.w.org\/{rel}","templated":true}]}}