{"id":585,"date":"2016-12-14T10:44:01","date_gmt":"2016-12-14T09:44:01","guid":{"rendered":"http:\/\/deep-darkness.org\/wpdeepdarkness\/?page_id=585"},"modified":"2016-12-14T10:44:56","modified_gmt":"2016-12-14T09:44:56","slug":"u-verlagerung","status":"publish","type":"page","link":"https:\/\/deep-darkness.org\/wpdeepdarkness\/u-verlagerung\/","title":{"rendered":"U-Verlagerung"},"content":{"rendered":"<h1 style=\"text-align: justify;\"><span style=\"color: #ff9900;\">U-Verlagerung<\/span><\/h1>\n<p>&nbsp;<\/p>\n<p style=\"text-align: justify;\">Eine U-Verlagerung bezeichnet unterirdisch verlagerte Produktionsanlagen w\u00e4hrend des zweiten Weltkrieges.<\/p>\n<p style=\"text-align: justify;\">Nachdem die deutschen R\u00fcstungsbetriebe durch alliierte Bombenangriffe stark besch\u00e4digt wurden, beschloss die NS Regierung die Verlagerung von kriegswichtigen Fabriken unter Tage. Vor allem in alten Bergwerken oder in extra neu angelegten Stollen fanden die Betriebe Platz. Der Arbeitskr\u00e4ftebedarf in den U-Verlagerungen wurde fast ausschlie\u00dflich durch Zwangsarbeiter gedeckt, die teilweise unter katastrophalen Bedingungen Arbeiten und Leben mu\u00dften.<\/p>\n<p style=\"text-align: justify;\">F\u00fcr die entsprechenden Objekte wurden Decknamen gew\u00e4hlt. Das RMfRuK (Reichsministerium f\u00fcr R\u00fcstung und Kriegsproduktion) gab daf\u00fcr folgende Vorlage:<\/p>\n<p style=\"text-align: justify;\">&nbsp;<\/p>\n<ul>\n<li style=\"text-align: justify;\">Nat\u00fcrliche H\u00f6hlen: M\u00fcnznamen<\/li>\n<li style=\"text-align: justify;\">Bergwerke: Tiernamen<\/li>\n<li style=\"text-align: justify;\">Alte Stollenanlagen: Fischnamen<\/li>\n<li style=\"text-align: justify;\">Neue Stollenanlagen: Mineralnamen<\/li>\n<li style=\"text-align: justify;\">Festungsanlagen: Blumennamen<\/li>\n<li style=\"text-align: justify;\">Tiefe Keller: M\u00e4dchennamen<\/li>\n<li style=\"text-align: justify;\">Bunkerbauten: Jungennamen<\/li>\n<li style=\"text-align: justify;\">Verkehrstunnel: Vogelnamen<\/li>\n<\/ul>\n<p>&nbsp;<\/p>\n<p>&nbsp;<\/p>\n","protected":false},"excerpt":{"rendered":"<p>U-Verlagerung &nbsp; Eine U-Verlagerung bezeichnet unterirdisch verlagerte Produktionsanlagen w\u00e4hrend des zweiten Weltkrieges. Nachdem die deutschen R\u00fcstungsbetriebe durch alliierte Bombenangriffe stark besch\u00e4digt wurden, beschloss die NS Regierung die Verlagerung von kriegswichtigen Fabriken unter Tage. Vor allem in alten Bergwerken oder in extra neu angelegten Stollen fanden die Betriebe Platz. Der Arbeitskr\u00e4ftebedarf in den U-Verlagerungen wurde fast [&hellip;]<\/p>\n","protected":false},"author":2,"featured_media":0,"parent":0,"menu_order":0,"comment_status":"closed","ping_status":"closed","template":"template-page-no-title.php","meta":{"ngg_post_thumbnail":0,"footnotes":""},"class_list":["post-585","page","type-page","status-publish","hentry"],"_links":{"self":[{"href":"https:\/\/deep-darkness.org\/wpdeepdarkness\/wp-json\/wp\/v2\/pages\/585","targetHints":{"allow":["GET"]}}],"collection":[{"href":"https:\/\/deep-darkness.org\/wpdeepdarkness\/wp-json\/wp\/v2\/pages"}],"about":[{"href":"https:\/\/deep-darkness.org\/wpdeepdarkness\/wp-json\/wp\/v2\/types\/page"}],"author":[{"embeddable":true,"href":"https:\/\/deep-darkness.org\/wpdeepdarkness\/wp-json\/wp\/v2\/users\/2"}],"replies":[{"embeddable":true,"href":"https:\/\/deep-darkness.org\/wpdeepdarkness\/wp-json\/wp\/v2\/comments?post=585"}],"version-history":[{"count":2,"href":"https:\/\/deep-darkness.org\/wpdeepdarkness\/wp-json\/wp\/v2\/pages\/585\/revisions"}],"predecessor-version":[{"id":588,"href":"https:\/\/deep-darkness.org\/wpdeepdarkness\/wp-json\/wp\/v2\/pages\/585\/revisions\/588"}],"wp:attachment":[{"href":"https:\/\/deep-darkness.org\/wpdeepdarkness\/wp-json\/wp\/v2\/media?parent=585"}],"curies":[{"name":"wp","href":"https:\/\/api.w.org\/{rel}","templated":true}]}}