{"id":594,"date":"2016-12-14T10:52:54","date_gmt":"2016-12-14T09:52:54","guid":{"rendered":"http:\/\/deep-darkness.org\/wpdeepdarkness\/?page_id=594"},"modified":"2025-06-06T17:28:45","modified_gmt":"2025-06-06T15:28:45","slug":"ofenkaulen-deckname-schlammpeitzger","status":"publish","type":"page","link":"https:\/\/deep-darkness.org\/wpdeepdarkness\/ofenkaulen-deckname-schlammpeitzger\/","title":{"rendered":"Die Ofenkaulen &#8211; Deckname &#8222;Schlammpeitzger&#8220;"},"content":{"rendered":"<h1 style=\"text-align: justify;\"><span style=\"color: #ff9900;\">Die Ofenkaulen &#8211; Deckname &#8222;Schlammpeitzger&#8220;<\/span><\/h1>\n<p>&nbsp;<\/p>\n<p>Oberhalb der Ortschaft K\u00f6nigswinter am Rhein liegt im Siebengebirge die U- Verlagerung &#8222;Schlammpeitzger&#8220;. Mitte des 14. Jahrhunderts begann auf dem Areal der Abbau von Trachyttuff, der zum Backofenbau benutzt wurde und der Ortschaft K\u00f6nigswinter zu weltweitem Ruhm f\u00fcr diese Handwerkskunst verhalf. Das weitl\u00e4ufige, unterirdische Abbauterritorium wird auf eine Fl\u00e4che von ca.100.000 m\u00b2 gesch\u00e4tzt.<\/p>\n<p>1944 erhielt die Firma Aerostahl aus K\u00f6ln Porz in den Ofenkaulen Einzug. Auf einer Fl\u00e4che von ca. 11.000 m\u00b2 entstand, der heute noch so titulierte, &#8222;Aerostahl Stollen&#8220;. Dieses Unternehmen war f\u00fcr die Aufrechterhaltung der Kriegsmaschinerie von tragender Bedeutung. Zwangsarbeiter, deren Lagerunterkunft au\u00dferhalb des Stollens auf dem Gel\u00e4nde angesiedelt wurde, waren f\u00fcr die Montage von Deckel-Einspritzpumpen f\u00fcr den BMW-Motor 801 verantwortlich, der das Antriebsaggregat f\u00fcr das Jagdflugzeug Focke-Wulf 190 darstellte.<\/p>\n<p>W\u00e4hrend der letzten Kriegsmonate suchte die umliegende Bev\u00f6lkerung, vor den immer heftiger werdenden alliierten Bombardements, in den Ofenkaulen Schutz. Nach der Einnahme K\u00f6nigswinters, im M\u00e4rz 1945 durch die Amerikaner, visitierten Britische Pioneereinheiten den ehemaligen Tuffsteinbruch und R\u00fcstungsproduktionsstandort. Sprengversuche der Anlage blieben ergebnislos. Lediglich der Einbruch vereinzelter St\u00fctzpfeiler und L\u00f6cher im Boden beschrieben den Erfolg der Sprengdetonationen.<\/p>\n<p>Heute sind die Ofenkaulen verschlossen und f\u00fcr die breite \u00d6ffentlichkeit, aus guten Gr\u00fcnden, unzug\u00e4nglich. Der Versuch, die Zerst\u00f6rung der Anlage herbeizuf\u00fchren, blieb zwar aus, doch resultiert die heute bestehende Einsturzgefahr der Anlage eben aus dieser Zeit. Sowohl die, durch die Sprengversuche entstandenen L\u00f6cher im Boden, als auch die zahllosen ungesicherten Sch\u00e4chte im Inneren der Anlage, b\u00fcrgen f\u00fcr akute Lebensgefahr, da ein Absturz \u00fcber 25 Meter in eine andere Sohlenebene, kaum \u00fcberlebt werden d\u00fcrfte.<\/p>\n<p>Auf der anderen Seite sind die Ofenkaulen ein offiziell anerkanntes Bodendenkmal und z\u00e4hlen als bedeutendstes und gr\u00f6\u00dftes Fledermausreservat Deutschlands. Der Schutz dieser Tiere, und die damit verbundenen Fledermausschutzzeiten, liegen uns sehr am Herzen. Wir bedanken uns bei den Mitarbeitern des Landschaftsschutzverbandes, die uns den Zugang zu dieser hoch interessanten Anlage erm\u00f6glicht haben und verweisen an dieser Stelle noch einmal, dass diese Exkursionsbeschreibung nicht der Nachahmung dienen darf.<\/p>\n<p>An vielen Stellen dieser Anlage besteht akute Lebensgefahr! Zwei sehr schwere Unf\u00e4lle, bei denen die Feuerwehr die Verletzten bergen mu\u00dfte, haben sich in der Vergangenheit schon ereignet!<br \/>\n&nbsp;<\/p>\n<p><img loading=\"lazy\" decoding=\"async\" class=\"size-full wp-image-315 alignleft\" src=\"http:\/\/deep-darkness.org\/wpdeepdarkness\/wp-content\/uploads\/2016\/12\/symbol.gif\" alt=\"\" width=\"128\" height=\"128\"><\/p>\n<p style=\"text-align: justify;\">Wir sind auf dieser Bilderserie ohne Helme zu sehen. Diese Exkursion stammt aus unserer Anfangszeit, in der uns die Erfahrung fehlte. Niemals darf ein Stollen oder Bunker ohne Helm betreten werden!<\/p>\n<p style=\"text-align: justify;\">&nbsp;<\/p>\n<p style=\"text-align: justify;\">&nbsp;<\/p>\n<p style=\"text-align: justify;\"><span style=\"color: #ff0000;\">Nachtrag 01.06.2009:<\/span><\/p>\n<p>Nach etlichen Deckeneinbr\u00fcchen und \u00e4hnlichem sind die Ofenkaulen mittlerweile komplett verschlossen und nur noch f\u00fcr Flederm\u00e4use zug\u00e4nglich.<\/p>\n<p style=\"text-align: justify;\">&nbsp;<\/p>\nngg_shortcode_0_placeholder\n","protected":false},"excerpt":{"rendered":"<p>Die Ofenkaulen &#8211; Deckname &#8222;Schlammpeitzger&#8220; &nbsp; Oberhalb der Ortschaft K\u00f6nigswinter am Rhein liegt im Siebengebirge die U- Verlagerung &#8222;Schlammpeitzger&#8220;. Mitte des 14. Jahrhunderts begann auf dem Areal der Abbau von Trachyttuff, der zum Backofenbau benutzt wurde und der Ortschaft K\u00f6nigswinter zu weltweitem Ruhm f\u00fcr diese Handwerkskunst verhalf. Das weitl\u00e4ufige, unterirdische Abbauterritorium wird auf eine Fl\u00e4che [&hellip;]<\/p>\n","protected":false},"author":2,"featured_media":0,"parent":0,"menu_order":0,"comment_status":"closed","ping_status":"closed","template":"template-page-no-title.php","meta":{"ngg_post_thumbnail":0,"footnotes":""},"class_list":["post-594","page","type-page","status-publish","hentry"],"_links":{"self":[{"href":"https:\/\/deep-darkness.org\/wpdeepdarkness\/wp-json\/wp\/v2\/pages\/594","targetHints":{"allow":["GET"]}}],"collection":[{"href":"https:\/\/deep-darkness.org\/wpdeepdarkness\/wp-json\/wp\/v2\/pages"}],"about":[{"href":"https:\/\/deep-darkness.org\/wpdeepdarkness\/wp-json\/wp\/v2\/types\/page"}],"author":[{"embeddable":true,"href":"https:\/\/deep-darkness.org\/wpdeepdarkness\/wp-json\/wp\/v2\/users\/2"}],"replies":[{"embeddable":true,"href":"https:\/\/deep-darkness.org\/wpdeepdarkness\/wp-json\/wp\/v2\/comments?post=594"}],"version-history":[{"count":5,"href":"https:\/\/deep-darkness.org\/wpdeepdarkness\/wp-json\/wp\/v2\/pages\/594\/revisions"}],"predecessor-version":[{"id":2050,"href":"https:\/\/deep-darkness.org\/wpdeepdarkness\/wp-json\/wp\/v2\/pages\/594\/revisions\/2050"}],"wp:attachment":[{"href":"https:\/\/deep-darkness.org\/wpdeepdarkness\/wp-json\/wp\/v2\/media?parent=594"}],"curies":[{"name":"wp","href":"https:\/\/api.w.org\/{rel}","templated":true}]}}