{"id":601,"date":"2016-12-14T11:14:10","date_gmt":"2016-12-14T10:14:10","guid":{"rendered":"http:\/\/deep-darkness.org\/wpdeepdarkness\/?page_id=601"},"modified":"2016-12-17T17:33:31","modified_gmt":"2016-12-17T16:33:31","slug":"koeln","status":"publish","type":"page","link":"https:\/\/deep-darkness.org\/wpdeepdarkness\/koeln\/","title":{"rendered":"K\u00f6ln"},"content":{"rendered":"<h2 style=\"text-align: justify;\"><span style=\"color: #ff9900;\">K\u00f6ln<\/span><\/h2>\n<p>&nbsp;<\/p>\n<p><em><img loading=\"lazy\" decoding=\"async\" class=\"size-full wp-image-605 aligncenter\" src=\"http:\/\/deep-darkness.org\/wpdeepdarkness\/wp-content\/uploads\/2016\/12\/truemmer_koeln.jpg\" alt=\"\" height=\"300\" width=\"600\" srcset=\"https:\/\/deep-darkness.org\/wpdeepdarkness\/wp-content\/uploads\/2016\/12\/truemmer_koeln.jpg 600w, https:\/\/deep-darkness.org\/wpdeepdarkness\/wp-content\/uploads\/2016\/12\/truemmer_koeln-300x150.jpg 300w\" sizes=\"auto, (max-width: 600px) 100vw, 600px\" \/><\/em><\/p>\n<p style=\"text-align: center;\">K\u00f6ln im Jahre 1945<\/p>\n<p>&nbsp;<\/p>\n<p style=\"text-align: justify;\">&#8222;Von Mai 1940 bis M\u00e4rz 1945 verbrachte die Bev\u00f6lkerung der Stadt K\u00f6ln fast 2.000 Stunden im Alarmzustand, der durch insgesamt 1.122 Fliegeralarme und 1.089 sogenannte &#8222;\u00d6ffentliche Luftwarnungen&#8220; ausgel\u00f6st wurde.<\/p>\n<p style=\"text-align: justify;\"><img loading=\"lazy\" decoding=\"async\" class=\"alignright size-full wp-image-606\" src=\"http:\/\/deep-darkness.org\/wpdeepdarkness\/wp-content\/uploads\/2016\/12\/koeln_1.jpg\" alt=\"\" height=\"290\" width=\"400\" srcset=\"https:\/\/deep-darkness.org\/wpdeepdarkness\/wp-content\/uploads\/2016\/12\/koeln_1.jpg 400w, https:\/\/deep-darkness.org\/wpdeepdarkness\/wp-content\/uploads\/2016\/12\/koeln_1-300x218.jpg 300w\" sizes=\"auto, (max-width: 400px) 100vw, 400px\" \/><\/p>\n<p>Dabei war K\u00f6ln als Metropole des Westens f\u00fcr die Alliierten ein willkommenes Ziel, das leicht zu orten war. F\u00fcr die Nationalsozialisten hatte die Stadt mit ihren Luftkriegserfahrungen die Funktion eines Experimentierfeldes f\u00fcr den Umgang mit dem Bombenkrieg. Den ersten Fliegeralarm erleben die K\u00f6lner bereits am 4. September 1939, drei Tage nach Kriegsbeginn. Allerdings war es dieses Mal noch ein Fehlalarm, da eine Staffel deutscher Flugzeuge K\u00f6ln \u00fcberflog und dabei irrt\u00fcmlicherweise von der Flak beschossen wurde.<\/p>\n<p>In die Kriegsgeschichte eingegangen ist jedoch der sogenannte &#8222;Tausend-Bomber-Angriff&#8220; in der Nacht vom 30. auf den 31. Mai 1942. Erstmals starteten hier \u00fcber 1.000 Flugzeuge, um ein Ziel anzugreifen. Die Zerst\u00f6rungen, die der Angriff in K\u00f6ln hinterl\u00e4\u00dft, war bis zu diesem Zeitpunkt f\u00fcr nur wenige Menschen vorstellbar.<\/p>\n<p>Bei der Bew\u00e4ltigung der Folgen dieses Angriffes wurden in K\u00f6ln wichtige Erfahrungen gesammelt, die auch f\u00fcr das Vorgehen von Hilfskr\u00e4ften, Kommunen und Partei in anderen St\u00e4dten von Bedeutung wurden. Die Vorbereitungen, die zum Schutz der Bev\u00f6lkerung auf derartige Luftangriffe getroffen worden waren, zeigten sich als v\u00f6llig unzureichend. Aktionen des Reichsluftschutzbundes wie Dachbodenentr\u00fcmpelung und das Auff\u00fcllen von Wassereimern erf\u00fcllten zwar die wichtige Funktion einer Gew\u00f6hnung der Menschen an den Luftkrieg; mit der Realit\u00e4t hatten sie jedoch wenig zu tun.&nbsp;<\/p>\n<p><img loading=\"lazy\" decoding=\"async\" class=\"size-full wp-image-602 alignright\" src=\"http:\/\/deep-darkness.org\/wpdeepdarkness\/wp-content\/uploads\/2016\/12\/koeln_2.jpg\" alt=\"\" height=\"320\" width=\"400\" srcset=\"https:\/\/deep-darkness.org\/wpdeepdarkness\/wp-content\/uploads\/2016\/12\/koeln_2.jpg 400w, https:\/\/deep-darkness.org\/wpdeepdarkness\/wp-content\/uploads\/2016\/12\/koeln_2-300x240.jpg 300w\" sizes=\"auto, (max-width: 400px) 100vw, 400px\" \/>Auch standen weder Luftschutzr\u00e4ume noch Bunker in gen\u00fcgendem Ma\u00dfe zur Verf\u00fcgung. Im Jahre 1942 flogen die alliierten Bomberverb\u00e4nde verst\u00e4rkt auch bei Tag St\u00f6rangriffe.<\/p>\n<p>Als Folge davon stieg die Zahl der Fliegeralarme bei Tag, und entsprechend nahm der Produktionsausfall in der R\u00fcstungsindustrie zu. Allein die Zahl der Toten werden in K\u00f6ln mit ca. 20.000 beziffert, von denen zwei Drittel in Schutzr\u00e4umen umkamen. Sie werden von den Nationalsozialisten zu &#8222;Gefallenen des Bombenkrieges&#8220; stilisiert und mythisiert, um damit die Akzeptanz des Massensterbens durch die Bev\u00f6lkerung zu erreichen. Nach dem Angriff vom 29. Juni 1943, bei dem \u00fcber 4000 K\u00f6lner get\u00f6tet worden waren, veranstalten die Nationalsozialisten am 10. auf dem Heumarkt eine &#8222;Gefallenengedenkfeier&#8220;, bei der der Gauleiter Groh\u00e9 und Wehrmachtsgenerale die Reihen der angetretenen Ehrenformationen der Partei, der Wehrmacht, der Polizei und anderer Organisationen abschreiten.&#8220;<\/p>\n<p><em>(Quelle: Universit\u00e4t zu K\u00f6ln &#8211; Auszug aus Pressemitteilung 26\/2000)<\/em><\/p>\n<p>&nbsp;Im 6. M\u00e4rz 1945 war in K\u00f6ln der Krieg zu Ende. Amerikanische Truppen besetzten die zu 90% zerst\u00f6rte Stadt. Adenauer \u00fcbernahm vom 4. Mai bis zum 6. Oktober von neuem das Amt des Oberb\u00fcrgermeisters. Sp\u00e4ter, von 1949-63, war er der erste Kanzler der Bundesrepublik Deutschland.<\/p>\n<p>&nbsp;<\/p>\n<p><img loading=\"lazy\" decoding=\"async\" class=\"size-full wp-image-604 alignleft\" src=\"http:\/\/deep-darkness.org\/wpdeepdarkness\/wp-content\/uploads\/2016\/12\/koeln_4.jpg\" alt=\"\" height=\"304\" width=\"400\" srcset=\"https:\/\/deep-darkness.org\/wpdeepdarkness\/wp-content\/uploads\/2016\/12\/koeln_4.jpg 400w, https:\/\/deep-darkness.org\/wpdeepdarkness\/wp-content\/uploads\/2016\/12\/koeln_4-300x228.jpg 300w\" sizes=\"auto, (max-width: 400px) 100vw, 400px\" \/><\/p>\n<p><img loading=\"lazy\" decoding=\"async\" class=\"alignright size-full wp-image-603\" src=\"http:\/\/deep-darkness.org\/wpdeepdarkness\/wp-content\/uploads\/2016\/12\/koeln_3.jpg\" alt=\"\" height=\"304\" width=\"400\" srcset=\"https:\/\/deep-darkness.org\/wpdeepdarkness\/wp-content\/uploads\/2016\/12\/koeln_3.jpg 400w, https:\/\/deep-darkness.org\/wpdeepdarkness\/wp-content\/uploads\/2016\/12\/koeln_3-300x228.jpg 300w\" sizes=\"auto, (max-width: 400px) 100vw, 400px\" \/><\/p>\n<p>&nbsp;<\/p>\n<p>&nbsp;<\/p>\n<p>&nbsp;<\/p>\n<p>&nbsp;<\/p>\n<p>&nbsp;<\/p>\n<p>&nbsp;<\/p>\n","protected":false},"excerpt":{"rendered":"<p>K\u00f6ln &nbsp; K\u00f6ln im Jahre 1945 &nbsp; &#8222;Von Mai 1940 bis M\u00e4rz 1945 verbrachte die Bev\u00f6lkerung der Stadt K\u00f6ln fast 2.000 Stunden im Alarmzustand, der durch insgesamt 1.122 Fliegeralarme und 1.089 sogenannte &#8222;\u00d6ffentliche Luftwarnungen&#8220; ausgel\u00f6st wurde. Dabei war K\u00f6ln als Metropole des Westens f\u00fcr die Alliierten ein willkommenes Ziel, das leicht zu orten war. F\u00fcr [&hellip;]<\/p>\n","protected":false},"author":2,"featured_media":0,"parent":0,"menu_order":0,"comment_status":"closed","ping_status":"closed","template":"template-page-no-title.php","meta":{"ngg_post_thumbnail":0,"footnotes":""},"class_list":["post-601","page","type-page","status-publish","hentry"],"_links":{"self":[{"href":"https:\/\/deep-darkness.org\/wpdeepdarkness\/wp-json\/wp\/v2\/pages\/601","targetHints":{"allow":["GET"]}}],"collection":[{"href":"https:\/\/deep-darkness.org\/wpdeepdarkness\/wp-json\/wp\/v2\/pages"}],"about":[{"href":"https:\/\/deep-darkness.org\/wpdeepdarkness\/wp-json\/wp\/v2\/types\/page"}],"author":[{"embeddable":true,"href":"https:\/\/deep-darkness.org\/wpdeepdarkness\/wp-json\/wp\/v2\/users\/2"}],"replies":[{"embeddable":true,"href":"https:\/\/deep-darkness.org\/wpdeepdarkness\/wp-json\/wp\/v2\/comments?post=601"}],"version-history":[{"count":3,"href":"https:\/\/deep-darkness.org\/wpdeepdarkness\/wp-json\/wp\/v2\/pages\/601\/revisions"}],"predecessor-version":[{"id":703,"href":"https:\/\/deep-darkness.org\/wpdeepdarkness\/wp-json\/wp\/v2\/pages\/601\/revisions\/703"}],"wp:attachment":[{"href":"https:\/\/deep-darkness.org\/wpdeepdarkness\/wp-json\/wp\/v2\/media?parent=601"}],"curies":[{"name":"wp","href":"https:\/\/api.w.org\/{rel}","templated":true}]}}