{"id":609,"date":"2016-12-14T11:17:47","date_gmt":"2016-12-14T10:17:47","guid":{"rendered":"http:\/\/deep-darkness.org\/wpdeepdarkness\/?page_id=609"},"modified":"2025-06-06T17:19:11","modified_gmt":"2025-06-06T15:19:11","slug":"winkelluftschutzturm","status":"publish","type":"page","link":"https:\/\/deep-darkness.org\/wpdeepdarkness\/winkelluftschutzturm\/","title":{"rendered":"Winkelluftschutzturm"},"content":{"rendered":"<h1><span style=\"color: #ff9900;\">inkelluftschutzturm<\/span><\/h1>\n<p>&nbsp;<\/p>\n<p style=\"text-align: justify;\">Diese Bauart Luftschutzbunker wurde nach seinem Konstrukteur Leo Winkel (1885 &#8211; 1981) benannt. Im Volksmund auch Zuckerhut-Bunker genannt, fand man diese vor allen in Industriegebieten. Seine Vorteile bestanden darin, dass selbst bei einem Volltreffer die Sprengbomben an der Spitze abglitten und erst am Boden detonierten. Die Nachteile bestanden bei dieser Bauart in den relativ hohen Baukosten, dem kleinen Treppenhaus, das nur einen kleinen Durchsatz an Menschen erm\u00f6glichte und es unm\u00f6glich war, diese Bauwerke vern\u00fcnftig zu tarnen.<\/p>\n<p style=\"text-align: justify;\">Technische Daten:<\/p>\n<ul>\n<li style=\"text-align: justify;\">Baugenehmigung: 17.04.1940<\/li>\n<li style=\"text-align: justify;\">Bauausf\u00fchrung: bis Juli 1940<\/li>\n<li style=\"text-align: justify;\">Eing\u00e4nge: 4<\/li>\n<li style=\"text-align: justify;\">Schutzpl\u00e4tze: 518 ohne Personal (628max.)<\/li>\n<li style=\"text-align: justify;\">H\u00f6he: 29m<\/li>\n<li style=\"text-align: justify;\">Durchmesser: 18,60m mit Sockel, 14,60m ohne Sockel<\/li>\n<li style=\"text-align: justify;\">Anzahl der Wendel: 8<\/li>\n<li style=\"text-align: justify;\">Wandst\u00e4rke Sockel: 2,70m<\/li>\n<li style=\"text-align: justify;\">Wandst\u00e4rke Eingang: 1,90m<\/li>\n<li style=\"text-align: justify;\">Wandst\u00e4rke Spitze: 1,50m (1,10m Ventilatorraum)<\/li>\n<\/ul>\n<p style=\"text-align: justify;\">&nbsp;<\/p>\n<p style=\"text-align: justify;\">&nbsp;<\/p>\nngg_shortcode_0_placeholder\n","protected":false},"excerpt":{"rendered":"<p>inkelluftschutzturm &nbsp; Diese Bauart Luftschutzbunker wurde nach seinem Konstrukteur Leo Winkel (1885 &#8211; 1981) benannt. Im Volksmund auch Zuckerhut-Bunker genannt, fand man diese vor allen in Industriegebieten. Seine Vorteile bestanden darin, dass selbst bei einem Volltreffer die Sprengbomben an der Spitze abglitten und erst am Boden detonierten. Die Nachteile bestanden bei dieser Bauart in den [&hellip;]<\/p>\n","protected":false},"author":2,"featured_media":0,"parent":0,"menu_order":0,"comment_status":"closed","ping_status":"closed","template":"template-page-no-title.php","meta":{"ngg_post_thumbnail":0,"footnotes":""},"class_list":["post-609","page","type-page","status-publish","hentry"],"_links":{"self":[{"href":"https:\/\/deep-darkness.org\/wpdeepdarkness\/wp-json\/wp\/v2\/pages\/609","targetHints":{"allow":["GET"]}}],"collection":[{"href":"https:\/\/deep-darkness.org\/wpdeepdarkness\/wp-json\/wp\/v2\/pages"}],"about":[{"href":"https:\/\/deep-darkness.org\/wpdeepdarkness\/wp-json\/wp\/v2\/types\/page"}],"author":[{"embeddable":true,"href":"https:\/\/deep-darkness.org\/wpdeepdarkness\/wp-json\/wp\/v2\/users\/2"}],"replies":[{"embeddable":true,"href":"https:\/\/deep-darkness.org\/wpdeepdarkness\/wp-json\/wp\/v2\/comments?post=609"}],"version-history":[{"count":3,"href":"https:\/\/deep-darkness.org\/wpdeepdarkness\/wp-json\/wp\/v2\/pages\/609\/revisions"}],"predecessor-version":[{"id":1957,"href":"https:\/\/deep-darkness.org\/wpdeepdarkness\/wp-json\/wp\/v2\/pages\/609\/revisions\/1957"}],"wp:attachment":[{"href":"https:\/\/deep-darkness.org\/wpdeepdarkness\/wp-json\/wp\/v2\/media?parent=609"}],"curies":[{"name":"wp","href":"https:\/\/api.w.org\/{rel}","templated":true}]}}