{"id":612,"date":"2016-12-14T11:25:17","date_gmt":"2016-12-14T10:25:17","guid":{"rendered":"http:\/\/deep-darkness.org\/wpdeepdarkness\/?page_id=612"},"modified":"2025-06-06T17:20:38","modified_gmt":"2025-06-06T15:20:38","slug":"herthastrasse","status":"publish","type":"page","link":"https:\/\/deep-darkness.org\/wpdeepdarkness\/herthastrasse\/","title":{"rendered":"Herthastrasse"},"content":{"rendered":"<h1 style=\"text-align: justify;\"><span style=\"color: #ff9900;\">Hochbunker in der Herthastrasse<\/span><\/h1>\n<p style=\"text-align: justify;\">In der Herthastrasse befindet sich ein weiterer ziviler Luftschutzbunker. Der Einbau in die H\u00e4userzeile und das Satteldach mit Gauben sollte den Bunker tarnen und zumindest f\u00fcr die alliierte Luftwaffe nicht von der angrenzenden zivilen Bebauung unterscheiden. Im Alarmfall fanden auf f\u00fcnf Ebenen 2.691 Menschen in den Zellen Schutz. Der Bunker blieb seit dem Ende des II. Weltkrieges weitgehend unver\u00e4ndert, heute ist er verschlossen.<\/p>\n<p style=\"text-align: justify;\">Wir bedanken uns bei Herrn Geis f\u00fcr die M\u00f6glichkeit dieses historische Mahnmal betreten haben zu d\u00fcrfen.<\/p>\n<p style=\"text-align: justify;\">&nbsp;<\/p>\nngg_shortcode_0_placeholder\n","protected":false},"excerpt":{"rendered":"<p>Hochbunker in der Herthastrasse In der Herthastrasse befindet sich ein weiterer ziviler Luftschutzbunker. Der Einbau in die H\u00e4userzeile und das Satteldach mit Gauben sollte den Bunker tarnen und zumindest f\u00fcr die alliierte Luftwaffe nicht von der angrenzenden zivilen Bebauung unterscheiden. Im Alarmfall fanden auf f\u00fcnf Ebenen 2.691 Menschen in den Zellen Schutz. Der Bunker blieb [&hellip;]<\/p>\n","protected":false},"author":2,"featured_media":0,"parent":0,"menu_order":0,"comment_status":"closed","ping_status":"closed","template":"template-page-no-title.php","meta":{"ngg_post_thumbnail":0,"footnotes":""},"class_list":["post-612","page","type-page","status-publish","hentry"],"_links":{"self":[{"href":"https:\/\/deep-darkness.org\/wpdeepdarkness\/wp-json\/wp\/v2\/pages\/612","targetHints":{"allow":["GET"]}}],"collection":[{"href":"https:\/\/deep-darkness.org\/wpdeepdarkness\/wp-json\/wp\/v2\/pages"}],"about":[{"href":"https:\/\/deep-darkness.org\/wpdeepdarkness\/wp-json\/wp\/v2\/types\/page"}],"author":[{"embeddable":true,"href":"https:\/\/deep-darkness.org\/wpdeepdarkness\/wp-json\/wp\/v2\/users\/2"}],"replies":[{"embeddable":true,"href":"https:\/\/deep-darkness.org\/wpdeepdarkness\/wp-json\/wp\/v2\/comments?post=612"}],"version-history":[{"count":3,"href":"https:\/\/deep-darkness.org\/wpdeepdarkness\/wp-json\/wp\/v2\/pages\/612\/revisions"}],"predecessor-version":[{"id":1979,"href":"https:\/\/deep-darkness.org\/wpdeepdarkness\/wp-json\/wp\/v2\/pages\/612\/revisions\/1979"}],"wp:attachment":[{"href":"https:\/\/deep-darkness.org\/wpdeepdarkness\/wp-json\/wp\/v2\/media?parent=612"}],"curies":[{"name":"wp","href":"https:\/\/api.w.org\/{rel}","templated":true}]}}