{"id":621,"date":"2016-12-14T11:34:40","date_gmt":"2016-12-14T10:34:40","guid":{"rendered":"http:\/\/deep-darkness.org\/wpdeepdarkness\/?page_id=621"},"modified":"2025-06-06T17:23:40","modified_gmt":"2025-06-06T15:23:40","slug":"hochbunker-in-der-marktstrasse","status":"publish","type":"page","link":"https:\/\/deep-darkness.org\/wpdeepdarkness\/hochbunker-in-der-marktstrasse\/","title":{"rendered":"Hochbunker in der Marktstrasse"},"content":{"rendered":"<h1 style=\"text-align: justify;\"><span style=\"color: #ff9900;\">Hochbunker in der Marktstrasse<\/span><\/h1>\n<p style=\"text-align: justify;\">Dieser Hochbunker in der Marktstrasse wurde 1942 im Rahmen des &#8222;F\u00fchrer-Sofortprogramms f\u00fcr den Bunkerbau&#8220; errichtet. Beim Architekten handelt es sich sehr wahrscheinlich um Herrn Hans Schumacher. Der Bunker verf\u00fcgt \u00fcber zwei oberirdische und ein unterirdisches Geschoss. In der Mitte seiner S\u00fcdfassade steht, zum Zwecke der Tarnung bei Bombenangriffen der Alliierten, ein stilisierter Kirchturm.<\/p>\n<p style=\"text-align: justify;\">Dieser Hochbunker befindet sich in erstaunlich gutem Zustand, da er teilweise von einem Sch\u00fctzenverein genutzt und damit auch gepflegt wird.<\/p>\n<p style=\"text-align: justify;\">&nbsp;<\/p>\nngg_shortcode_0_placeholder\n","protected":false},"excerpt":{"rendered":"<p>Hochbunker in der Marktstrasse Dieser Hochbunker in der Marktstrasse wurde 1942 im Rahmen des &#8222;F\u00fchrer-Sofortprogramms f\u00fcr den Bunkerbau&#8220; errichtet. Beim Architekten handelt es sich sehr wahrscheinlich um Herrn Hans Schumacher. Der Bunker verf\u00fcgt \u00fcber zwei oberirdische und ein unterirdisches Geschoss. In der Mitte seiner S\u00fcdfassade steht, zum Zwecke der Tarnung bei Bombenangriffen der Alliierten, ein [&hellip;]<\/p>\n","protected":false},"author":2,"featured_media":0,"parent":0,"menu_order":0,"comment_status":"closed","ping_status":"closed","template":"template-page-no-title.php","meta":{"ngg_post_thumbnail":0,"footnotes":""},"class_list":["post-621","page","type-page","status-publish","hentry"],"_links":{"self":[{"href":"https:\/\/deep-darkness.org\/wpdeepdarkness\/wp-json\/wp\/v2\/pages\/621","targetHints":{"allow":["GET"]}}],"collection":[{"href":"https:\/\/deep-darkness.org\/wpdeepdarkness\/wp-json\/wp\/v2\/pages"}],"about":[{"href":"https:\/\/deep-darkness.org\/wpdeepdarkness\/wp-json\/wp\/v2\/types\/page"}],"author":[{"embeddable":true,"href":"https:\/\/deep-darkness.org\/wpdeepdarkness\/wp-json\/wp\/v2\/users\/2"}],"replies":[{"embeddable":true,"href":"https:\/\/deep-darkness.org\/wpdeepdarkness\/wp-json\/wp\/v2\/comments?post=621"}],"version-history":[{"count":2,"href":"https:\/\/deep-darkness.org\/wpdeepdarkness\/wp-json\/wp\/v2\/pages\/621\/revisions"}],"predecessor-version":[{"id":1996,"href":"https:\/\/deep-darkness.org\/wpdeepdarkness\/wp-json\/wp\/v2\/pages\/621\/revisions\/1996"}],"wp:attachment":[{"href":"https:\/\/deep-darkness.org\/wpdeepdarkness\/wp-json\/wp\/v2\/media?parent=621"}],"curies":[{"name":"wp","href":"https:\/\/api.w.org\/{rel}","templated":true}]}}