{"id":628,"date":"2016-12-14T11:45:55","date_gmt":"2016-12-14T10:45:55","guid":{"rendered":"http:\/\/deep-darkness.org\/wpdeepdarkness\/?page_id=628"},"modified":"2016-12-14T11:47:04","modified_gmt":"2016-12-14T10:47:04","slug":"sonstiges-koeln","status":"publish","type":"page","link":"https:\/\/deep-darkness.org\/wpdeepdarkness\/sonstiges-koeln\/","title":{"rendered":"Sonstiges"},"content":{"rendered":"<h1 style=\"text-align: justify;\"><span style=\"color: #ff9900;\">Br\u00fcckenst\u00fctzpfeiler<\/span><\/h1>\n<p style=\"text-align: justify;\">Hier sammeln wir alles aus K\u00f6ln, was sonst nirgendswo pa\u00dft.<\/p>\n<p style=\"text-align: justify;\">&nbsp;<\/p>\n<p style=\"text-align: justify;\">Wenige Kilometer von der heutigen Leverkusener Br\u00fccke entfernt, findet man diese Baureste aus Beton. Das NS Regime plante dort den Bau einer Br\u00fccke \u00fcber den Rhein. Dieses Vorhaben wurde jedoch nie realisiert.<\/p>\n<p style=\"text-align: justify;\">&nbsp;<\/p>\n<p style=\"text-align: justify;\"><img loading=\"lazy\" decoding=\"async\" class=\"size-full wp-image-629 alignleft\" src=\"http:\/\/deep-darkness.org\/wpdeepdarkness\/wp-content\/uploads\/2016\/12\/koeln_pfeiler_bruecke1.jpg\" alt=\"\" width=\"640\" height=\"480\" srcset=\"https:\/\/deep-darkness.org\/wpdeepdarkness\/wp-content\/uploads\/2016\/12\/koeln_pfeiler_bruecke1.jpg 640w, https:\/\/deep-darkness.org\/wpdeepdarkness\/wp-content\/uploads\/2016\/12\/koeln_pfeiler_bruecke1-300x225.jpg 300w\" sizes=\"auto, (max-width: 640px) 100vw, 640px\" \/><\/p>\n<p style=\"text-align: justify;\">&nbsp;<\/p>\n<p style=\"text-align: justify;\">&nbsp;<\/p>\n<p style=\"text-align: justify;\">&nbsp;<\/p>\n<p style=\"text-align: justify;\">Deutlich zu sehen ist hier der Br\u00fcckenpfeiler.<\/p>\n<p style=\"text-align: justify;\">&nbsp;<\/p>\n<p style=\"text-align: justify;\">&nbsp;<\/p>\n<p style=\"text-align: justify;\">&nbsp;<\/p>\n<p style=\"text-align: justify;\">&nbsp;<\/p>\n<p style=\"text-align: justify;\">&nbsp;<\/p>\n<p style=\"text-align: justify;\">&nbsp;<\/p>\n<p style=\"text-align: justify;\">&nbsp;<\/p>\n<p style=\"text-align: justify;\">&nbsp;<\/p>\n<p style=\"text-align: justify;\"><img loading=\"lazy\" decoding=\"async\" class=\"size-full wp-image-630 alignleft\" src=\"http:\/\/deep-darkness.org\/wpdeepdarkness\/wp-content\/uploads\/2016\/12\/koeln_pfeiler_bruecke2.jpg\" alt=\"\" width=\"640\" height=\"471\" srcset=\"https:\/\/deep-darkness.org\/wpdeepdarkness\/wp-content\/uploads\/2016\/12\/koeln_pfeiler_bruecke2.jpg 640w, https:\/\/deep-darkness.org\/wpdeepdarkness\/wp-content\/uploads\/2016\/12\/koeln_pfeiler_bruecke2-300x221.jpg 300w\" sizes=\"auto, (max-width: 640px) 100vw, 640px\" \/><\/p>\n<p style=\"text-align: justify;\">&nbsp;<\/p>\n<p style=\"text-align: justify;\">&nbsp;<\/p>\n<p style=\"text-align: justify;\">&nbsp;<\/p>\n<p style=\"text-align: justify;\">Seitenansicht des Br\u00fcckenpfeiler. Oben zu erkennen, die Bewehreisen.<\/p>\n<p style=\"text-align: justify;\">&nbsp;<\/p>\n<p style=\"text-align: justify;\">&nbsp;<\/p>\n<p style=\"text-align: justify;\">&nbsp;<\/p>\n<p style=\"text-align: justify;\">&nbsp;<\/p>\n<p style=\"text-align: justify;\">&nbsp;<\/p>\n<p style=\"text-align: justify;\">&nbsp;<\/p>\n<p style=\"text-align: justify;\">&nbsp;<\/p>\n<p style=\"text-align: justify;\">&nbsp;<\/p>\n","protected":false},"excerpt":{"rendered":"<p>Br\u00fcckenst\u00fctzpfeiler Hier sammeln wir alles aus K\u00f6ln, was sonst nirgendswo pa\u00dft. &nbsp; Wenige Kilometer von der heutigen Leverkusener Br\u00fccke entfernt, findet man diese Baureste aus Beton. Das NS Regime plante dort den Bau einer Br\u00fccke \u00fcber den Rhein. Dieses Vorhaben wurde jedoch nie realisiert. &nbsp; &nbsp; &nbsp; &nbsp; Deutlich zu sehen ist hier der Br\u00fcckenpfeiler. [&hellip;]<\/p>\n","protected":false},"author":2,"featured_media":0,"parent":0,"menu_order":0,"comment_status":"closed","ping_status":"closed","template":"template-page-no-title.php","meta":{"ngg_post_thumbnail":0,"footnotes":""},"class_list":["post-628","page","type-page","status-publish","hentry"],"_links":{"self":[{"href":"https:\/\/deep-darkness.org\/wpdeepdarkness\/wp-json\/wp\/v2\/pages\/628","targetHints":{"allow":["GET"]}}],"collection":[{"href":"https:\/\/deep-darkness.org\/wpdeepdarkness\/wp-json\/wp\/v2\/pages"}],"about":[{"href":"https:\/\/deep-darkness.org\/wpdeepdarkness\/wp-json\/wp\/v2\/types\/page"}],"author":[{"embeddable":true,"href":"https:\/\/deep-darkness.org\/wpdeepdarkness\/wp-json\/wp\/v2\/users\/2"}],"replies":[{"embeddable":true,"href":"https:\/\/deep-darkness.org\/wpdeepdarkness\/wp-json\/wp\/v2\/comments?post=628"}],"version-history":[{"count":2,"href":"https:\/\/deep-darkness.org\/wpdeepdarkness\/wp-json\/wp\/v2\/pages\/628\/revisions"}],"predecessor-version":[{"id":633,"href":"https:\/\/deep-darkness.org\/wpdeepdarkness\/wp-json\/wp\/v2\/pages\/628\/revisions\/633"}],"wp:attachment":[{"href":"https:\/\/deep-darkness.org\/wpdeepdarkness\/wp-json\/wp\/v2\/media?parent=628"}],"curies":[{"name":"wp","href":"https:\/\/api.w.org\/{rel}","templated":true}]}}