{"id":634,"date":"2016-12-14T11:50:48","date_gmt":"2016-12-14T10:50:48","guid":{"rendered":"http:\/\/deep-darkness.org\/wpdeepdarkness\/?page_id=634"},"modified":"2016-12-14T11:50:48","modified_gmt":"2016-12-14T10:50:48","slug":"griechenland","status":"publish","type":"page","link":"https:\/\/deep-darkness.org\/wpdeepdarkness\/griechenland\/","title":{"rendered":"Griechenland"},"content":{"rendered":"<h1 style=\"text-align: justify;\"><span style=\"color: #ff9900;\">Insel Samos<\/span><br \/>\n&nbsp;<\/h1>\n<p style=\"text-align: justify;\">Auch im wohlverdienten Sommerurlaub 2004 konnte Marc nicht wirklich abschalten und das Hobby ruhen lassen&#8230;.<\/p>\n<p style=\"text-align: justify;\">Samos, die idyllische gr\u00fcne Insel im \u00c4g\u00e4ischen Meer, bietet den Verfechtern unseres Hobbys mehr, als zu erwarten gewesen w\u00e4re. Durch den historisch tief verankerten Konflikt zwischen Griechenland und der T\u00fcrkei und die geographische N\u00e4he (1300m am engsten Punkt) zum Festland des ehemaligen Erzfeindes, veranlasste die griechische Regierung dazu, Samos zu einer milit\u00e4rischen Festung auszubauen.<\/p>\n<p style=\"text-align: justify;\">Bei genauerem Hinsehen ist das Landschaftsbild gepr\u00e4gt von Sch\u00fctzengr\u00e4ben, MG-Stellungen, Munitions-, Versorgungs-, und Gesch\u00fctzbunkern, die zum Teil sehr gut, teilweise jedoch auch sehr schlampig getarnt wurden. Heute noch ist die milit\u00e4rische Pr\u00e4senz auf der kleinen, paradiesischen Insel enorm, obwohl im Zuge der Entspannung zwischen beiden L\u00e4nder, die meisten Objekte sich selbst \u00fcberlassen sind. Es herrscht ein striktes Fotografierverbot von milit\u00e4rischen Objekten, was selbstverst\u00e4ndlich eingehalten wurde. Denn wer m\u00f6chte es sich schon in einem fremden Land mit der dortigen Armee verscherzen?! Daher ist nicht viel Fotomaterial zusammengekommen.<\/p>\n<p style=\"text-align: justify;\">Auf h\u00f6fliches Hinterfragen jedoch wurde Marc erlaubt, einige wenige Fotos zu machen. Sie zeigen einen typischen Gesch\u00fctzbunker. Das Gesch\u00fctz (Kaliber ??? keine Infos erhalten) steht hier in einem Kampfraum, an den ein winziger Mannschaftsraum anschlie\u00dft. Mit vier Mann ist die Stellung vollst\u00e4ndig besetzt. Wir m\u00f6chten dem griechischen Offizier danken, der es Marc erm\u00f6glicht hat, einen kurzen Blick in diese Anlage zu erhaschen und die vorliegenden Fotos zu machen!<\/p>\n<p style=\"text-align: justify;\">&nbsp;<\/p>\n<p style=\"text-align: justify;\"><img loading=\"lazy\" decoding=\"async\" class=\"size-full wp-image-636 alignleft\" src=\"http:\/\/deep-darkness.org\/wpdeepdarkness\/wp-content\/uploads\/2016\/12\/samos1.jpg\" alt=\"\" width=\"640\" height=\"427\" srcset=\"https:\/\/deep-darkness.org\/wpdeepdarkness\/wp-content\/uploads\/2016\/12\/samos1.jpg 640w, https:\/\/deep-darkness.org\/wpdeepdarkness\/wp-content\/uploads\/2016\/12\/samos1-300x200.jpg 300w\" sizes=\"auto, (max-width: 640px) 100vw, 640px\" \/><\/p>\n<p style=\"text-align: justify;\">&nbsp;<\/p>\n<p style=\"text-align: justify;\">&nbsp;<\/p>\n<p style=\"text-align: justify;\">&nbsp;<\/p>\n<p style=\"text-align: justify;\">Ausblick auf die Kampfscharte mit ausgerichtetem Gesch\u00fctz.<\/p>\n<p style=\"text-align: justify;\">&nbsp;<\/p>\n<p style=\"text-align: justify;\">&nbsp;<\/p>\n<p style=\"text-align: justify;\">&nbsp;<\/p>\n<p style=\"text-align: justify;\">&nbsp;<\/p>\n<p style=\"text-align: justify;\">&nbsp;<\/p>\n<p style=\"text-align: justify;\">&nbsp;<\/p>\n<p style=\"text-align: justify;\">&nbsp;<\/p>\n<p style=\"text-align: justify;\"><img loading=\"lazy\" decoding=\"async\" class=\"size-full wp-image-637 alignleft\" src=\"http:\/\/deep-darkness.org\/wpdeepdarkness\/wp-content\/uploads\/2016\/12\/samos2.jpg\" alt=\"\" width=\"640\" height=\"427\" srcset=\"https:\/\/deep-darkness.org\/wpdeepdarkness\/wp-content\/uploads\/2016\/12\/samos2.jpg 640w, https:\/\/deep-darkness.org\/wpdeepdarkness\/wp-content\/uploads\/2016\/12\/samos2-300x200.jpg 300w\" sizes=\"auto, (max-width: 640px) 100vw, 640px\" \/><\/p>\n<p style=\"text-align: justify;\">&nbsp;<\/p>\n<p style=\"text-align: justify;\">&nbsp;<\/p>\n<p style=\"text-align: justify;\">&nbsp;<\/p>\n<p style=\"text-align: justify;\">Gefechtskommandostand.<\/p>\n<p style=\"text-align: justify;\">&nbsp;<\/p>\n<p style=\"text-align: justify;\">&nbsp;<\/p>\n<p style=\"text-align: justify;\">&nbsp;<\/p>\n<p style=\"text-align: justify;\">&nbsp;<\/p>\n<p style=\"text-align: justify;\">&nbsp;<\/p>\n<p style=\"text-align: justify;\">&nbsp;<\/p>\n<p style=\"text-align: justify;\">&nbsp;<\/p>\n<p style=\"text-align: justify;\">&nbsp;<\/p>\n<p style=\"text-align: justify;\"><img loading=\"lazy\" decoding=\"async\" class=\"size-full wp-image-635 alignleft\" src=\"http:\/\/deep-darkness.org\/wpdeepdarkness\/wp-content\/uploads\/2016\/12\/samos3.jpg\" alt=\"\" width=\"640\" height=\"427\" srcset=\"https:\/\/deep-darkness.org\/wpdeepdarkness\/wp-content\/uploads\/2016\/12\/samos3.jpg 640w, https:\/\/deep-darkness.org\/wpdeepdarkness\/wp-content\/uploads\/2016\/12\/samos3-300x200.jpg 300w\" sizes=\"auto, (max-width: 640px) 100vw, 640px\" \/><\/p>\n<p style=\"text-align: justify;\">&nbsp;<\/p>\n<p style=\"text-align: justify;\">&nbsp;<\/p>\n<p style=\"text-align: justify;\">&nbsp;<\/p>\n<p style=\"text-align: justify;\">Kampfraum mit Gesch\u00fctz.<\/p>\n<p style=\"text-align: justify;\">&nbsp;<\/p>\n<p style=\"text-align: justify;\">&nbsp;<\/p>\n<p style=\"text-align: justify;\">&nbsp;<\/p>\n<p style=\"text-align: justify;\">&nbsp;<\/p>\n<p style=\"text-align: justify;\">&nbsp;<\/p>\n<p style=\"text-align: justify;\">&nbsp;<\/p>\n<p style=\"text-align: justify;\">&nbsp;<\/p>\n<p style=\"text-align: justify;\">&nbsp;<\/p>\n","protected":false},"excerpt":{"rendered":"<p>Insel Samos &nbsp; Auch im wohlverdienten Sommerurlaub 2004 konnte Marc nicht wirklich abschalten und das Hobby ruhen lassen&#8230;. Samos, die idyllische gr\u00fcne Insel im \u00c4g\u00e4ischen Meer, bietet den Verfechtern unseres Hobbys mehr, als zu erwarten gewesen w\u00e4re. Durch den historisch tief verankerten Konflikt zwischen Griechenland und der T\u00fcrkei und die geographische N\u00e4he (1300m am engsten [&hellip;]<\/p>\n","protected":false},"author":2,"featured_media":0,"parent":0,"menu_order":0,"comment_status":"closed","ping_status":"closed","template":"template-page-no-title.php","meta":{"ngg_post_thumbnail":0,"footnotes":""},"class_list":["post-634","page","type-page","status-publish","hentry"],"_links":{"self":[{"href":"https:\/\/deep-darkness.org\/wpdeepdarkness\/wp-json\/wp\/v2\/pages\/634","targetHints":{"allow":["GET"]}}],"collection":[{"href":"https:\/\/deep-darkness.org\/wpdeepdarkness\/wp-json\/wp\/v2\/pages"}],"about":[{"href":"https:\/\/deep-darkness.org\/wpdeepdarkness\/wp-json\/wp\/v2\/types\/page"}],"author":[{"embeddable":true,"href":"https:\/\/deep-darkness.org\/wpdeepdarkness\/wp-json\/wp\/v2\/users\/2"}],"replies":[{"embeddable":true,"href":"https:\/\/deep-darkness.org\/wpdeepdarkness\/wp-json\/wp\/v2\/comments?post=634"}],"version-history":[{"count":1,"href":"https:\/\/deep-darkness.org\/wpdeepdarkness\/wp-json\/wp\/v2\/pages\/634\/revisions"}],"predecessor-version":[{"id":639,"href":"https:\/\/deep-darkness.org\/wpdeepdarkness\/wp-json\/wp\/v2\/pages\/634\/revisions\/639"}],"wp:attachment":[{"href":"https:\/\/deep-darkness.org\/wpdeepdarkness\/wp-json\/wp\/v2\/media?parent=634"}],"curies":[{"name":"wp","href":"https:\/\/api.w.org\/{rel}","templated":true}]}}