{"id":743,"date":"2017-06-06T11:43:49","date_gmt":"2017-06-06T09:43:49","guid":{"rendered":"http:\/\/deep-darkness.org\/wpdeepdarkness\/?page_id=743"},"modified":"2025-06-05T11:19:50","modified_gmt":"2025-06-05T09:19:50","slug":"kalter-krieg","status":"publish","type":"page","link":"https:\/\/deep-darkness.org\/wpdeepdarkness\/kalter-krieg\/","title":{"rendered":"Kalter Krieg"},"content":{"rendered":"<h1 style=\"text-align: center;\"><span style=\"color: #ff9900;\">Der kalte Krieg<\/span><\/h1>\n<p>&nbsp;<\/p>\n<p><img loading=\"lazy\" decoding=\"async\" class=\"wp-image-744 aligncenter\" src=\"http:\/\/deep-darkness.org\/wpdeepdarkness\/wp-content\/uploads\/2017\/06\/logo_kk.jpg\" alt=\"\" width=\"653\" height=\"312\" srcset=\"https:\/\/deep-darkness.org\/wpdeepdarkness\/wp-content\/uploads\/2017\/06\/logo_kk.jpg 800w, https:\/\/deep-darkness.org\/wpdeepdarkness\/wp-content\/uploads\/2017\/06\/logo_kk-300x143.jpg 300w, https:\/\/deep-darkness.org\/wpdeepdarkness\/wp-content\/uploads\/2017\/06\/logo_kk-768x367.jpg 768w\" sizes=\"auto, (max-width: 653px) 100vw, 653px\" \/><\/p>\n<p>&nbsp;<\/p>\n<p style=\"text-align: justify;\">Der Kalte Krieg ging als Konflikt zwischen den Westm\u00e4chten unter der F\u00fchrung der Vereinigten Staaten von Amerika und den sogenannten Ostblockstaaten unter der F\u00fchrung der Sowjetunion in die Geschichtsb\u00fccher ein. Der Begriff des Kalten Krieges stammt aus dem Jahr 1945. Der englische Autor George Orwell verwendete ihn im Essay \u201eYou and the Atomic Bomb\u201c am 19. Oktober 1945, im allgemeinen Sinne einer Konfrontation von Superm\u00e4chten unter der Drohung eines Atomkrieges.<\/p>\n<p style=\"text-align: justify;\">Der Konflikt zwischen den Nato Partnern und dem Warschauer Pakt wurde nach Ende des 2. Weltkrieges und dem Sieg \u00fcber Nazi-Deutschland ca. von 1947 bis 1989 mit nahezu allen Mitteln zu Lande, zu Wasser und in der Luft ausgetragen. Zu einer direkten milit\u00e4rischen Auseinandersetzung zwischen den Superm\u00e4chten USA und Sowjetunion, die ein st\u00e4ndiges atomares Wettr\u00fcsten betrieben, kam es jedoch nie. Der Kalte Krieg galt vielmehr als Systemkonfrontation zwischen dem westlichem Kapitalismus und dem Kommunismus vertreten durch die Ostblockstaaten.<\/p>\n<p style=\"text-align: justify;\">Er pr\u00e4gte ab der zweiten H\u00e4lfte des 20. Jahrhunderts die globale Au\u00dfen- und Sicherheitspolitik. Dabei wurden jahrzehntelang auf beiden Seiten politische, wirtschaftliche, technische und milit\u00e4rische Anstrengungen unternommen, um den Einfluss des anderen Lagers weltweit einzud\u00e4mmen oder zur\u00fcckzudr\u00e4ngen.<\/p>\n<p style=\"text-align: justify;\">Der Ost-West Konflikt drohte mehrfach von einem \u201ekalten\u201c Krieg in einen \u201ehei\u00dfen\u201c Krieg unter Waffeneinsatz zu kippen. Solche Momente waren:<\/p>\n<ul style=\"text-align: justify;\">\n<li>die Berlin-Blockade 1948\/49<\/li>\n<li>der Bau der Berliner Mauer 1961<\/li>\n<li>die Kubakrise 1962<\/li>\n<li>der Streit um die Stationierung von Mittelstreckenraketen Pershing II und SS20 von 1979 bis 1982\/83<\/li>\n<li>das Nato Man\u00f6ver Abel Archer<\/li>\n<\/ul>\n<p style=\"text-align: justify;\">Zwischen den einzelnen Phasen kam es zu Perioden mit geringerem Konfliktpotenzial, zeitweise auch zu Entspannung und politischer Ann\u00e4herung.<\/p>\n<p style=\"text-align: justify;\">Randschauplatz des Kalten Krieges waren die so genannten Stellvertreterkriege in der Dritten Welt, wo sich Nato und Warschauer Pakt indirekt gegen\u00fcber standen. Mit eigenen Streitkr\u00e4ften griffen die USA ab 1950 und ab 1965 in \u201ehei\u00dfe\u201c Kriege der nach dem Zweiten Weltkrieg gespaltenen L\u00e4nder Korea und Vietnam ein. Die sowjetische Intervention in Afghanistan ab 1979 verfolgte das strategische Ziel, die Position der Sowjetunion in Zentral- und S\u00fcdasien auszubauen.<\/p>\n<p style=\"text-align: justify;\">Wo sie das \u00dcberwechseln eines Staates in das gegnerische Lager bef\u00fcrchteten, mischten sich die USA und ihre Verb\u00fcndeten mit verdeckten Operationen ihrer Geheimdienste durch Organisation oder Absicherung von Milit\u00e4rputschen ein. So setzte beispielsweise die Sowjetunion ihre Streitkr\u00e4fte bei der Niederschlagung eines Volksaufstands in der DDR am 17.Juni ein.<\/p>\n<p style=\"text-align: justify;\">Geheimdienstliche Aktionen wie Spionage, verdeckte Operationen, gezielte Desinformation und Propaganda, Sabotage, Geiselnahmen und sogar Morde an missliebigen Personen kennzeichneten den Kalten Krieg sowohl zwischen den Superm\u00e4chten als auch ihren Verb\u00fcndeten.<br \/>\nDer Konkurrenzkampf beider Systeme zeigte sich auch in der Verbreitung ideologischer Propaganda der Superm\u00e4chte und ihrer Verb\u00fcndeten, an ihrem Wettr\u00fcsten, in der Wirtschaftsentwicklung und an Entwicklungen in den Bereichen Kultur, Sport, Wissenschaft und Technologie, etwa bei den aufw\u00e4ndigen Raumfahrtprogrammen beider Seiten.<\/p>\n<p style=\"text-align: justify;\">Als Dauer des Kalten Krieges gilt im Allgemeinen die Nachkriegszeit ab 1945 bis zum Zusammenbruch der Sowjetunion 1991.<br \/>\nErst mit dem schleichenden Zusammenbruch der Wirtschaft im Ostblock und dem F\u00fchrungswechsel im Kreml von 1985 er\u00f6ffneten sich ernsthafte Chancen zu milit\u00e4rischer Abr\u00fcstung und politischer Ann\u00e4herung der Bl\u00f6cke. Michail Gorbatschows Verzicht auf die Breschnew-Doktrin erm\u00f6glichte die zunehmende Selbstbestimmung der V\u00f6lker Mittelosteuropas. Das zog den Zerfall des Eisernen Vorhanges und in dessen Folge die Aufl\u00f6sung des Ostblocks beziehungsweise 1991 der Sowjetunion nach sich.<\/p>\n<p style=\"text-align: justify;\">Michail Gorbatschow bezeichnete das Treffen mit dem Ronald Reagan abl\u00f6senden US-Pr\u00e4sidenten George Bush auf Malta im Dezember 1989 als \u201eAnfang vom Ende des Kalten Krieges\u201c<\/p>\n<p style=\"text-align: justify;\">Noch heute finden sich viele bauliche Hinterlassenschaften dieser Zeitepoche sowohl seitens der Nato als auch des Warschauer Paktes in den entsprechenden territorialen Gebieten. Viele solcher Einrichtungen sind aber auch nicht zwingend milit\u00e4rischen Ursprungs, sondern dienten der Zivilbev\u00f6lkerung beispielsweise als Schutz vor dem nuklearen Holocaust.<\/p>\n<p style=\"text-align: justify;\">Nach und nach werden wir die von uns besuchten Hinterlassenschaften des Kalten Krieges in verschiedenen Rubriken mit Erl\u00e4uterungen zu den Objekten publizieren.<\/p>\n<p style=\"text-align: justify;\">Wir w\u00fcnschen viel Spa\u00df beim St\u00f6bern in dieser wirklich interessanten zeitgeschichtlichen Rubrik, in der die Menschheit mehrfach kurz vor dem Abgrund stand.<\/p>\n","protected":false},"excerpt":{"rendered":"<p>Der kalte Krieg &nbsp; &nbsp; Der Kalte Krieg ging als Konflikt zwischen den Westm\u00e4chten unter der F\u00fchrung der Vereinigten Staaten von Amerika und den sogenannten Ostblockstaaten unter der F\u00fchrung der Sowjetunion in die Geschichtsb\u00fccher ein. Der Begriff des Kalten Krieges stammt aus dem Jahr 1945. Der englische Autor George Orwell verwendete ihn im Essay \u201eYou [&hellip;]<\/p>\n","protected":false},"author":2,"featured_media":0,"parent":0,"menu_order":0,"comment_status":"closed","ping_status":"closed","template":"template-page-no-title.php","meta":{"ngg_post_thumbnail":0,"footnotes":""},"class_list":["post-743","page","type-page","status-publish","hentry"],"_links":{"self":[{"href":"https:\/\/deep-darkness.org\/wpdeepdarkness\/wp-json\/wp\/v2\/pages\/743","targetHints":{"allow":["GET"]}}],"collection":[{"href":"https:\/\/deep-darkness.org\/wpdeepdarkness\/wp-json\/wp\/v2\/pages"}],"about":[{"href":"https:\/\/deep-darkness.org\/wpdeepdarkness\/wp-json\/wp\/v2\/types\/page"}],"author":[{"embeddable":true,"href":"https:\/\/deep-darkness.org\/wpdeepdarkness\/wp-json\/wp\/v2\/users\/2"}],"replies":[{"embeddable":true,"href":"https:\/\/deep-darkness.org\/wpdeepdarkness\/wp-json\/wp\/v2\/comments?post=743"}],"version-history":[{"count":15,"href":"https:\/\/deep-darkness.org\/wpdeepdarkness\/wp-json\/wp\/v2\/pages\/743\/revisions"}],"predecessor-version":[{"id":1578,"href":"https:\/\/deep-darkness.org\/wpdeepdarkness\/wp-json\/wp\/v2\/pages\/743\/revisions\/1578"}],"wp:attachment":[{"href":"https:\/\/deep-darkness.org\/wpdeepdarkness\/wp-json\/wp\/v2\/media?parent=743"}],"curies":[{"name":"wp","href":"https:\/\/api.w.org\/{rel}","templated":true}]}}