{"id":8,"date":"2016-12-10T17:52:26","date_gmt":"2016-12-10T16:52:26","guid":{"rendered":"http:\/\/deep-darkness.org\/wpdeepdarkness\/?page_id=8"},"modified":"2025-12-24T11:12:55","modified_gmt":"2025-12-24T10:12:55","slug":"willkommen","status":"publish","type":"page","link":"https:\/\/deep-darkness.org\/wpdeepdarkness\/","title":{"rendered":"Willkommen"},"content":{"rendered":"<h1 style=\"text-align: center;\"><span style=\"color: #ff9900;\">Herzlich Willkommen bei Deep Darkness<\/span><\/h1>\n<p style=\"text-align: center;\"><a href=\"http:\/\/deep-darkness.org\/wpdeepdarkness\/news\/\"><span style=\"color: #ff9900;\">Letzte Bearbeitung der Webseite: 23.12.2025<\/span><\/a><\/p>\n<p>&nbsp;<\/p>\n<p style=\"text-align: justify;\">Auf dieser Webseite stellen wir unsere Exkursionen mit sehr vielen Photos und auch Videos vor, die wir seit dem Jahre 2001 in Bunkern, U-Verlagerungen und Regelbauten durchgef\u00fchrt haben. Diese stammen haupts\u00e4chlich aus dem zweiten Weltkrieg oder haben sonstigen milit\u00e4rischen Hintergrund, neuerdings ist der kalte Krieg dazu gekommen. Das Team Deep Darkness dokumentiert l\u00e4nder\u00fcbergreifend, so dass wir zur Zeit Exkursionen in Deutschland, Frankreich, Griechenland, Belgien und der Ukraine vorstellen k\u00f6nnen.<\/p>\n<p>&nbsp;<\/p>\n<hr>\n<p style=\"text-align: center;\"><strong>Diese Webseite ist rein privater Natur und dient ausschliesslich der pers\u00f6nlichen, eigenen Information \u00fcber die vorgestellten Objekte. <\/strong><\/p>\n<hr>\n<p>&nbsp;<\/p>\n<p style=\"text-align: justify;\">Eines unserer Themenschwerpunkte liegt seit vielen Jahren auf der Maginotlinie und deren Artillerie- sowie Infanteriewerken. Werke wie z. B. Latiremont, Br\u00e9hain, Molvange, Soetrich, Kobenbusch, Metrich, Billig, Mont des Welches, Michelsberg, Hobling, Denting, Haut-Poirier, Welschhof, Lembach und Rochonvillers haben wir besucht und in Photos und teilweise auch in selbstgedrehten Videos festgehalten. Ebenfalls ist nun ein Video \u00fcber die Friedenskaserne Camp d`Angevillers online.<\/p>\n<p style=\"text-align: justify;\">Bunkeranlagen des Atlantikwalls besuchen wir auch und stellen ausgew\u00e4hlte Fotos vor. Fotos z. B. von folgenden Bunkeranlagen sind bei uns zu finden: Batterie Todt, Cap Blanc-Nez, Eperlecques, La Coupole, Malo Terminus, Mimoyecques, MKB Oldenburg, MKB Waldam, Stp. Adolf, Stp. August und das Wn Darmstadt.<\/p>\n<p style=\"text-align: justify;\">Der Westwall kommt bei uns ebenfalls nicht zu kurz und wir kehren dorthin immer mal wieder zur\u00fcck. Photos \u00fcber die deutsche Siegfriedlinie&nbsp; finden sich zur Zeit in z. B. folgenden Anlagen wieder: Buhlert, Burgberg, B-Werk Irrel, H\u00f6ckerlinie, Pak Garage, Regelbau C4 und die Drehschrankensperre.<\/p>\n<p style=\"text-align: justify;\">Ebenfalls interessieren uns nat\u00fcrlich auch die U-Verlagerungen, deutsche unterirdische Produktionsst\u00e4tten im dritten Reich. Momentan k\u00f6nnen wir dem Besucher unserer Webseite zwei U-Verlagerungen in Wort und Bild anbieten: Eisenkies und Schlammpeitzger.<\/p>\n<p>Neu hinzugekommen ist auch die Rubrik Lost Places. Es gibt so viele spannende Orte, die nichts mit dem Thema Bunker zu tun haben. Aber auch diesen m\u00f6chten wir uns nun verst\u00e4rkt widmen.<\/p>\n<p style=\"text-align: justify;\">Zum Schluss nun unser letztes Themengebiet, dem wir uns nun verst\u00e4rkt widmen werden, den Bauten aus der Zeit des kalten Krieges, unsere Jugendzeit. Es gibt eine Menge zu entdecken und wir haben im Juni 2017 unsere erste Exkursion in der Ukraine online gestellt, einem sowjetischen Raketensilo. Ende Oktober 2017 kam das erste Nato Bauwerk dazu, das SAS Wahner Heide.<\/p>\n<p style=\"text-align: justify;\">Das Team Deep Darkness recherchiert politisch neutral. Wir stellen ausschlie\u00dflich unsere Exkursionen online und m\u00f6chten diese Bauwerke der interessierten Nachwelt erhalten und vorstellen. Eine braune Gesinnung, Rechtsradikalismuss und alle weiteren, extremen Gesinnungen, rechts oder auch mittlerweile links extrem, werden von uns nicht toleriert!<\/p>\n<p style=\"text-align: justify;\">Alle vorgestellten Exkursionen d\u00fcrfen keinesfalls zur Nachahmung verwendet werden. Sie sollen lediglich der Information \u00fcber diese Bauten und Vorstellung vieler, heute schon vergessener Mahnmale aus einem dunklen Kapitel unserer deutschen Zeit dienen.<\/p>\n<p style=\"text-align: justify;\">Viel Spa\u00df auf unserer Website und eine gute, informative Recherche w\u00fcnschen wir allen Besuchern!<\/p>\n<p style=\"text-align: justify;\">Marc &amp; Michael<br \/>\nTeam Deep Darkness<\/p>\n","protected":false},"excerpt":{"rendered":"<p>Herzlich Willkommen bei Deep Darkness Letzte Bearbeitung der Webseite: 23.12.2025 &nbsp; Auf dieser Webseite stellen wir unsere Exkursionen mit sehr vielen Photos und auch Videos vor, die wir seit dem Jahre 2001 in Bunkern, U-Verlagerungen und Regelbauten durchgef\u00fchrt haben. Diese stammen haupts\u00e4chlich aus dem zweiten Weltkrieg oder haben sonstigen milit\u00e4rischen Hintergrund, neuerdings ist der kalte [&hellip;]<\/p>\n","protected":false},"author":2,"featured_media":0,"parent":0,"menu_order":0,"comment_status":"closed","ping_status":"closed","template":"","meta":{"ngg_post_thumbnail":0,"footnotes":""},"class_list":["post-8","page","type-page","status-publish","hentry"],"_links":{"self":[{"href":"https:\/\/deep-darkness.org\/wpdeepdarkness\/wp-json\/wp\/v2\/pages\/8","targetHints":{"allow":["GET"]}}],"collection":[{"href":"https:\/\/deep-darkness.org\/wpdeepdarkness\/wp-json\/wp\/v2\/pages"}],"about":[{"href":"https:\/\/deep-darkness.org\/wpdeepdarkness\/wp-json\/wp\/v2\/types\/page"}],"author":[{"embeddable":true,"href":"https:\/\/deep-darkness.org\/wpdeepdarkness\/wp-json\/wp\/v2\/users\/2"}],"replies":[{"embeddable":true,"href":"https:\/\/deep-darkness.org\/wpdeepdarkness\/wp-json\/wp\/v2\/comments?post=8"}],"version-history":[{"count":63,"href":"https:\/\/deep-darkness.org\/wpdeepdarkness\/wp-json\/wp\/v2\/pages\/8\/revisions"}],"predecessor-version":[{"id":3095,"href":"https:\/\/deep-darkness.org\/wpdeepdarkness\/wp-json\/wp\/v2\/pages\/8\/revisions\/3095"}],"wp:attachment":[{"href":"https:\/\/deep-darkness.org\/wpdeepdarkness\/wp-json\/wp\/v2\/media?parent=8"}],"curies":[{"name":"wp","href":"https:\/\/api.w.org\/{rel}","templated":true}]}}