{"id":802,"date":"2017-06-06T18:44:33","date_gmt":"2017-06-06T16:44:33","guid":{"rendered":"http:\/\/deep-darkness.org\/wpdeepdarkness\/?page_id=802"},"modified":"2025-06-06T11:12:11","modified_gmt":"2025-06-06T09:12:11","slug":"raketensilo-in-der-ukraine","status":"publish","type":"page","link":"https:\/\/deep-darkness.org\/wpdeepdarkness\/raketensilo-in-der-ukraine\/","title":{"rendered":"Raketensilo in der Ukraine"},"content":{"rendered":"<h1><span style=\"color: #ff9900;\">Raketensilo der Sowjetunion<\/span><\/h1>\n<p>&nbsp;<\/p>\n<p style=\"text-align: justify;\">Das letzte, noch erhaltene Raketensilo der Sowjetunion in der Ukraine ist heute ein sehr interessantes Museum, welches auf jeden Fall einen Besuch lohnt. Stationiert war zum Schluss die R-36M (NATO-Codename SS-18 Satan) Sie war eine ballistische Interkontinentalrakete aus sowjetischer Produktion. Nette Anekdote am Rande, die SS-18, mit ihren vergoldeten Leitungen etc., kam auf ein Netto Goldgewicht in H\u00f6he von 20kg. Jede einzelne Rakete. Unfassbar.<\/p>\n<p style=\"text-align: justify;\">In einem solchen Raketensilo arbeiteten ausschlie\u00dflich sowjetische Offiziere, der normale Soldat hatte hier keinen Zutritt. In einem gewissen Rhythmus wurde der Stationierungsort ge\u00e4ndert um Freundschaften mit der hiesigen Bev\u00f6lkerung zu verhindern.<\/p>\n<p style=\"text-align: justify;\">Es gab in einer solchen Anlage immer zwei gleiche Silos. In dem einen Silo wurde die kommplette Technik untergebracht. Ganz unten in der vorletzten Etage waren der Kontroll- und Abschussbereich. Darunter der Ruhe und Schlafbereich. In dem zweiten Silo war die SS-18 untergebracht.<\/p>\n<p style=\"text-align: justify;\">Die Arbeitsumst\u00e4nde in einem solchen Silo kann man nur als katastrophal bezeichnen. Extrem laut durch die Bel\u00fcftung, extrem wenig Platz und unvorstellbare Aufgaben in den Schichten. Alle 7 Sekunden kam von Moskau aus ein neuer Abschusscode, der dann in die Ger\u00e4te eingegeben werden musste.<\/p>\n<p style=\"text-align: justify;\">W\u00e4re jemals der Befehl von Moskau gekommen, die SS-18 zu starten, w\u00e4re alles sehr schnell gegangen. Wenige Sekunden um das obere Schott zu \u00f6ffnen, der Abschuss erfolgt danach sofort und die SS-18 h\u00e4tte um die 22 Minuten gebraucht, um ihre Ziele in den USA zu erreichen.<\/p>\n<p style=\"text-align: justify;\">Nach dem Abschuss w\u00e4ren die Offiziere f\u00fcr knapp 45 Tage in ihrem Silo autark gewesen. Danach h\u00e4tten sie aber auch nach oben gemusst. In eine v\u00f6llig verstrahlte Umgebung, denn die Antwort der USA h\u00e4tte nach einem Abschuss nat\u00fcrlich wenige Minuten sp\u00e4ter erfolgt.<\/p>\n<p>&nbsp;<\/p>\n<h3><span style=\"color: #ff9900;\">Hier ein Video, das einen Testabschuss einer SS-18 zeigt:<\/span><\/h3>\n<p style=\"text-align: justify;\">Sehr Interessant ist folgendes, welches auch sehr gut im Video zu sehen ist:<\/p>\n<p style=\"text-align: justify;\">Da f\u00fcr die R-36M die vorhandenen Silos der R-36-Raketen genutzt werden sollten, gab es bei der Entwicklung der Raketen und der vorgesehenen Modernisierung der Silos Beschr\u00e4nkungen hinsichtlich des vorhandenen Silovolumens. Die R-36-Silos hatten eine Tiefe von 36 m und einen Durchmesser von 5,1 m. Mit den geplanten Ma\u00dfnahmen zur Siloh\u00e4rtung waren diese damit zu klein f\u00fcr einen konventionellen hei\u00dfen Start im Silo wie bei der R-36, bei dem die Rakete im Silo gez\u00fcndet wird und die Abgase \u00fcber Flammsch\u00e4chte aus dem Silo geleitet werden. Daher entschied man sich f\u00fcr die Kaltstart-Methode, bei der das Silovolumen besser genutzt werden konnte.<\/p>\n<p style=\"text-align: justify;\">Bei dieser Methode wird die Rakete im Herstellerwerk in einen Glasfaserkanister eingebracht und dieser im Silo montiert. Anschlie\u00dfend wird die Rakete im Silo betankt und an die elektrischen Systeme angeschlossen. Am Boden des Kanisters unterhalb der Rakete befindet sich ein Kaltgasgenerator, der Schwarzpulver nutzt. Wird die Rakete gestartet, dr\u00fccken die durch den Gasgenerator erzeugten Gase die Rakete aus dem Kanister und aus dem Silo. Hat die Rakete das Silo verlassen, wird eine Schutzverkleidung \u00fcber den Haupttriebwerken abgesto\u00dfen und erst dann (!) das eigentliche Raketentriebwerk gez\u00fcndet. Das Volumen der Silos konnte somit durch den Wegfall der Flammsch\u00e4chte f\u00fcr eine verbesserte Armierung genutzt werden.<\/p>\n<p>&nbsp;<\/p>\n<div style=\"text-align: center;\"><iframe loading=\"lazy\" src=\"https:\/\/www.youtube-nocookie.com\/embed\/eTD8hhxmxOM\" width=\"560\" height=\"315\" frameborder=\"0\" allowfullscreen=\"allowfullscreen\"><\/iframe><\/div>\n<p>&nbsp;<\/p>\n<p>&nbsp;<\/p>\n<h3 style=\"text-align: justify;\"><span style=\"color: #ff9900;\">Hier nun einige Fotos von unserem Besuch:<\/span><\/h3>\nngg_shortcode_0_placeholder\n<p>&nbsp;<\/p>\n<p>&nbsp;<\/p>\n<p>&nbsp;<\/p>\n<p style=\"text-align: justify;\">&nbsp;<\/p>\n<p>&nbsp;<\/p>\n<div style=\"text-align: center;\">&nbsp;<\/div>\n","protected":false},"excerpt":{"rendered":"<p>Raketensilo der Sowjetunion &nbsp; Das letzte, noch erhaltene Raketensilo der Sowjetunion in der Ukraine ist heute ein sehr interessantes Museum, welches auf jeden Fall einen Besuch lohnt. Stationiert war zum Schluss die R-36M (NATO-Codename SS-18 Satan) Sie war eine ballistische Interkontinentalrakete aus sowjetischer Produktion. Nette Anekdote am Rande, die SS-18, mit ihren vergoldeten Leitungen etc., [&hellip;]<\/p>\n","protected":false},"author":2,"featured_media":0,"parent":0,"menu_order":0,"comment_status":"closed","ping_status":"closed","template":"template-page-no-title.php","meta":{"ngg_post_thumbnail":0,"footnotes":""},"class_list":["post-802","page","type-page","status-publish","hentry"],"_links":{"self":[{"href":"https:\/\/deep-darkness.org\/wpdeepdarkness\/wp-json\/wp\/v2\/pages\/802","targetHints":{"allow":["GET"]}}],"collection":[{"href":"https:\/\/deep-darkness.org\/wpdeepdarkness\/wp-json\/wp\/v2\/pages"}],"about":[{"href":"https:\/\/deep-darkness.org\/wpdeepdarkness\/wp-json\/wp\/v2\/types\/page"}],"author":[{"embeddable":true,"href":"https:\/\/deep-darkness.org\/wpdeepdarkness\/wp-json\/wp\/v2\/users\/2"}],"replies":[{"embeddable":true,"href":"https:\/\/deep-darkness.org\/wpdeepdarkness\/wp-json\/wp\/v2\/comments?post=802"}],"version-history":[{"count":25,"href":"https:\/\/deep-darkness.org\/wpdeepdarkness\/wp-json\/wp\/v2\/pages\/802\/revisions"}],"predecessor-version":[{"id":1633,"href":"https:\/\/deep-darkness.org\/wpdeepdarkness\/wp-json\/wp\/v2\/pages\/802\/revisions\/1633"}],"wp:attachment":[{"href":"https:\/\/deep-darkness.org\/wpdeepdarkness\/wp-json\/wp\/v2\/media?parent=802"}],"curies":[{"name":"wp","href":"https:\/\/api.w.org\/{rel}","templated":true}]}}