{"id":818,"date":"2017-06-06T19:42:52","date_gmt":"2017-06-06T17:42:52","guid":{"rendered":"http:\/\/deep-darkness.org\/wpdeepdarkness\/?page_id=818"},"modified":"2017-06-08T20:12:46","modified_gmt":"2017-06-08T18:12:46","slug":"ostblock","status":"publish","type":"page","link":"https:\/\/deep-darkness.org\/wpdeepdarkness\/ostblock\/","title":{"rendered":"Warschauer Pakt"},"content":{"rendered":"<h1 style=\"text-align: justify;\"><span style=\"color: #ff9900;\">Der kalte Krieg im Warschauer Pakt<br \/>\n<\/span><\/h1>\n<p>&nbsp;<\/p>\n<p><img loading=\"lazy\" decoding=\"async\" class=\"size-full wp-image-843 aligncenter\" src=\"http:\/\/deep-darkness.org\/wpdeepdarkness\/wp-content\/uploads\/2017\/06\/Logo_The_Warsaw_Pact.gif\" alt=\"Logo des Warschauer Paktes\" height=\"385\" width=\"300\"><\/p>\n<p style=\"text-align: justify;\">Hier findet sich alles aus dem kalten Krieg &#8211; Gebiet Warschauer Pakt<\/p>\n<p style=\"text-align: justify;\">Ostblock ist ein politisches Schlagwort aus der Zeit des Ost-West-Konflikts f\u00fcr die Sowjetunion (UdSSR) und ihre europ\u00e4ischen Satellitenstaaten, die nach dem Zweiten Weltkrieg unter sowjetischer Hegemonie standen. Es wurde dabei zwischen zwei verschiedenen Wirtschaftszonen unterschieden: jene der europ\u00e4ischen Ostblockstaaten und jene der asiatischen Verb\u00fcndeten. Die politisch eng zusammenarbeitende Gruppe wurde durch ein System zweiseitiger Freundschafts- und Beistandsabkommen zwischen der Sowjetunion und den mit ihr verb\u00fcndeten Staaten sowie zwischen letzteren untereinander gebildet. Der Ostblock fiel nach der \u00d6ffnung des Eisernen Vorhangs ab dem Herbst 1989 auseinander, gefolgt vom Zerfall der Sowjetunion bis Ende 1991.<\/p>\n<p style=\"text-align: justify;\">Zum Ostblock z\u00e4hlten die in der Sowjetunion vereinigten Unionsrepubliken, die Volksrepublik Polen, die DDR, Tschechoslowakei, Ungarn, Bulgarien und Rum\u00e4nien. Bis in die 1960er Jahre galt auch Albanien als Ostblockstaat. Weitere L\u00e4nder au\u00dferhalb Mittel- und Osteuropas sowie Nord- und Mittelasiens wurden zum Ostblock gez\u00e4hlt, solange sie unter dem beherrschenden Einfluss der Sowjetunion standen: Kuba, Nordvietnam (ab 1976: Vietnam), Nordkorea, die Mongolische Volksrepublik und die fr\u00fche Volksrepublik China.<\/p>\n<p style=\"text-align: justify;\">Die europ\u00e4ischen Staaten des Ostblocks schlossen sich 1949 im Rat f\u00fcr gegenseitige Wirtschaftshilfe (Comecon) und 1955 im Warschauer Pakt zusammen. Im gleichen Jahr beschloss der Rat die wirtschaftliche Integration. Die Volksdemokratien sollten ein einheitliches Wirtschaftsgebiet bilden, in dem die Produktionsaufgaben unter den L\u00e4ndern aufgeteilt wurden. Der urspr\u00fcnglich, besonders zu Zeiten des Sp\u00e4tstalinismus bis 1953 noch monolithisch erscheinende Ostblock zersplitterte sich allm\u00e4hlich aufgrund wirtschaftlicher, politischer und ideologischer Interessengegens\u00e4tze. Insbesondere bestanden immer noch nationale Interessen. Der Volksaufstand des 17. Juni (in der DDR) wie auch der Volksaufstand in Ungarn im Oktober\/November 1956 machten bewusst, dass die sozialistische (Werte-)Ordnung in vielen L\u00e4ndern auf mehr oder weniger starke Ablehnung stie\u00df und sich die dortigen Regimes nur mit massiver sowjetischer Unterst\u00fctzung behaupten konnten. Einige sozialistische L\u00e4nder begannen eine von der Sowjetunion unabh\u00e4ngige Politik zu verfolgen, insbesondere widersetzte sich China immer st\u00e4rker dem sowjetischen F\u00fchrungsanspruch, sodass es in den 1960er Jahren zum offenen Bruch kam (\u2192 Chinesisch-sowjetisches Zerw\u00fcrfnis). In den 1980er Jahren wurden nur noch die Mitglieder des Warschauer Paktes unter dem Begriff \u201eOstblockstaaten\u201c zusammengefasst. Das damalige sozialistische Jugoslawien wird manchmal verallgemeinernd als \u201eOstblockstaat\u201c bezeichnet, war jedoch ein unabh\u00e4ngiger sozialistischer Staat. Es geh\u00f6rte nie zum Warschauer Pakt und war kein Mitglied des Rates f\u00fcr gegenseitige Wirtschaftshilfe. Jugoslawiens Staatspr\u00e4sident Josip Broz Tito war einer der Mitbegr\u00fcnder der Bewegung der blockfreien Staaten; au\u00dferdem verfolgte er mit dem Titoismus einen eigenen, von der UdSSR unabh\u00e4ngigen \u201eWeg zum Sozialismus\u201c.<\/p>\n<p style=\"text-align: justify;\">Der Begriff \u201eOstblock\u201c wurde im Westen gepr\u00e4gt. Er spiegelte das Verst\u00e4ndnis wider, welches w\u00e4hrend des Kalten Krieges von der Staatengruppe unter F\u00fchrung der Sowjetunion als kompakte Formation herrschte. In allen entscheidenden Bereichen wurde eine einheitliche Politik verfolgt, die sich die ausgepr\u00e4gte Abh\u00e4ngigkeit der jeweiligen Regierung einer Volksrepublik zur F\u00fchrung der Sowjetunion gr\u00fcndete. Nicht alle Regierungen des Ostblocks erkannten die F\u00fchrungsrolle der KPdSU an, wohl aber die der sowjetischen Regierung.<\/p>\n<p><em>Quelle Wikipedia<\/em><\/p>\n","protected":false},"excerpt":{"rendered":"<p>Der kalte Krieg im Warschauer Pakt &nbsp; Hier findet sich alles aus dem kalten Krieg &#8211; Gebiet Warschauer Pakt Ostblock ist ein politisches Schlagwort aus der Zeit des Ost-West-Konflikts f\u00fcr die Sowjetunion (UdSSR) und ihre europ\u00e4ischen Satellitenstaaten, die nach dem Zweiten Weltkrieg unter sowjetischer Hegemonie standen. Es wurde dabei zwischen zwei verschiedenen Wirtschaftszonen unterschieden: jene [&hellip;]<\/p>\n","protected":false},"author":2,"featured_media":0,"parent":0,"menu_order":0,"comment_status":"closed","ping_status":"closed","template":"template-page-no-title.php","meta":{"ngg_post_thumbnail":0,"footnotes":""},"class_list":["post-818","page","type-page","status-publish","hentry"],"_links":{"self":[{"href":"https:\/\/deep-darkness.org\/wpdeepdarkness\/wp-json\/wp\/v2\/pages\/818","targetHints":{"allow":["GET"]}}],"collection":[{"href":"https:\/\/deep-darkness.org\/wpdeepdarkness\/wp-json\/wp\/v2\/pages"}],"about":[{"href":"https:\/\/deep-darkness.org\/wpdeepdarkness\/wp-json\/wp\/v2\/types\/page"}],"author":[{"embeddable":true,"href":"https:\/\/deep-darkness.org\/wpdeepdarkness\/wp-json\/wp\/v2\/users\/2"}],"replies":[{"embeddable":true,"href":"https:\/\/deep-darkness.org\/wpdeepdarkness\/wp-json\/wp\/v2\/comments?post=818"}],"version-history":[{"count":12,"href":"https:\/\/deep-darkness.org\/wpdeepdarkness\/wp-json\/wp\/v2\/pages\/818\/revisions"}],"predecessor-version":[{"id":848,"href":"https:\/\/deep-darkness.org\/wpdeepdarkness\/wp-json\/wp\/v2\/pages\/818\/revisions\/848"}],"wp:attachment":[{"href":"https:\/\/deep-darkness.org\/wpdeepdarkness\/wp-json\/wp\/v2\/media?parent=818"}],"curies":[{"name":"wp","href":"https:\/\/api.w.org\/{rel}","templated":true}]}}