{"id":863,"date":"2017-10-23T19:30:28","date_gmt":"2017-10-23T17:30:28","guid":{"rendered":"http:\/\/deep-darkness.org\/wpdeepdarkness\/?page_id=863"},"modified":"2025-06-06T11:13:48","modified_gmt":"2025-06-06T09:13:48","slug":"sas-wahner-heide","status":"publish","type":"page","link":"https:\/\/deep-darkness.org\/wpdeepdarkness\/nato\/sas-wahner-heide\/","title":{"rendered":"SAS Wahner Heide"},"content":{"rendered":"<h1><span style=\"color: #ff9900;\">Sondermuntionslager Wahner Heide<\/span><\/h1>\n<p>&nbsp;<\/p>\n<p style=\"text-align: justify;\">Das ehemalige Sondermuntionslager (SAS) Wahner Heide ist ein ehemaliges Depot f\u00fcr Nuklearwaffen. Es liegt zwischen den St\u00e4dten Bonn und K\u00f6ln auf dem Gebiet der Stadt Troisdorf in Mitten der Waher Heide.<\/p>\n<p style=\"text-align: justify;\">In diesem Munitionslager waren unter dem Kommando Northag ab 1960 atomaren Sprengk\u00f6pfe des 1. Belgischen Korps eingelagert. Dabei handelte es sich um Gefechtsk\u00f6pfe f\u00fcr das Waffensystem Honest John sowie um atomare Artilleriegranaten vom Kaliber 155 mm und 203 mm. Vor\u00fcbergehend wurden hier ebenfalls Atomminen eingelagert. F\u00fcr den Einsatz der ADM-Minen waren das 1. und das 6. belgische Pionierbataillon zust\u00e4ndig.&nbsp; Die belgischen Einheiten wurden durch das &nbsp;4th und 33rd US-Army Missile Detachement unterst\u00fctzt, wobei nur die US-Soldaten unmittelbaren Zugang zu den Atomwaffen hatten.<\/p>\n<p style=\"text-align: justify;\">Im Jahre 1962 wurde die Anlage aufgeben, die entsprechenden Belgischen Einheiten wurden nach Werl verlegt; sie waren dort bis 1993 im Dienst.<\/p>\n<p>&nbsp;<\/p>\nngg_shortcode_0_placeholder\n<p><em>&nbsp;<\/em><\/p>\n<p>&nbsp;<\/p>\n<p>&nbsp;<\/p>\n","protected":false},"excerpt":{"rendered":"<p>Sondermuntionslager Wahner Heide &nbsp; Das ehemalige Sondermuntionslager (SAS) Wahner Heide ist ein ehemaliges Depot f\u00fcr Nuklearwaffen. Es liegt zwischen den St\u00e4dten Bonn und K\u00f6ln auf dem Gebiet der Stadt Troisdorf in Mitten der Waher Heide. In diesem Munitionslager waren unter dem Kommando Northag ab 1960 atomaren Sprengk\u00f6pfe des 1. Belgischen Korps eingelagert. Dabei handelte es [&hellip;]<\/p>\n","protected":false},"author":2,"featured_media":0,"parent":821,"menu_order":0,"comment_status":"closed","ping_status":"closed","template":"template-page-no-title.php","meta":{"ngg_post_thumbnail":0,"footnotes":""},"class_list":["post-863","page","type-page","status-publish","hentry"],"_links":{"self":[{"href":"https:\/\/deep-darkness.org\/wpdeepdarkness\/wp-json\/wp\/v2\/pages\/863","targetHints":{"allow":["GET"]}}],"collection":[{"href":"https:\/\/deep-darkness.org\/wpdeepdarkness\/wp-json\/wp\/v2\/pages"}],"about":[{"href":"https:\/\/deep-darkness.org\/wpdeepdarkness\/wp-json\/wp\/v2\/types\/page"}],"author":[{"embeddable":true,"href":"https:\/\/deep-darkness.org\/wpdeepdarkness\/wp-json\/wp\/v2\/users\/2"}],"replies":[{"embeddable":true,"href":"https:\/\/deep-darkness.org\/wpdeepdarkness\/wp-json\/wp\/v2\/comments?post=863"}],"version-history":[{"count":7,"href":"https:\/\/deep-darkness.org\/wpdeepdarkness\/wp-json\/wp\/v2\/pages\/863\/revisions"}],"predecessor-version":[{"id":1634,"href":"https:\/\/deep-darkness.org\/wpdeepdarkness\/wp-json\/wp\/v2\/pages\/863\/revisions\/1634"}],"up":[{"embeddable":true,"href":"https:\/\/deep-darkness.org\/wpdeepdarkness\/wp-json\/wp\/v2\/pages\/821"}],"wp:attachment":[{"href":"https:\/\/deep-darkness.org\/wpdeepdarkness\/wp-json\/wp\/v2\/media?parent=863"}],"curies":[{"name":"wp","href":"https:\/\/api.w.org\/{rel}","templated":true}]}}