{"id":92,"date":"2016-12-12T15:09:39","date_gmt":"2016-12-12T14:09:39","guid":{"rendered":"http:\/\/deep-darkness.org\/wpdeepdarkness\/?page_id=92"},"modified":"2025-06-05T16:51:58","modified_gmt":"2025-06-05T14:51:58","slug":"das-team","status":"publish","type":"page","link":"https:\/\/deep-darkness.org\/wpdeepdarkness\/das-team\/","title":{"rendered":"Das Team"},"content":{"rendered":"<h1><span style=\"color: #ff9900;\">Deep Darkness stellt sich vor<\/span><\/h1>\n<p>&nbsp;<\/p>\n<p style=\"text-align: justify;\">Was bewegt zwei Menschen dazu, sich in alte Kleidung zu werfen, um bei Sonnenschein und Hitze, Regen oder K\u00e4lte nach alten Gem\u00e4uern oder deren Eing\u00e4ngen zu suchen, um Orte betreten zu k\u00f6nnen, die vor Jahrzehnten bereits von Menschen verlassen wurden? So oder so \u00e4hnlich wird wohl die einleitende Frage formuliert sein, die sich wahrscheinlich viele der gesch\u00e4tzten Besucher unserer Website stellen werden.<\/p>\n<p style=\"text-align: justify;\"><img loading=\"lazy\" decoding=\"async\" class=\"size-full wp-image-177 aligncenter\" src=\"http:\/\/deep-darkness.org\/wpdeepdarkness\/wp-content\/uploads\/2016\/12\/team-1.jpg\" alt=\"\" width=\"800\" height=\"566\" srcset=\"https:\/\/deep-darkness.org\/wpdeepdarkness\/wp-content\/uploads\/2016\/12\/team-1.jpg 800w, https:\/\/deep-darkness.org\/wpdeepdarkness\/wp-content\/uploads\/2016\/12\/team-1-300x212.jpg 300w, https:\/\/deep-darkness.org\/wpdeepdarkness\/wp-content\/uploads\/2016\/12\/team-1-768x543.jpg 768w\" sizes=\"auto, (max-width: 800px) 100vw, 800px\" \/><\/p>\n<p style=\"text-align: justify;\">Die Erkl\u00e4rung, die wir beide f\u00fcr uns gefunden haben, ist diesbez\u00fcglich relativ simpel. Es sind die vielseitigen Facetten und einige ganz besondere Augenblicke, durch die sich das Hobby f\u00fcr uns zu etwas Besonderem entwickelt.<\/p>\n<p style=\"text-align: justify;\">Da w\u00e4re als Erstes die gesunde Portion Abenteuerlust zu benennen, die wahrscheinlich in jedem Menschen schlummert. Jene l\u00e4sst sich hervorragend mit dem sportlichen Gedanken vereinen. Denn wer schreit schon spontan freiwillig &#8222;Hier&#8220;, wenn es darum geht, stundenlang und kilometerweit durch W\u00e4lder und Dickicht zu marschieren, ohne daf\u00fcr eine Belohnung zu bekommen? Aber wie wir alle wissen, ist Bewegung bekanntlich gesund und wenn es als Belohnung daf\u00fcr ein interessantes Objekt zu erforschen gibt, so haben sich die M\u00fchen dann f\u00fcr uns auch gelohnt.<\/p>\n<p style=\"text-align: justify;\"><img loading=\"lazy\" decoding=\"async\" class=\"aligncenter size-full wp-image-183\" src=\"http:\/\/deep-darkness.org\/wpdeepdarkness\/wp-content\/uploads\/2016\/12\/team-2.jpg\" alt=\"\" width=\"640\" height=\"763\" srcset=\"https:\/\/deep-darkness.org\/wpdeepdarkness\/wp-content\/uploads\/2016\/12\/team-2.jpg 640w, https:\/\/deep-darkness.org\/wpdeepdarkness\/wp-content\/uploads\/2016\/12\/team-2-252x300.jpg 252w\" sizes=\"auto, (max-width: 640px) 100vw, 640px\" \/><\/p>\n<p style=\"text-align: justify;\">Ferner spielt das Interesse an der Geschichte, die M\u00f6glichkeit der pers\u00f6nlichen historischen Fortbildung und das Verstehen geschichtlicher Zusammenh\u00e4nge eine tragende Rolle. Jedes Bauwerk, jeder Stollen oder Schacht erz\u00e4hlt seine eigene Geschichte, die meist aber erst nach langen Recherchen in entsprechender Literatur oder Archiven verstanden werden kann. Jede Stufe, die wir herabsteigen, l\u00e4sst uns tiefer und tiefer in teilweise schon l\u00e4ngst vergessene oder auch verdr\u00e4ngte geschichtliche Epochen eindringen, die nicht unbedingt r\u00fchmlich, aber doch hoffentlich lehrreich f\u00fcr die gesamte Menschheit waren.<\/p>\n<p style=\"text-align: justify;\"><img loading=\"lazy\" decoding=\"async\" class=\"aligncenter size-full wp-image-184\" src=\"http:\/\/deep-darkness.org\/wpdeepdarkness\/wp-content\/uploads\/2016\/12\/team-3.jpg\" alt=\"\" width=\"800\" height=\"533\" srcset=\"https:\/\/deep-darkness.org\/wpdeepdarkness\/wp-content\/uploads\/2016\/12\/team-3.jpg 800w, https:\/\/deep-darkness.org\/wpdeepdarkness\/wp-content\/uploads\/2016\/12\/team-3-300x200.jpg 300w, https:\/\/deep-darkness.org\/wpdeepdarkness\/wp-content\/uploads\/2016\/12\/team-3-768x512.jpg 768w\" sizes=\"auto, (max-width: 800px) 100vw, 800px\" \/><\/p>\n<p style=\"text-align: justify;\">Die Handvoll unbelehrbarer Idioten, die sich eher durch Stammtischparolen und Wandschmierereien in Szene setzt, wird wahrscheinlich nie eines Besseren belehrt werden k\u00f6nnen. Leider finden wir deren politische Gesinnung sehr h\u00e4ufig in alten Objekten farblich auf Beton geschmiert. Dabei stellt sich die Frage, ob hinter diesen verbalen \u00c4u\u00dferungen oder grafischen Darstellungen \u00fcberzeugter Geist oder fanatisch utopischer Gr\u00f6\u00dfenwahn steht?<\/p>\n<p style=\"text-align: justify;\">Unsere Position beziehen wir ganz klar und mit Nachdruck auf der Seite <span style=\"color: #ff9900;\"><a style=\"color: #ff9900;\" href=\"http:\/\/deep-darkness.org\/wpdeepdarkness\/hinweise\/\">Hinweise<\/a><\/span>.<\/p>\n<p style=\"text-align: justify;\"><img loading=\"lazy\" decoding=\"async\" class=\"aligncenter size-full wp-image-186\" src=\"http:\/\/deep-darkness.org\/wpdeepdarkness\/wp-content\/uploads\/2016\/12\/team-4.jpg\" alt=\"\" width=\"640\" height=\"364\" srcset=\"https:\/\/deep-darkness.org\/wpdeepdarkness\/wp-content\/uploads\/2016\/12\/team-4.jpg 640w, https:\/\/deep-darkness.org\/wpdeepdarkness\/wp-content\/uploads\/2016\/12\/team-4-300x171.jpg 300w\" sizes=\"auto, (max-width: 640px) 100vw, 640px\" \/><\/p>\n<p style=\"text-align: justify;\">Ein weiterer reizvoller Punkt unseres Hobbies sind die zahlreichen sozialen Kontakte, die wir im Laufe der Zeit kn\u00fcpfen durften. Sei es zu Gleichgesinnten oder zu Zeitzeugen, auf die man zuf\u00e4llig bei Recherchen und auf Exkursionen trifft. Nicht zu vergessen all jene Menschen, die einfach so etwas zu dem Thema zu erz\u00e4hlen haben oder ihr Interesse an der Sache bekunden und uns zum Weitermachen animieren.<\/p>\n<p style=\"text-align: justify;\"><img loading=\"lazy\" decoding=\"async\" class=\"aligncenter size-full wp-image-187\" src=\"http:\/\/deep-darkness.org\/wpdeepdarkness\/wp-content\/uploads\/2016\/12\/team-5.jpg\" alt=\"\" width=\"658\" height=\"490\" srcset=\"https:\/\/deep-darkness.org\/wpdeepdarkness\/wp-content\/uploads\/2016\/12\/team-5.jpg 658w, https:\/\/deep-darkness.org\/wpdeepdarkness\/wp-content\/uploads\/2016\/12\/team-5-300x223.jpg 300w\" sizes=\"auto, (max-width: 658px) 100vw, 658px\" \/><\/p>\n<p style=\"text-align: justify;\">Wir beide kennen uns nun schon seit weit \u00fcber 30 Jahren. Wahrscheinlich hat jeder von uns, still f\u00fcr sich, seine individuelle Motivation das Hobby voranzutreiben. Denn nicht immer sind die Exkursionen erfolgreich. Aber auch wenn keine Eindr\u00fccke und Fotos eines Objekts am Ende des Tages oder eines Wochenendes mit nach Hause gebracht werden, so sind wir doch meist um einige Erfahrungen reicher, haben einige Beulen und Schrammen mehr am K\u00f6rper vom Kampf mit Mutter Natur und bringen mit Sicherheit eine Maschinenladung dreckiger W\u00e4sche f\u00fcr den &#8222;Wei\u00dfen Riesen&#8220; mit.<\/p>\n<p style=\"text-align: justify;\"><img loading=\"lazy\" decoding=\"async\" class=\"aligncenter size-full wp-image-188\" src=\"http:\/\/deep-darkness.org\/wpdeepdarkness\/wp-content\/uploads\/2016\/12\/team-6.jpg\" alt=\"\" width=\"800\" height=\"974\" srcset=\"https:\/\/deep-darkness.org\/wpdeepdarkness\/wp-content\/uploads\/2016\/12\/team-6.jpg 800w, https:\/\/deep-darkness.org\/wpdeepdarkness\/wp-content\/uploads\/2016\/12\/team-6-246x300.jpg 246w, https:\/\/deep-darkness.org\/wpdeepdarkness\/wp-content\/uploads\/2016\/12\/team-6-768x935.jpg 768w\" sizes=\"auto, (max-width: 800px) 100vw, 800px\" \/><\/p>\n<p style=\"text-align: justify;\">In einem Forum Gleichgesinnter fanden wir einmal einen Satz, der die Leidenschaft f\u00fcr unsere Unternehmungen nicht treffender h\u00e4tte formulieren k\u00f6nnen. Er lautet: &#8222;Wer einmal einen Bunker gefunden hat, der kann nicht mehr aufh\u00f6ren danach zu suchen!&#8220;<\/p>\n<p style=\"text-align: justify;\">Bleibt zum Schluss noch zu kl\u00e4ren, wie es zu dem ungew\u00f6hnlichen Namen \u201eDeep Darkness\u201c kam?! Dazu hier die Erkl\u00e4rung. In den meisten Bunkern und U-Verlagerungen herrscht absolut tiefste Finsternis. Deep Darkness halt\u2026<\/p>\n<p style=\"text-align: justify;\"><img loading=\"lazy\" decoding=\"async\" class=\"aligncenter size-full wp-image-189\" src=\"http:\/\/deep-darkness.org\/wpdeepdarkness\/wp-content\/uploads\/2016\/12\/team-7.jpg\" alt=\"\" width=\"640\" height=\"480\" srcset=\"https:\/\/deep-darkness.org\/wpdeepdarkness\/wp-content\/uploads\/2016\/12\/team-7.jpg 640w, https:\/\/deep-darkness.org\/wpdeepdarkness\/wp-content\/uploads\/2016\/12\/team-7-300x225.jpg 300w\" sizes=\"auto, (max-width: 640px) 100vw, 640px\" \/><\/p>\n<p style=\"text-align: justify;\">In diesem Sinne w\u00fcnschen wir unseren Besuchern viel Spa\u00df beim St\u00f6bern auf unserer Seite. Sollte jemand Kritik oder Anregungen haben, m\u00f6ge er sich nicht davor scheuen, mit uns Kontakt aufzunehmen(<span style=\"color: #ff9900;\"><a style=\"color: #ff9900;\" href=\"http:\/\/deep-darkness.org\/wpdeepdarkness\/kontaktformular\/\">Kontaktformular).<\/a><\/span> Unser ganz besonderer Dank gilt all denen, die uns beim Vorantreiben des Hobbies unterst\u00fctzt haben.<\/p>\n<p style=\"text-align: justify;\"><img loading=\"lazy\" decoding=\"async\" class=\"aligncenter size-full wp-image-190\" src=\"http:\/\/deep-darkness.org\/wpdeepdarkness\/wp-content\/uploads\/2016\/12\/team-8.jpg\" alt=\"\" width=\"800\" height=\"450\" srcset=\"https:\/\/deep-darkness.org\/wpdeepdarkness\/wp-content\/uploads\/2016\/12\/team-8.jpg 800w, https:\/\/deep-darkness.org\/wpdeepdarkness\/wp-content\/uploads\/2016\/12\/team-8-300x169.jpg 300w, https:\/\/deep-darkness.org\/wpdeepdarkness\/wp-content\/uploads\/2016\/12\/team-8-768x432.jpg 768w\" sizes=\"auto, (max-width: 800px) 100vw, 800px\" \/><\/p>\n<p style=\"text-align: justify;\">Abschlie\u00dfend noch der Appell an unsere Freunde und die zahlreichen Gleichgesinnten. Haltet euch immer die Gefahren und Risiken vor Augen, sodass wir alle immer wohlbehalten von unseren Touren zur\u00fcckkehren.<\/p>\n<p style=\"text-align: justify;\">Wir interessieren uns jederzeit f\u00fcr Tipps zu Objekten, die in unseren Themenbereich fallen k\u00f6nnten. Schreibt uns dazu einfach an.<\/p>\n<p style=\"text-align: justify;\">Marc &amp; Michael<br \/>\nTeam Deep Darkness<\/p>\n","protected":false},"excerpt":{"rendered":"<p>Deep Darkness stellt sich vor &nbsp; Was bewegt zwei Menschen dazu, sich in alte Kleidung zu werfen, um bei Sonnenschein und Hitze, Regen oder K\u00e4lte nach alten Gem\u00e4uern oder deren Eing\u00e4ngen zu suchen, um Orte betreten zu k\u00f6nnen, die vor Jahrzehnten bereits von Menschen verlassen wurden? So oder so \u00e4hnlich wird wohl die einleitende Frage [&hellip;]<\/p>\n","protected":false},"author":2,"featured_media":0,"parent":0,"menu_order":0,"comment_status":"closed","ping_status":"closed","template":"template-page-no-title.php","meta":{"ngg_post_thumbnail":0,"footnotes":""},"class_list":["post-92","page","type-page","status-publish","hentry"],"_links":{"self":[{"href":"https:\/\/deep-darkness.org\/wpdeepdarkness\/wp-json\/wp\/v2\/pages\/92","targetHints":{"allow":["GET"]}}],"collection":[{"href":"https:\/\/deep-darkness.org\/wpdeepdarkness\/wp-json\/wp\/v2\/pages"}],"about":[{"href":"https:\/\/deep-darkness.org\/wpdeepdarkness\/wp-json\/wp\/v2\/types\/page"}],"author":[{"embeddable":true,"href":"https:\/\/deep-darkness.org\/wpdeepdarkness\/wp-json\/wp\/v2\/users\/2"}],"replies":[{"embeddable":true,"href":"https:\/\/deep-darkness.org\/wpdeepdarkness\/wp-json\/wp\/v2\/comments?post=92"}],"version-history":[{"count":24,"href":"https:\/\/deep-darkness.org\/wpdeepdarkness\/wp-json\/wp\/v2\/pages\/92\/revisions"}],"predecessor-version":[{"id":1603,"href":"https:\/\/deep-darkness.org\/wpdeepdarkness\/wp-json\/wp\/v2\/pages\/92\/revisions\/1603"}],"wp:attachment":[{"href":"https:\/\/deep-darkness.org\/wpdeepdarkness\/wp-json\/wp\/v2\/media?parent=92"}],"curies":[{"name":"wp","href":"https:\/\/api.w.org\/{rel}","templated":true}]}}